{"id":6577,"date":"2026-02-07T17:57:59","date_gmt":"2026-02-07T17:57:59","guid":{"rendered":"https:\/\/mickeysurfschool.com\/?page_id=6577"},"modified":"2026-02-16T02:27:38","modified_gmt":"2026-02-16T02:27:38","slug":"%e6%9d%a1%e6%ac%be%e6%9d%a1%e4%bb%b6","status":"publish","type":"page","link":"https:\/\/mickeysurfschool.com\/zh\/terms-conditions\/","title":{"rendered":"\u6761\u6b3e\u548c\u6761\u4ef6"},"content":{"rendered":"<body>\n<div class=\"section-wrap\">\n<div class=\"section-inner\">\n<h1 class=\"wp-block-heading\"><strong>\u6761\u6b3e\u548c\u6761\u4ef6<\/strong><\/h1>\n\n\n\n<p><strong>\u751f\u6548\u65e5\u671f\uff1a<\/strong> 2026 \u5e74 2 \u6708 7 \u65e5<\/p>\n\n\n\n<hr class=\"wp-block-separator has-alpha-channel-opacity\">\n\n\n\n<h2 class=\"wp-block-heading\"><strong>1.\u63a5\u53d7\u6761\u6b3e<\/strong><\/h2>\n\n\n\n<p>\u8bbf\u95ee\u6216\u4f7f\u7528\u672c\u7f51\u7ad9\u6216\u53c2\u4e0e\u7c73\u5947\u51b2\u6d6a\u5b66\u6821\u63d0\u4f9b\u7684\u4efb\u4f55\u670d\u52a1\uff0c\u5373\u8868\u793a\u60a8\u540c\u610f\u63a5\u53d7\u8fd9\u4e9b\u6761\u6b3e\u548c\u6761\u4ef6\u7684\u7ea6\u675f\u3002.<\/p>\n\n\n\n<p>\u5982\u679c\u60a8\u4e0d\u540c\u610f\uff0c\u8bf7\u52ff\u4f7f\u7528\u672c\u7f51\u7ad9\u6216\u6211\u4eec\u7684\u670d\u52a1\u3002.<\/p>\n\n\n\n<hr class=\"wp-block-separator has-alpha-channel-opacity\">\n\n\n\n<h2 class=\"wp-block-heading\"><strong>2.\u63d0\u4f9b\u7684\u670d\u52a1<\/strong><\/h2>\n\n\n\n<p>\u7c73\u5947\u51b2\u6d6a\u5b66\u6821\u63d0\u4f9b\u4f46\u4e0d\u9650\u4e8e\uff1a<\/p>\n\n\n\n<ul class=\"wp-block-list\">\n<li>\u79c1\u4eba\u51b2\u6d6a\u8bfe\u7a0b<\/li>\n\n\n\n<li>\u534a\u79c1\u4eba\u51b2\u6d6a\u8bfe\u7a0b<\/li>\n\n\n\n<li>\u96c6\u4f53\u51b2\u6d6a\u8bfe\u7a0b<\/li>\n\n\n\n<li>\u513f\u7ae5\u51b2\u6d6a\u8bfe\u7a0b<\/li>\n\n\n\n<li>\u5bb6\u5ead\u51b2\u6d6a\u8bfe\u7a0b<\/li>\n\n\n\n<li>\u9ad8\u7ea7\u51b2\u6d6a\u8bfe\u7a0b<\/li>\n\n\n\n<li>\u7ad9\u7acb\u5212\u6868\u8bfe\u7a0b<\/li>\n\n\n\n<li>\u51b2\u6d6a\u677f\u79df\u8d41<\/li>\n\n\n\n<li>\u51b2\u6d6a\u4e4b\u65c5<\/li>\n<\/ul>\n\n\n\n<p>\u6240\u6709\u670d\u52a1\u5747\u5728 <strong>\u6237\u5916\u6d77\u6d0b\u73af\u5883<\/strong> \u5e76\u6d89\u53ca\u56fa\u6709\u98ce\u9669\u3002.<\/p>\n\n\n\n<hr class=\"wp-block-separator has-alpha-channel-opacity\">\n\n\n\n<h2 class=\"wp-block-heading\"><strong>3.\u627f\u62c5\u98ce\u9669<\/strong><\/h2>\n\n\n\n<p>\u60a8\u627f\u8ba4\u5e76\u540c\u610f<\/p>\n\n\n\n<ul class=\"wp-block-list\">\n<li>\u51b2\u6d6a\u548c\u6d77\u6d0b\u6d3b\u52a8\u672c\u8eab\u5177\u6709\u5371\u9669\u6027<\/li>\n\n\n\n<li>\u6761\u4ef6\u53ef\u80fd\u5305\u62ec\u5f3a\u6d41\u3001\u6d77\u6d6a\u3001\u6d77\u6d0b\u751f\u7269\u3001\u5929\u6c14\u53d8\u5316\u548c\u4f53\u529b\u6d88\u8017<\/li>\n\n\n\n<li>\u53ef\u80fd\u53d1\u751f\u4f24\u5bb3\u3001\u75be\u75c5\u3001\u8d22\u4ea7\u635f\u5931\u6216\u6b7b\u4ea1<\/li>\n<\/ul>\n\n\n\n<p>\u53c2\u4e0e\u98ce\u9669\u81ea\u8d1f\u3002.<\/p>\n\n\n\n<hr class=\"wp-block-separator has-alpha-channel-opacity\">\n\n\n\n<h2 class=\"wp-block-heading\"><strong>4.\u8d23\u4efb\u9650\u5236<\/strong><\/h2>\n\n\n\n<p>\u81f4 <strong>\u5728\u6cd5\u5f8b\u5141\u8bb8\u7684\u6700\u5927\u8303\u56f4\u5185<\/strong>, \u7c73\u5947\u51b2\u6d6a\u5b66\u6821\uff08Mickey's Surf School\uff09\u548c\u7c73\u5361-\u76ae\u5fb7\u74e6\u5947\uff08Micah Piedvache\uff09\u5e94 <strong>\u4e0d\u8d1f\u8d23\u4efb<\/strong> \u5bf9\u4e8e\u4efb\u4f55<\/p>\n\n\n\n<ul class=\"wp-block-list\">\n<li>\u4f24\u5bb3<\/li>\n\n\n\n<li>\u635f\u5931<\/li>\n\n\n\n<li>\u635f\u574f<\/li>\n\n\n\n<li>\u5ef6\u8fdf<\/li>\n\n\n\n<li>\u53d6\u6d88\u9884\u8ba2<\/li>\n\n\n\n<li>\u4e2a\u4eba\u8d22\u4ea7\u635f\u5931<\/li>\n\n\n\n<li>\u7cbe\u795e\u75db\u82e6<\/li>\n<\/ul>\n\n\n\n<p>\u65e0\u8bba\u662f\u5426\u56e0\u758f\u5ffd\u6216\u5176\u4ed6\u539f\u56e0\u5f15\u8d77\uff0c\u672c\u6761\u6b3e\u5747\u9002\u7528\u3002.<\/p>\n\n\n\n<hr class=\"wp-block-separator has-alpha-channel-opacity\">\n\n\n\n<h2 class=\"wp-block-heading\"><strong>5.\u8d54\u507f<\/strong><\/h2>\n\n\n\n<p>\u60a8\u540c\u610f\u8d54\u507f Mickey's Surf School \u548c Micah Piedvache \u56e0\u4ee5\u4e0b\u539f\u56e0\u5f15\u8d77\u7684\u4efb\u4f55\u7d22\u8d54\u3001\u635f\u5bb3\u6216\u8d39\u7528\uff0c\u5e76\u4f7f\u5176\u514d\u53d7\u635f\u5bb3\uff1a<\/p>\n\n\n\n<ul class=\"wp-block-list\">\n<li>\u60a8\u53c2\u4e0e\u7684\u670d\u52a1<\/li>\n\n\n\n<li>\u60a8\u5bf9\u672c\u7f51\u7ad9\u7684\u4f7f\u7528<\/li>\n\n\n\n<li>\u8fdd\u53cd\u8fd9\u4e9b\u6761\u6b3e<\/li>\n<\/ul>\n\n\n\n<hr class=\"wp-block-separator has-alpha-channel-opacity\">\n\n\n\n<h2 class=\"wp-block-heading\"><strong>6.\u9884\u8ba2\u7533\u8bf7\u548c\u4ed8\u6b3e<\/strong><\/h2>\n\n\n\n<ul class=\"wp-block-list\">\n<li>\u9884\u8ba2\u7533\u8bf7\u901a\u8fc7\u8868\u683c\u63d0\u4ea4<\/li>\n\n\n\n<li>\u672a\u4f7f\u7528\u5728\u7ebf\u652f\u4ed8\u7f51\u5173<\/li>\n\n\n\n<li>\u76f4\u63a5\u5904\u7406\u5b9a\u4ef7\u3001\u53ef\u7528\u6027\u548c\u786e\u8ba4\u4e8b\u5b9c<\/li>\n\n\n\n<li>\u6211\u4eec\u4fdd\u7559\u81ea\u884c\u51b3\u5b9a\u62d2\u7edd\u63d0\u4f9b\u670d\u52a1\u7684\u6743\u5229<\/li>\n<\/ul>\n\n\n\n<hr class=\"wp-block-separator has-alpha-channel-opacity\">\n\n\n\n<h2 class=\"wp-block-heading\"><strong>7.\u53d6\u6d88\u548c\u53d8\u66f4<\/strong><\/h2>\n\n\n\n<p>\u5929\u6c14\u3001\u6d77\u6d0b\u6761\u4ef6\u6216\u5b89\u5168\u8003\u8651\u53ef\u80fd\u9700\u8981\uff1a<\/p>\n\n\n\n<ul class=\"wp-block-list\">\n<li>\u6539\u671f<\/li>\n\n\n\n<li>\u4fee\u6539<\/li>\n\n\n\n<li>\u53d6\u6d88\u670d\u52a1<\/li>\n<\/ul>\n\n\n\n<p>\u8fd9\u4e9b\u51b3\u5b9a\u662f\u6700\u7ec8\u51b3\u5b9a\uff0c\u662f\u4e3a\u4e86\u5b89\u5168\u8d77\u89c1\u3002.<\/p>\n\n\n\n<hr class=\"wp-block-separator has-alpha-channel-opacity\">\n\n\n\n<h2 class=\"wp-block-heading\"><strong>8.\u77e5\u8bc6\u4ea7\u6743<\/strong><\/h2>\n\n\n\n<p>\u9664\u975e\u53e6\u6709\u8bf4\u660e\uff0c\u672c\u7f51\u7ad9\u4e0a\u7684\u6240\u6709\u5185\u5bb9\uff0c\u5305\u62ec\u6587\u672c\u3001\u56fe\u50cf\u3001\u5fbd\u6807\u548c\u54c1\u724c\uff0c\u5747\u4e3a\u7c73\u5947\u51b2\u6d6a\u5b66\u6821\u7684\u8d22\u4ea7\u3002.<\/p>\n\n\n\n<p>\u7981\u6b62\u672a\u7ecf\u6388\u6743\u4f7f\u7528\u3002.<\/p>\n\n\n\n<hr class=\"wp-block-separator has-alpha-channel-opacity\">\n\n\n\n<h2 class=\"wp-block-heading\"><strong>9.\u4ef2\u88c1<\/strong><\/h2>\n\n\n\n<p>\u56e0\u672c\u6761\u6b3e\u6216\u670d\u52a1\u5f15\u8d77\u7684\u6216\u4e0e\u4e4b\u76f8\u5173\u7684\u4efb\u4f55\u4e89\u8bae\u5e94\u901a\u8fc7\u4ee5\u4e0b\u65b9\u5f0f\u89e3\u51b3 <strong>\u5177\u6709\u7ea6\u675f\u529b\u7684\u4ef2\u88c1<\/strong>, \u800c\u4e0d\u662f\u6cd5\u5ead\u8bc9\u8bbc\u3002.<\/p>\n\n\n\n<p>\u4ef2\u88c1\u5e94\u5728\u590f\u5a01\u5937\u5dde\u8fdb\u884c\u3002.<\/p>\n\n\n\n<hr class=\"wp-block-separator has-alpha-channel-opacity\">\n\n\n\n<h2 class=\"wp-block-heading\"><strong>10.\u51c6\u636e\u6cd5<\/strong><\/h2>\n\n\n\n<p>\u672c\u6761\u6b3e\u53d7\u4ee5\u4e0b\u6cd5\u5f8b\u7ba1\u8f96 <strong>\u590f\u5a01\u5937\u5dde<\/strong>, \u5728\u4e0d\u8003\u8651\u6cd5\u5f8b\u51b2\u7a81\u539f\u5219\u7684\u60c5\u51b5\u4e0b\u3002.<\/p>\n\n\n\n<hr class=\"wp-block-separator has-alpha-channel-opacity\">\n\n\n\n<h2 class=\"wp-block-heading\"><strong>11.\u53ef\u5206\u5272\u6027<\/strong><\/h2>\n\n\n\n<p>\u5982\u679c\u8fd9\u4e9b\u6761\u6b3e\u4e2d\u7684\u4efb\u4f55\u89c4\u5b9a\u88ab\u8ba4\u5b9a\u4e3a\u4e0d\u53ef\u6267\u884c\uff0c\u5219\u5176\u4f59\u89c4\u5b9a\u4ecd\u7136\u6709\u6548\u3002.<\/p>\n\n\n\n<hr class=\"wp-block-separator has-alpha-channel-opacity\">\n\n\n\n<h2 class=\"wp-block-heading\"><strong>12.\u6761\u6b3e\u53d8\u66f4<\/strong><\/h2>\n\n\n\n<p>\u6761\u6b3e\u53ef\u968f\u65f6\u66f4\u65b0\u3002.<\/p>\n\n\n\n<p>\u7ee7\u7eed\u4f7f\u7528\u5373\u8868\u793a\u63a5\u53d7\u6700\u65b0\u6761\u6b3e\u3002.<\/p>\n\n\n\n<hr class=\"wp-block-separator has-alpha-channel-opacity\">\n\n\n\n<h2 class=\"wp-block-heading\"><strong>13.\u8054\u7cfb\u65b9\u5f0f<\/strong><\/h2>\n\n\n\n<p>Micah Piedvache<\/p>\n\n\n\n<p>2412 Koa Ave<\/p>\n\n\n\n<p>\u590f\u5a01\u5937\u5dde\u6a80\u9999\u5c71 96815-3206<\/p>\n\n\n\n<p>\u7535\u8bdd\uff1a808-218-5238<\/p>\n<\/div>\n<\/div>\n<\/body>","protected":false},"excerpt":{"rendered":"<p>\u6761\u6b3e\u548c\u6761\u4ef6 \u751f\u6548\u65e5\u671f\uff1a2026 \u5e74 2 \u6708 7 \u65e52026 \u5e74 2 \u6708 7 \u65e5 1.\u63a5\u53d7\u6761\u6b3e \u8bbf\u95ee\u6216\u4f7f\u7528\u672c\u7f51\u7ad9\u6216\u53c2\u4e0e\u7c73\u5947\u51b2\u6d6a\u5b66\u6821\u63d0\u4f9b\u7684\u4efb\u4f55\u670d\u52a1\uff0c\u5373\u8868\u793a\u60a8\u540c\u610f\u63a5\u53d7\u8fd9\u4e9b\u6761\u6b3e\u548c\u6761\u4ef6\u7684\u7ea6\u675f\u3002\u5982\u679c\u60a8\u4e0d\u540c\u610f\uff0c\u8bf7\u52ff\u4f7f\u7528\u672c\u7f51\u7ad9\u6216\u6211\u4eec\u7684\u670d\u52a1\u30022.\u7c73\u5947\u51b2\u6d6a\u5b66\u6821\u63d0\u4f9b\u7684\u670d\u52a1 ... <a title=\"\u6761\u6b3e\u548c\u6761\u4ef6\" class=\"read-more\" href=\"https:\/\/mickeysurfschool.com\/zh\/terms-conditions\/\" aria-label=\"\u9605\u8bfb \u6761\u6b3e\u548c\u6761\u4ef6\">\u9605\u8bfb\u66f4\u591a<\/a><\/p>","protected":false},"author":1,"featured_media":6421,"parent":0,"menu_order":0,"comment_status":"closed","ping_status":"closed","template":"","meta":{"_acf_changed":false,"nf_dc_page":"","footnotes":""},"class_list":["post-6577","page","type-page","status-publish","has-post-thumbnail"],"acf":{"hero_image_mobile":6420,"keyword_data":""},"yoast_head":"<title>Waik\u012bk\u012b History, Culture, Surfing &amp; Local Life<\/title>\n<meta name=\"description\" content=\"Explore Waik\u012bk\u012b as a living neighborhood, not just a resort. Learn its history, cultural layers, daily life, and why surfing remains central to Waik\u012bk\u012b\u2019s identity.\" \/>\n<meta name=\"robots\" content=\"noindex, follow\" \/>\n<meta property=\"og:locale\" content=\"zh_CN\" \/>\n<meta property=\"og:type\" content=\"article\" \/>\n<meta property=\"og:title\" content=\"Waik\u012bk\u012b History, Culture, Surfing &amp; Local Life\" \/>\n<meta property=\"og:description\" content=\"Explore Waik\u012bk\u012b as a living neighborhood, not just a resort. Learn its history, cultural layers, daily life, and why surfing remains central to Waik\u012bk\u012b\u2019s identity.\" \/>\n<meta property=\"og:url\" content=\"https:\/\/mickeysurfschool.com\/zh\/\u5a01\u57fa\u57fa\/\" \/>\n<meta property=\"og:site_name\" content=\"Mickey&#039;s Surf School\" \/>\n<meta property=\"article:publisher\" content=\"https:\/\/www.facebook.com\/p\/Mickeys-surf-school-100081267286467\/\" \/>\n<meta property=\"article:modified_time\" content=\"2026-02-16T02:27:38+00:00\" \/>\n<meta property=\"og:image\" content=\"https:\/\/mickeysurfschool.com\/wp-content\/uploads\/2026\/02\/waikiki-surfing-d.webp\" \/>\n\t<meta property=\"og:image:width\" content=\"2560\" \/>\n\t<meta property=\"og:image:height\" content=\"1440\" \/>\n\t<meta property=\"og:image:type\" content=\"image\/webp\" \/>\n<meta name=\"twitter:card\" content=\"summary_large_image\" \/>\n<meta name=\"twitter:label1\" content=\"\u9884\u8ba1\u9605\u8bfb\u65f6\u95f4\" \/>\n\t<meta name=\"twitter:data1\" content=\"3 \u5206\" \/>\n<script type=\"application\/ld+json\" class=\"yoast-schema-graph\">{\"@context\":\"https:\\\/\\\/schema.org\",\"@graph\":[{\"@type\":\"WebPage\",\"@id\":\"https:\\\/\\\/mickeysurfschool.com\\\/zh\\\/terms-conditions\\\/\",\"url\":\"https:\\\/\\\/mickeysurfschool.com\\\/zh\\\/terms-conditions\\\/\",\"name\":\"Waik\u012bk\u012b History, Culture, Surfing & Local Life\",\"isPartOf\":{\"@id\":\"https:\\\/\\\/mickeysurfschool.com\\\/#website\"},\"primaryImageOfPage\":{\"@id\":\"https:\\\/\\\/mickeysurfschool.com\\\/zh\\\/terms-conditions\\\/#primaryimage\"},\"image\":{\"@id\":\"https:\\\/\\\/mickeysurfschool.com\\\/zh\\\/terms-conditions\\\/#primaryimage\"},\"thumbnailUrl\":\"https:\\\/\\\/mickeysurfschool.com\\\/wp-content\\\/uploads\\\/2026\\\/02\\\/waikiki-surfing-d.webp\",\"datePublished\":\"2026-02-07T17:57:59+00:00\",\"dateModified\":\"2026-02-16T02:27:38+00:00\",\"description\":\"Explore Waik\u012bk\u012b as a living neighborhood, not just a resort. Learn its history, cultural layers, daily life, and why surfing remains central to Waik\u012bk\u012b\u2019s identity.\",\"breadcrumb\":{\"@id\":\"https:\\\/\\\/mickeysurfschool.com\\\/zh\\\/terms-conditions\\\/#breadcrumb\"},\"inLanguage\":\"zh-Hans\",\"potentialAction\":[{\"@type\":\"ReadAction\",\"target\":[\"https:\\\/\\\/mickeysurfschool.com\\\/zh\\\/terms-conditions\\\/\"]}]},{\"@type\":\"ImageObject\",\"inLanguage\":\"zh-Hans\",\"@id\":\"https:\\\/\\\/mickeysurfschool.com\\\/zh\\\/terms-conditions\\\/#primaryimage\",\"url\":\"https:\\\/\\\/mickeysurfschool.com\\\/wp-content\\\/uploads\\\/2026\\\/02\\\/waikiki-surfing-d.webp\",\"contentUrl\":\"https:\\\/\\\/mickeysurfschool.com\\\/wp-content\\\/uploads\\\/2026\\\/02\\\/waikiki-surfing-d.webp\",\"width\":2560,\"height\":1440},{\"@type\":\"BreadcrumbList\",\"@id\":\"https:\\\/\\\/mickeysurfschool.com\\\/zh\\\/terms-conditions\\\/#breadcrumb\",\"itemListElement\":[{\"@type\":\"ListItem\",\"position\":1,\"name\":\"Home\",\"item\":\"https:\\\/\\\/mickeysurfschool.com\\\/\"},{\"@type\":\"ListItem\",\"position\":2,\"name\":\"Terms &amp; Conditions\",\"item\":\"https:\\\/\\\/mickeysurfschool.com\\\/zh\\\/\"}]},{\"@type\":\"WebSite\",\"@id\":\"https:\\\/\\\/mickeysurfschool.com\\\/#website\",\"url\":\"https:\\\/\\\/mickeysurfschool.com\\\/\",\"name\":\"Mickeys Surf School\",\"description\":\"\",\"publisher\":{\"@id\":\"https:\\\/\\\/mickeysurfschool.com\\\/#organization\"},\"inLanguage\":\"zh-Hans\"},{\"@type\":\"Organization\",\"@id\":\"https:\\\/\\\/mickeysurfschool.com\\\/#organization\",\"name\":\"Mickeys Surf School\",\"url\":\"https:\\\/\\\/mickeysurfschool.com\\\/\",\"logo\":{\"@type\":\"ImageObject\",\"inLanguage\":\"zh-Hans\",\"@id\":\"https:\\\/\\\/mickeysurfschool.com\\\/#\\\/schema\\\/logo\\\/image\\\/\",\"url\":\"https:\\\/\\\/mickeysurfschool.com\\\/wp-content\\\/uploads\\\/2025\\\/11\\\/mickey_surf_school_logo-black.svg\",\"contentUrl\":\"https:\\\/\\\/mickeysurfschool.com\\\/wp-content\\\/uploads\\\/2025\\\/11\\\/mickey_surf_school_logo-black.svg\",\"width\":77,\"height\":80,\"caption\":\"Mickeys Surf School\"},\"image\":{\"@id\":\"https:\\\/\\\/mickeysurfschool.com\\\/#\\\/schema\\\/logo\\\/image\\\/\"},\"sameAs\":[\"https:\\\/\\\/www.facebook.com\\\/p\\\/Mickeys-surf-school-100081267286467\\\/\",\"https:\\\/\\\/www.instagram.com\\\/mickeysurfschool\\\/?hl=en\",\"https:\\\/\\\/www.tiktok.com\\\/@mickeysurfschool\"]}]}<\/script>","yoast_head_json":{"title":"\u5a01\u57fa\u57fa\u5386\u53f2\u3001\u6587\u5316\u3001\u51b2\u6d6a\u548c\u5f53\u5730\u751f\u6d3b","description":"\u5c06\u5a01\u57fa\u57fa\u4f5c\u4e3a\u4e00\u4e2a\u751f\u6d3b\u8857\u533a\u6765\u63a2\u7d22\uff0c\u800c\u4e0d\u4ec5\u4ec5\u662f\u4e00\u4e2a\u5ea6\u5047\u80dc\u5730\u3002\u4e86\u89e3\u5176\u5386\u53f2\u3001\u6587\u5316\u5c42\u6b21\u3001\u65e5\u5e38\u751f\u6d3b\uff0c\u4ee5\u53ca\u4e3a\u4ec0\u4e48\u51b2\u6d6a\u4ecd\u7136\u662f\u5a01\u57fa\u57fa\u7684\u6838\u5fc3\u7279\u5f81\u3002.","robots":{"index":"noindex","follow":"follow"},"og_locale":"zh_CN","og_type":"article","og_title":"Waik\u012bk\u012b History, Culture, Surfing & Local Life","og_description":"Explore Waik\u012bk\u012b as a living neighborhood, not just a resort. Learn its history, cultural layers, daily life, and why surfing remains central to Waik\u012bk\u012b\u2019s identity.","og_url":"https:\/\/mickeysurfschool.com\/zh\/\u5a01\u57fa\u57fa\/","og_site_name":"Mickey&#039;s Surf School","article_publisher":"https:\/\/www.facebook.com\/p\/Mickeys-surf-school-100081267286467\/","article_modified_time":"2026-02-16T02:27:38+00:00","og_image":[{"width":2560,"height":1440,"url":"https:\/\/mickeysurfschool.com\/wp-content\/uploads\/2026\/02\/waikiki-surfing-d.webp","type":"image\/webp"}],"twitter_card":"summary_large_image","twitter_misc":{"\u9884\u8ba1\u9605\u8bfb\u65f6\u95f4":"3 \u5206"},"schema":{"@context":"https:\/\/schema.org","@graph":[{"@type":"WebPage","@id":"https:\/\/mickeysurfschool.com\/zh\/terms-conditions\/","url":"https:\/\/mickeysurfschool.com\/zh\/terms-conditions\/","name":"\u5a01\u57fa\u57fa\u5386\u53f2\u3001\u6587\u5316\u3001\u51b2\u6d6a\u548c\u5f53\u5730\u751f\u6d3b","isPartOf":{"@id":"https:\/\/mickeysurfschool.com\/#website"},"primaryImageOfPage":{"@id":"https:\/\/mickeysurfschool.com\/zh\/terms-conditions\/#primaryimage"},"image":{"@id":"https:\/\/mickeysurfschool.com\/zh\/terms-conditions\/#primaryimage"},"thumbnailUrl":"https:\/\/mickeysurfschool.com\/wp-content\/uploads\/2026\/02\/waikiki-surfing-d.webp","datePublished":"2026-02-07T17:57:59+00:00","dateModified":"2026-02-16T02:27:38+00:00","description":"\u5c06\u5a01\u57fa\u57fa\u4f5c\u4e3a\u4e00\u4e2a\u751f\u6d3b\u8857\u533a\u6765\u63a2\u7d22\uff0c\u800c\u4e0d\u4ec5\u4ec5\u662f\u4e00\u4e2a\u5ea6\u5047\u80dc\u5730\u3002\u4e86\u89e3\u5176\u5386\u53f2\u3001\u6587\u5316\u5c42\u6b21\u3001\u65e5\u5e38\u751f\u6d3b\uff0c\u4ee5\u53ca\u4e3a\u4ec0\u4e48\u51b2\u6d6a\u4ecd\u7136\u662f\u5a01\u57fa\u57fa\u7684\u6838\u5fc3\u7279\u5f81\u3002.","breadcrumb":{"@id":"https:\/\/mickeysurfschool.com\/zh\/terms-conditions\/#breadcrumb"},"inLanguage":"zh-Hans","potentialAction":[{"@type":"ReadAction","target":["https:\/\/mickeysurfschool.com\/zh\/terms-conditions\/"]}]},{"@type":"ImageObject","inLanguage":"zh-Hans","@id":"https:\/\/mickeysurfschool.com\/zh\/terms-conditions\/#primaryimage","url":"https:\/\/mickeysurfschool.com\/wp-content\/uploads\/2026\/02\/waikiki-surfing-d.webp","contentUrl":"https:\/\/mickeysurfschool.com\/wp-content\/uploads\/2026\/02\/waikiki-surfing-d.webp","width":2560,"height":1440},{"@type":"BreadcrumbList","@id":"https:\/\/mickeysurfschool.com\/zh\/terms-conditions\/#breadcrumb","itemListElement":[{"@type":"ListItem","position":1,"name":"Home","item":"https:\/\/mickeysurfschool.com\/"},{"@type":"ListItem","position":2,"name":"Terms &amp; Conditions","item":"https:\/\/mickeysurfschool.com\/zh\/"}]},{"@type":"WebSite","@id":"https:\/\/mickeysurfschool.com\/#website","url":"https:\/\/mickeysurfschool.com\/","name":"\u7c73\u5947\u51b2\u6d6a\u5b66\u6821","description":"","publisher":{"@id":"https:\/\/mickeysurfschool.com\/#organization"},"inLanguage":"zh-Hans"},{"@type":"Organization","@id":"https:\/\/mickeysurfschool.com\/#organization","name":"\u7c73\u5947\u51b2\u6d6a\u5b66\u6821","url":"https:\/\/mickeysurfschool.com\/","logo":{"@type":"ImageObject","inLanguage":"zh-Hans","@id":"https:\/\/mickeysurfschool.com\/#\/schema\/logo\/image\/","url":"https:\/\/mickeysurfschool.com\/wp-content\/uploads\/2025\/11\/mickey_surf_school_logo-black.svg","contentUrl":"https:\/\/mickeysurfschool.com\/wp-content\/uploads\/2025\/11\/mickey_surf_school_logo-black.svg","width":77,"height":80,"caption":"Mickeys Surf School"},"image":{"@id":"https:\/\/mickeysurfschool.com\/#\/schema\/logo\/image\/"},"sameAs":["https:\/\/www.facebook.com\/p\/Mickeys-surf-school-100081267286467\/","https:\/\/www.instagram.com\/mickeysurfschool\/?hl=en","https:\/\/www.tiktok.com\/@mickeysurfschool"]}]}},"_links":{"self":[{"href":"https:\/\/mickeysurfschool.com\/zh\/wp-json\/wp\/v2\/pages\/6577","targetHints":{"allow":["GET"]}}],"collection":[{"href":"https:\/\/mickeysurfschool.com\/zh\/wp-json\/wp\/v2\/pages"}],"about":[{"href":"https:\/\/mickeysurfschool.com\/zh\/wp-json\/wp\/v2\/types\/page"}],"author":[{"embeddable":true,"href":"https:\/\/mickeysurfschool.com\/zh\/wp-json\/wp\/v2\/users\/1"}],"replies":[{"embeddable":true,"href":"https:\/\/mickeysurfschool.com\/zh\/wp-json\/wp\/v2\/comments?post=6577"}],"version-history":[{"count":3,"href":"https:\/\/mickeysurfschool.com\/zh\/wp-json\/wp\/v2\/pages\/6577\/revisions"}],"predecessor-version":[{"id":6606,"href":"https:\/\/mickeysurfschool.com\/zh\/wp-json\/wp\/v2\/pages\/6577\/revisions\/6606"}],"wp:featuredmedia":[{"embeddable":true,"href":"https:\/\/mickeysurfschool.com\/zh\/wp-json\/wp\/v2\/media\/6421"}],"wp:attachment":[{"href":"https:\/\/mickeysurfschool.com\/zh\/wp-json\/wp\/v2\/media?parent=6577"}],"curies":[{"name":"wp","href":"https:\/\/api.w.org\/{rel}","templated":true}]}}