{"id":6576,"date":"2026-02-07T17:58:33","date_gmt":"2026-02-07T17:58:33","guid":{"rendered":"https:\/\/mickeysurfschool.com\/?page_id=6576"},"modified":"2026-02-16T02:28:01","modified_gmt":"2026-02-16T02:28:01","slug":"%e9%9a%90%e7%a7%81%e6%94%bf%e7%ad%96","status":"publish","type":"page","link":"https:\/\/mickeysurfschool.com\/zh\/privacy-policy\/","title":{"rendered":"\u9690\u79c1\u653f\u7b56"},"content":{"rendered":"<body>\n<div class=\"section-wrap\">\n<div class=\"section-inner\">\n<h1 class=\"wp-block-heading\"><strong>\u9690\u79c1\u653f\u7b56<\/strong><\/h1>\n\n\n\n<p><strong>\u751f\u6548\u65e5\u671f\uff1a<\/strong> 2026 \u5e74 2 \u6708 7 \u65e5<\/p>\n\n\n\n<h2 class=\"wp-block-heading\"><strong>1.\u6211\u4eec\u662f\u8c01<\/strong><\/h2>\n\n\n\n<p>\u7c73\u5947\u51b2\u6d6a\u5b66\u6821<\/p>\n\n\n\n<p>\u8fd0\u8425\u65b9\uff1a <strong>Micah Piedvache<\/strong><\/p>\n\n\n\n<p>\u5730\u5740 <strong>2412 Koa Ave, Honolulu, HI 96815-3206<\/strong><\/p>\n\n\n\n<p>\u7535\u8bdd <strong>808-218-5238<\/strong><\/p>\n\n\n\n<p>\u7f51\u7ad9\uff1a <strong>https:\/\/mickeysurfschool.com<\/strong><\/p>\n\n\n\n<p>\u672c\u9690\u79c1\u653f\u7b56\u9002\u7528\u4e8e\u672c\u7f51\u7ad9\u7684\u6240\u6709\u8bbf\u95ee\u8005\u3001\u7528\u6237\u548c\u5ba2\u6237\u3002.<\/p>\n\n\n\n<hr class=\"wp-block-separator has-alpha-channel-opacity\">\n\n\n\n<h2 class=\"wp-block-heading\"><strong>2.\u6211\u4eec\u6536\u96c6\u7684\u4fe1\u606f<\/strong><\/h2>\n\n\n\n<h3 class=\"wp-block-heading\"><strong>a.\u60a8\u81ea\u613f\u63d0\u4f9b\u7684\u4fe1\u606f<\/strong><\/h3>\n\n\n\n<p>\u6211\u4eec\u53ef\u80fd\u5728\u4ee5\u4e0b\u60c5\u51b5\u4e0b\u6536\u96c6\u4e2a\u4eba\u4fe1\u606f<\/p>\n\n\n\n<ul class=\"wp-block-list\">\n<li>\u63d0\u4ea4\u8054\u7cfb\u8868\u683c<\/li>\n\n\n\n<li>\u63d0\u4ea4\u9884\u8ba2\u8bf7\u6c42<\/li>\n<\/ul>\n\n\n\n<p>\u8fd9\u4e9b\u4fe1\u606f\u53ef\u80fd\u5305\u62ec<\/p>\n\n\n\n<ul class=\"wp-block-list\">\n<li>\u540d\u79f0<\/li>\n\n\n\n<li>\u7535\u5b50\u90ae\u4ef6\u5730\u5740<\/li>\n\n\n\n<li>\u7535\u8bdd\u53f7\u7801<\/li>\n\n\n\n<li>\u60a8\u9009\u62e9\u63d0\u4ea4\u7684\u9884\u8ba2\u8be6\u60c5\u6216\u4fe1\u606f<\/li>\n<\/ul>\n\n\n\n<p>\u6211\u4eec <strong>\u4e0d<\/strong> \u9700\u8981\u521b\u5efa\u8d26\u6237\u3002.<\/p>\n\n\n\n<hr class=\"wp-block-separator has-alpha-channel-opacity\">\n\n\n\n<h3 class=\"wp-block-heading\"><strong>b.\u81ea\u52a8\u6536\u96c6\u7684\u4fe1\u606f<\/strong><\/h3>\n\n\n\n<p>\u6211\u4eec\u6536\u96c6\u6709\u9650\u7684\u533f\u540d\u4f7f\u7528\u6570\u636e <strong>\u4ec5\u5728\u83b7\u5f97 cookie \u540c\u610f\u540e<\/strong>, \u5305\u62ec<\/p>\n\n\n\n<ul class=\"wp-block-list\">\n<li>\u6d4f\u89c8\u9875\u6570<\/li>\n\n\n\n<li>\u4e00\u822c\u5730\u70b9\uff08\u56fd\u5bb6\u6216\u5730\u533a\u4e00\u7ea7\uff09<\/li>\n\n\n\n<li>\u8bbe\u5907\u548c\u6d4f\u89c8\u5668\u7c7b\u578b<\/li>\n<\/ul>\n\n\n\n<p>\u8fd9\u4e9b\u6570\u636e\u662f\u901a\u8fc7\u4ee5\u4e0b\u65b9\u5f0f\u6536\u96c6\u7684<\/p>\n\n\n\n<ul class=\"wp-block-list\">\n<li>\u8c37\u6b4c\u5206\u6790 4<\/li>\n\n\n\n<li>\u8c37\u6b4c\u641c\u7d22\u63a7\u5236\u53f0<\/li>\n<\/ul>\n\n\n\n<p>\u5728\u660e\u786e\u8868\u793a\u540c\u610f\u4e4b\u524d\uff0c\u4e0d\u52a0\u8f7d\u5206\u6790\u529f\u80fd\u3002.<\/p>\n\n\n\n<hr class=\"wp-block-separator has-alpha-channel-opacity\">\n\n\n\n<h2 class=\"wp-block-heading\"><strong>3.Cookies \u548c\u540c\u610f<\/strong><\/h2>\n\n\n\n<p>\u6211\u4eec\u4f7f\u7528 cookie <strong>\u4ec5\u7528\u4e8e\u5206\u6790\u548c\u57fa\u672c\u7f51\u7ad9\u529f\u80fd<\/strong>.<\/p>\n\n\n\n<ul class=\"wp-block-list\">\n<li>\u52a0\u8f7d\u5206\u6790 cookie <strong>\u53ea\u6709\u5728\u63a5\u53d7\u4e4b\u540e<\/strong><\/li>\n\n\n\n<li>\u5982\u679c\u62d2\u7edd\u540c\u610f\uff0c\u5219\u4e0d\u52a0\u8f7d\u5206\u6790\u529f\u80fd<\/li>\n\n\n\n<li>\u4e0d\u4f7f\u7528\u8425\u9500\u3001\u5e7f\u544a\u6216\u7279\u5f81\u5206\u6790 cookie<\/li>\n<\/ul>\n\n\n\n<p>\u60a8\u53ef\u4ee5\u901a\u8fc7\u6e05\u9664\u6d4f\u89c8\u5668\u4e2d\u7684 cookies \u6765\u66f4\u6539\u6216\u64a4\u9500\u540c\u610f\u3002.<\/p>\n\n\n\n<hr class=\"wp-block-separator has-alpha-channel-opacity\">\n\n\n\n<h2 class=\"wp-block-heading\"><strong>4.\u6211\u4eec\u5982\u4f55\u4f7f\u7528\u4fe1\u606f<\/strong><\/h2>\n\n\n\n<p>\u6211\u4eec\u4ec5\u5c06\u6536\u96c6\u5230\u7684\u4fe1\u606f\u7528\u4e8e\u4ee5\u4e0b\u76ee\u7684<\/p>\n\n\n\n<ul class=\"wp-block-list\">\n<li>\u7b54\u590d\u8be2\u95ee<\/li>\n\n\n\n<li>\u5904\u7406\u8bfe\u7a0b\u6216\u79df\u8d41\u7533\u8bf7<\/li>\n\n\n\n<li>\u63d0\u9ad8\u7f51\u7ad9\u7684\u53ef\u7528\u6027\u548c\u6027\u80fd<\/li>\n\n\n\n<li>\u4e86\u89e3\u4e00\u822c\u4ea4\u901a\u6a21\u5f0f<\/li>\n<\/ul>\n\n\n\n<p>\u6211\u4eec <strong>\u4e0d<\/strong> \u51fa\u552e\u3001\u51fa\u79df\u6216\u4ea4\u6613\u4e2a\u4eba\u6570\u636e\u3002.<\/p>\n\n\n\n<hr class=\"wp-block-separator has-alpha-channel-opacity\">\n\n\n\n<h2 class=\"wp-block-heading\"><strong>5.\u56fd\u9645\u6e38\u5ba2<\/strong><\/h2>\n\n\n\n<p>\u6211\u4eec\u63a5\u53d7\u7f8e\u56fd\u4ee5\u5916\u7684\u5ba2\u6237\u3002.<\/p>\n\n\n\n<p>\u5982\u679c\u60a8\u4f4d\u4e8e\u6b27\u76df\u6216\u82f1\u56fd\uff1a<\/p>\n\n\n\n<ul class=\"wp-block-list\">\n<li>\u5904\u7406\u60a8\u7684\u6570\u636e\u57fa\u4e8e <strong>\u660e\u786e\u540c\u610f<\/strong><\/li>\n\n\n\n<li>\u60a8\u53ef\u4ee5\u8981\u6c42\u8bbf\u95ee\u3001\u66f4\u6b63\u6216\u5220\u9664\u60a8\u7684\u6570\u636e<\/li>\n<\/ul>\n\n\n\n<p>\u53ef\u901a\u8fc7\u4e0a\u8ff0\u8054\u7cfb\u65b9\u5f0f\u63d0\u51fa\u7533\u8bf7\u3002.<\/p>\n\n\n\n<hr class=\"wp-block-separator has-alpha-channel-opacity\">\n\n\n\n<h2 class=\"wp-block-heading\"><strong>6.\u6570\u636e\u4fdd\u7559<\/strong><\/h2>\n\n\n\n<p>\u6211\u4eec\u4ec5\u5728\u5fc5\u8981\u65f6\u4fdd\u7559\u4e2a\u4eba\u4fe1\u606f\uff0c\u4ee5\u4fbf<\/p>\n\n\n\n<ul class=\"wp-block-list\">\n<li>\u5b9e\u73b0\u6536\u96c6\u4fe1\u606f\u7684\u76ee\u7684<\/li>\n\n\n\n<li>\u6ee1\u8db3\u6cd5\u5f8b\u6216\u4e1a\u52a1\u8981\u6c42<\/li>\n<\/ul>\n\n\n\n<p>\u5206\u6790\u6570\u636e\u6839\u636e\u8c37\u6b4c\u5206\u6790\u4fdd\u7559\u8bbe\u7f6e\u8fdb\u884c\u4fdd\u7559\u3002.<\/p>\n\n\n\n<hr class=\"wp-block-separator has-alpha-channel-opacity\">\n\n\n\n<h2 class=\"wp-block-heading\"><strong>7.\u6570\u636e\u5b89\u5168<\/strong><\/h2>\n\n\n\n<p>\u6211\u4eec\u91c7\u53d6\u5408\u7406\u7684\u6280\u672f\u548c\u7ec4\u7ec7\u63aa\u65bd\u6765\u4fdd\u62a4\u4e2a\u4eba\u4fe1\u606f\u3002.<\/p>\n\n\n\n<p>\u7136\u800c\uff0c\u6ca1\u6709\u4efb\u4f55\u4e00\u79cd\u4e92\u8054\u7f51\u4f20\u8f93\u65b9\u5f0f\u662f\u5b8c\u5168\u5b89\u5168\u7684\u3002.<\/p>\n\n\n\n<hr class=\"wp-block-separator has-alpha-channel-opacity\">\n\n\n\n<h2 class=\"wp-block-heading\"><strong>8.\u513f\u7ae5<\/strong><\/h2>\n\n\n\n<p>\u6709 <strong>\u65e0\u5e74\u9f84\u9650\u5236<\/strong> \u4e3a\u8bfe\u7a0b\u3002.<\/p>\n\n\n\n<p>\u5728\u6ca1\u6709\u7236\u6bcd\u6216\u76d1\u62a4\u4eba\u53c2\u4e0e\u7684\u60c5\u51b5\u4e0b\uff0c\u6211\u4eec\u4e0d\u4f1a\u6709\u610f\u6536\u96c6\u513f\u7ae5\u7684\u4e2a\u4eba\u6570\u636e\u3002.<\/p>\n\n\n\n<hr class=\"wp-block-separator has-alpha-channel-opacity\">\n\n\n\n<h2 class=\"wp-block-heading\"><strong>9.\u7b2c\u4e09\u65b9\u670d\u52a1<\/strong><\/h2>\n\n\n\n<p>\u6211\u4eec\u4ec5\u5728\u5fc5\u8981\u65f6\u4f7f\u7528\u7b2c\u4e09\u65b9\u670d\u52a1\u6765\u8fd0\u8425\u672c\u7f51\u7ad9\uff0c\u5305\u62ec<\/p>\n\n\n\n<ul class=\"wp-block-list\">\n<li>\u8c37\u6b4c\u5206\u6790<\/li>\n\n\n\n<li>\u8c37\u6b4c\u641c\u7d22\u63a7\u5236\u53f0<\/li>\n\n\n\n<li>\u7f51\u7edc\u6258\u7ba1\u670d\u52a1\u63d0\u4f9b\u5546<\/li>\n<\/ul>\n\n\n\n<p>\u8fd9\u4e9b\u670d\u52a1\u53ef\u80fd\u4f1a\u6839\u636e\u5404\u81ea\u7684\u9690\u79c1\u653f\u7b56\u5904\u7406\u6570\u636e\u3002.<\/p>\n\n\n\n<hr class=\"wp-block-separator has-alpha-channel-opacity\">\n\n\n\n<h2 class=\"wp-block-heading\"><strong>10.\u60a8\u7684\u6743\u5229<\/strong><\/h2>\n\n\n\n<p>\u6839\u636e\u60a8\u6240\u5728\u7684\u5730\u533a\uff0c\u60a8\u53ef\u80fd\u6709\u6743<\/p>\n\n\n\n<ul class=\"wp-block-list\">\n<li>\u8bbf\u95ee\u4e2a\u4eba\u6570\u636e<\/li>\n\n\n\n<li>\u8981\u6c42\u66f4\u6b63\u6216\u5220\u9664<\/li>\n\n\n\n<li>\u64a4\u9500\u540c\u610f<\/li>\n<\/ul>\n\n\n\n<p>\u53ef\u76f4\u63a5\u8054\u7cfb\u6211\u4eec\u63d0\u51fa\u7533\u8bf7\u3002.<\/p>\n\n\n\n<hr class=\"wp-block-separator has-alpha-channel-opacity\">\n\n\n\n<h2 class=\"wp-block-heading\"><strong>11.\u672c\u653f\u7b56\u7684\u53d8\u66f4<\/strong><\/h2>\n\n\n\n<p>\u672c\u653f\u7b56\u53ef\u968f\u65f6\u66f4\u65b0\u3002.<\/p>\n\n\n\n<p>\u7ee7\u7eed\u4f7f\u7528\u672c\u7f51\u7ad9\u5373\u8868\u793a\u63a5\u53d7\u4fee\u8ba2\u540e\u7684\u653f\u7b56\u3002.<\/p>\n\n\n\n<hr class=\"wp-block-separator has-alpha-channel-opacity\">\n\n\n\n<h2 class=\"wp-block-heading\"><strong>12.\u8054\u7cfb\u65b9\u5f0f<\/strong><\/h2>\n\n\n\n<p>\u6709\u5173\u9690\u79c1\u7684\u54a8\u8be2\uff1a<\/p>\n\n\n\n<p>Micah Piedvache<\/p>\n\n\n\n<p>2412 Koa Ave<\/p>\n\n\n\n<p>\u590f\u5a01\u5937\u5dde\u6a80\u9999\u5c71 96815-3206<\/p>\n\n\n\n<p>\u7535\u8bdd\uff1a808-218-5238<\/p>\n\n\n\n<hr class=\"wp-block-separator has-alpha-channel-opacity\">\n<\/div>\n<\/div>\n<\/body>","protected":false},"excerpt":{"rendered":"<p>\u9690\u79c1\u653f\u7b56 \u751f\u6548\u65e5\u671f\uff1a2026\u5e742\u67087\u65e5 1. \u6211\u4eec\u662f\u8c01 Mickey\u2019s Surf School \u7531 Micah Piedvache \u8fd0\u8425 \u5730\u5740\uff1a2412 Koa Ave, Honolulu, HI 96815-3206 \u7535\u8bdd\uff1a808-218-5238 \u7f51\u7ad9\uff1ahttps:\/\/mickeysurfschool.com \u672c\u9690\u79c1\u653f\u7b56\u9002\u7528\u4e8e\u672c\u7f51\u7ad9\u7684\u6240\u6709\u8bbf\u95ee\u8005\u3001\u7528\u6237\u548c\u5ba2\u6237\u3002 2. \u6211\u4eec\u6536\u96c6\u54ea\u4e9b\u4fe1\u606f a. \u60a8\u81ea\u613f\u63d0\u4f9b\u7684\u4fe1\u606f \u6211\u4eec\u53ef\u80fd\u4f1a\u6536\u96c6\u4e2a\u4eba\u2026 <a title=\"\u9690\u79c1\u653f\u7b56\" class=\"read-more\" href=\"https:\/\/mickeysurfschool.com\/zh\/privacy-policy\/\" aria-label=\"\u9605\u8bfb\u9690\u79c1\u653f\u7b56\">\u9605\u8bfb\u66f4\u591a<\/a><\/p>","protected":false},"author":1,"featured_media":6421,"parent":0,"menu_order":0,"comment_status":"closed","ping_status":"closed","template":"","meta":{"_acf_changed":false,"nf_dc_page":"","footnotes":""},"class_list":["post-6576","page","type-page","status-publish","has-post-thumbnail"],"acf":{"hero_image_mobile":6420,"keyword_data":""},"yoast_head":"<title>Waik\u012bk\u012b History, Culture, Surfing &amp; Local Life<\/title>\n<meta name=\"description\" content=\"Explore Waik\u012bk\u012b as a living neighborhood, not just a resort. Learn its history, cultural layers, daily life, and why surfing remains central to Waik\u012bk\u012b\u2019s identity.\" \/>\n<meta name=\"robots\" content=\"noindex, follow\" \/>\n<meta property=\"og:locale\" content=\"zh_CN\" \/>\n<meta property=\"og:type\" content=\"article\" \/>\n<meta property=\"og:title\" content=\"Waik\u012bk\u012b History, Culture, Surfing &amp; Local Life\" \/>\n<meta property=\"og:description\" content=\"Explore Waik\u012bk\u012b as a living neighborhood, not just a resort. Learn its history, cultural layers, daily life, and why surfing remains central to Waik\u012bk\u012b\u2019s identity.\" \/>\n<meta property=\"og:url\" content=\"https:\/\/mickeysurfschool.com\/zh\/\u5a01\u57fa\u57fa\/\" \/>\n<meta property=\"og:site_name\" content=\"Mickey&#039;s Surf School\" \/>\n<meta property=\"article:publisher\" content=\"https:\/\/www.facebook.com\/p\/Mickeys-surf-school-100081267286467\/\" \/>\n<meta property=\"article:modified_time\" content=\"2026-02-16T02:28:01+00:00\" \/>\n<meta property=\"og:image\" content=\"https:\/\/mickeysurfschool.com\/wp-content\/uploads\/2026\/02\/waikiki-surfing-d.webp\" \/>\n\t<meta property=\"og:image:width\" content=\"2560\" \/>\n\t<meta property=\"og:image:height\" content=\"1440\" \/>\n\t<meta property=\"og:image:type\" content=\"image\/webp\" \/>\n<meta name=\"twitter:card\" content=\"summary_large_image\" \/>\n<meta name=\"twitter:label1\" content=\"\u9884\u8ba1\u9605\u8bfb\u65f6\u95f4\" \/>\n\t<meta name=\"twitter:data1\" content=\"3 \u5206\" \/>\n<script type=\"application\/ld+json\" class=\"yoast-schema-graph\">{\"@context\":\"https:\\\/\\\/schema.org\",\"@graph\":[{\"@type\":\"WebPage\",\"@id\":\"https:\\\/\\\/mickeysurfschool.com\\\/zh\\\/privacy-policy\\\/\",\"url\":\"https:\\\/\\\/mickeysurfschool.com\\\/zh\\\/privacy-policy\\\/\",\"name\":\"Waik\u012bk\u012b History, Culture, Surfing & Local Life\",\"isPartOf\":{\"@id\":\"https:\\\/\\\/mickeysurfschool.com\\\/#website\"},\"primaryImageOfPage\":{\"@id\":\"https:\\\/\\\/mickeysurfschool.com\\\/zh\\\/privacy-policy\\\/#primaryimage\"},\"image\":{\"@id\":\"https:\\\/\\\/mickeysurfschool.com\\\/zh\\\/privacy-policy\\\/#primaryimage\"},\"thumbnailUrl\":\"https:\\\/\\\/mickeysurfschool.com\\\/wp-content\\\/uploads\\\/2026\\\/02\\\/waikiki-surfing-d.webp\",\"datePublished\":\"2026-02-07T17:58:33+00:00\",\"dateModified\":\"2026-02-16T02:28:01+00:00\",\"description\":\"Explore Waik\u012bk\u012b as a living neighborhood, not just a resort. Learn its history, cultural layers, daily life, and why surfing remains central to Waik\u012bk\u012b\u2019s identity.\",\"breadcrumb\":{\"@id\":\"https:\\\/\\\/mickeysurfschool.com\\\/zh\\\/privacy-policy\\\/#breadcrumb\"},\"inLanguage\":\"zh-Hans\",\"potentialAction\":[{\"@type\":\"ReadAction\",\"target\":[\"https:\\\/\\\/mickeysurfschool.com\\\/zh\\\/privacy-policy\\\/\"]}]},{\"@type\":\"ImageObject\",\"inLanguage\":\"zh-Hans\",\"@id\":\"https:\\\/\\\/mickeysurfschool.com\\\/zh\\\/privacy-policy\\\/#primaryimage\",\"url\":\"https:\\\/\\\/mickeysurfschool.com\\\/wp-content\\\/uploads\\\/2026\\\/02\\\/waikiki-surfing-d.webp\",\"contentUrl\":\"https:\\\/\\\/mickeysurfschool.com\\\/wp-content\\\/uploads\\\/2026\\\/02\\\/waikiki-surfing-d.webp\",\"width\":2560,\"height\":1440},{\"@type\":\"BreadcrumbList\",\"@id\":\"https:\\\/\\\/mickeysurfschool.com\\\/zh\\\/privacy-policy\\\/#breadcrumb\",\"itemListElement\":[{\"@type\":\"ListItem\",\"position\":1,\"name\":\"Home\",\"item\":\"https:\\\/\\\/mickeysurfschool.com\\\/\"},{\"@type\":\"ListItem\",\"position\":2,\"name\":\"Privacy Policy\",\"item\":\"https:\\\/\\\/mickeysurfschool.com\\\/zh\\\/\"}]},{\"@type\":\"WebSite\",\"@id\":\"https:\\\/\\\/mickeysurfschool.com\\\/#website\",\"url\":\"https:\\\/\\\/mickeysurfschool.com\\\/\",\"name\":\"Mickeys Surf School\",\"description\":\"\",\"publisher\":{\"@id\":\"https:\\\/\\\/mickeysurfschool.com\\\/#organization\"},\"inLanguage\":\"zh-Hans\"},{\"@type\":\"Organization\",\"@id\":\"https:\\\/\\\/mickeysurfschool.com\\\/#organization\",\"name\":\"Mickeys Surf School\",\"url\":\"https:\\\/\\\/mickeysurfschool.com\\\/\",\"logo\":{\"@type\":\"ImageObject\",\"inLanguage\":\"zh-Hans\",\"@id\":\"https:\\\/\\\/mickeysurfschool.com\\\/#\\\/schema\\\/logo\\\/image\\\/\",\"url\":\"https:\\\/\\\/mickeysurfschool.com\\\/wp-content\\\/uploads\\\/2025\\\/11\\\/mickey_surf_school_logo-black.svg\",\"contentUrl\":\"https:\\\/\\\/mickeysurfschool.com\\\/wp-content\\\/uploads\\\/2025\\\/11\\\/mickey_surf_school_logo-black.svg\",\"width\":77,\"height\":80,\"caption\":\"Mickeys Surf School\"},\"image\":{\"@id\":\"https:\\\/\\\/mickeysurfschool.com\\\/#\\\/schema\\\/logo\\\/image\\\/\"},\"sameAs\":[\"https:\\\/\\\/www.facebook.com\\\/p\\\/Mickeys-surf-school-100081267286467\\\/\",\"https:\\\/\\\/www.instagram.com\\\/mickeysurfschool\\\/?hl=en\",\"https:\\\/\\\/www.tiktok.com\\\/@mickeysurfschool\"]}]}<\/script>","yoast_head_json":{"title":"\u5a01\u57fa\u57fa\u5386\u53f2\u3001\u6587\u5316\u3001\u51b2\u6d6a\u548c\u5f53\u5730\u751f\u6d3b","description":"\u5c06\u5a01\u57fa\u57fa\u4f5c\u4e3a\u4e00\u4e2a\u751f\u6d3b\u8857\u533a\u6765\u63a2\u7d22\uff0c\u800c\u4e0d\u4ec5\u4ec5\u662f\u4e00\u4e2a\u5ea6\u5047\u80dc\u5730\u3002\u4e86\u89e3\u5176\u5386\u53f2\u3001\u6587\u5316\u5c42\u6b21\u3001\u65e5\u5e38\u751f\u6d3b\uff0c\u4ee5\u53ca\u4e3a\u4ec0\u4e48\u51b2\u6d6a\u4ecd\u7136\u662f\u5a01\u57fa\u57fa\u7684\u6838\u5fc3\u7279\u5f81\u3002.","robots":{"index":"noindex","follow":"follow"},"og_locale":"zh_CN","og_type":"article","og_title":"Waik\u012bk\u012b History, Culture, Surfing & Local Life","og_description":"Explore Waik\u012bk\u012b as a living neighborhood, not just a resort. Learn its history, cultural layers, daily life, and why surfing remains central to Waik\u012bk\u012b\u2019s identity.","og_url":"https:\/\/mickeysurfschool.com\/zh\/\u5a01\u57fa\u57fa\/","og_site_name":"Mickey&#039;s Surf School","article_publisher":"https:\/\/www.facebook.com\/p\/Mickeys-surf-school-100081267286467\/","article_modified_time":"2026-02-16T02:28:01+00:00","og_image":[{"width":2560,"height":1440,"url":"https:\/\/mickeysurfschool.com\/wp-content\/uploads\/2026\/02\/waikiki-surfing-d.webp","type":"image\/webp"}],"twitter_card":"summary_large_image","twitter_misc":{"\u9884\u8ba1\u9605\u8bfb\u65f6\u95f4":"3 \u5206"},"schema":{"@context":"https:\/\/schema.org","@graph":[{"@type":"WebPage","@id":"https:\/\/mickeysurfschool.com\/zh\/privacy-policy\/","url":"https:\/\/mickeysurfschool.com\/zh\/privacy-policy\/","name":"\u5a01\u57fa\u57fa\u5386\u53f2\u3001\u6587\u5316\u3001\u51b2\u6d6a\u548c\u5f53\u5730\u751f\u6d3b","isPartOf":{"@id":"https:\/\/mickeysurfschool.com\/#website"},"primaryImageOfPage":{"@id":"https:\/\/mickeysurfschool.com\/zh\/privacy-policy\/#primaryimage"},"image":{"@id":"https:\/\/mickeysurfschool.com\/zh\/privacy-policy\/#primaryimage"},"thumbnailUrl":"https:\/\/mickeysurfschool.com\/wp-content\/uploads\/2026\/02\/waikiki-surfing-d.webp","datePublished":"2026-02-07T17:58:33+00:00","dateModified":"2026-02-16T02:28:01+00:00","description":"\u5c06\u5a01\u57fa\u57fa\u4f5c\u4e3a\u4e00\u4e2a\u751f\u6d3b\u8857\u533a\u6765\u63a2\u7d22\uff0c\u800c\u4e0d\u4ec5\u4ec5\u662f\u4e00\u4e2a\u5ea6\u5047\u80dc\u5730\u3002\u4e86\u89e3\u5176\u5386\u53f2\u3001\u6587\u5316\u5c42\u6b21\u3001\u65e5\u5e38\u751f\u6d3b\uff0c\u4ee5\u53ca\u4e3a\u4ec0\u4e48\u51b2\u6d6a\u4ecd\u7136\u662f\u5a01\u57fa\u57fa\u7684\u6838\u5fc3\u7279\u5f81\u3002.","breadcrumb":{"@id":"https:\/\/mickeysurfschool.com\/zh\/privacy-policy\/#breadcrumb"},"inLanguage":"zh-Hans","potentialAction":[{"@type":"ReadAction","target":["https:\/\/mickeysurfschool.com\/zh\/privacy-policy\/"]}]},{"@type":"ImageObject","inLanguage":"zh-Hans","@id":"https:\/\/mickeysurfschool.com\/zh\/privacy-policy\/#primaryimage","url":"https:\/\/mickeysurfschool.com\/wp-content\/uploads\/2026\/02\/waikiki-surfing-d.webp","contentUrl":"https:\/\/mickeysurfschool.com\/wp-content\/uploads\/2026\/02\/waikiki-surfing-d.webp","width":2560,"height":1440},{"@type":"BreadcrumbList","@id":"https:\/\/mickeysurfschool.com\/zh\/privacy-policy\/#breadcrumb","itemListElement":[{"@type":"ListItem","position":1,"name":"Home","item":"https:\/\/mickeysurfschool.com\/"},{"@type":"ListItem","position":2,"name":"Privacy Policy","item":"https:\/\/mickeysurfschool.com\/zh\/"}]},{"@type":"WebSite","@id":"https:\/\/mickeysurfschool.com\/#website","url":"https:\/\/mickeysurfschool.com\/","name":"\u7c73\u5947\u51b2\u6d6a\u5b66\u6821","description":"","publisher":{"@id":"https:\/\/mickeysurfschool.com\/#organization"},"inLanguage":"zh-Hans"},{"@type":"Organization","@id":"https:\/\/mickeysurfschool.com\/#organization","name":"\u7c73\u5947\u51b2\u6d6a\u5b66\u6821","url":"https:\/\/mickeysurfschool.com\/","logo":{"@type":"ImageObject","inLanguage":"zh-Hans","@id":"https:\/\/mickeysurfschool.com\/#\/schema\/logo\/image\/","url":"https:\/\/mickeysurfschool.com\/wp-content\/uploads\/2025\/11\/mickey_surf_school_logo-black.svg","contentUrl":"https:\/\/mickeysurfschool.com\/wp-content\/uploads\/2025\/11\/mickey_surf_school_logo-black.svg","width":77,"height":80,"caption":"Mickeys Surf School"},"image":{"@id":"https:\/\/mickeysurfschool.com\/#\/schema\/logo\/image\/"},"sameAs":["https:\/\/www.facebook.com\/p\/Mickeys-surf-school-100081267286467\/","https:\/\/www.instagram.com\/mickeysurfschool\/?hl=en","https:\/\/www.tiktok.com\/@mickeysurfschool"]}]}},"_links":{"self":[{"href":"https:\/\/mickeysurfschool.com\/zh\/wp-json\/wp\/v2\/pages\/6576","targetHints":{"allow":["GET"]}}],"collection":[{"href":"https:\/\/mickeysurfschool.com\/zh\/wp-json\/wp\/v2\/pages"}],"about":[{"href":"https:\/\/mickeysurfschool.com\/zh\/wp-json\/wp\/v2\/types\/page"}],"author":[{"embeddable":true,"href":"https:\/\/mickeysurfschool.com\/zh\/wp-json\/wp\/v2\/users\/1"}],"replies":[{"embeddable":true,"href":"https:\/\/mickeysurfschool.com\/zh\/wp-json\/wp\/v2\/comments?post=6576"}],"version-history":[{"count":3,"href":"https:\/\/mickeysurfschool.com\/zh\/wp-json\/wp\/v2\/pages\/6576\/revisions"}],"predecessor-version":[{"id":6605,"href":"https:\/\/mickeysurfschool.com\/zh\/wp-json\/wp\/v2\/pages\/6576\/revisions\/6605"}],"wp:featuredmedia":[{"embeddable":true,"href":"https:\/\/mickeysurfschool.com\/zh\/wp-json\/wp\/v2\/media\/6421"}],"wp:attachment":[{"href":"https:\/\/mickeysurfschool.com\/zh\/wp-json\/wp\/v2\/media?parent=6576"}],"curies":[{"name":"wp","href":"https:\/\/api.w.org\/{rel}","templated":true}]}}