{"id":6577,"date":"2026-02-07T17:57:59","date_gmt":"2026-02-07T17:57:59","guid":{"rendered":"https:\/\/mickeysurfschool.com\/?page_id=6577"},"modified":"2026-02-16T02:27:38","modified_gmt":"2026-02-16T02:27:38","slug":"%ec%9d%b4%ec%9a%a9-%ec%95%bd%ea%b4%80","status":"publish","type":"page","link":"https:\/\/mickeysurfschool.com\/ko\/terms-conditions\/","title":{"rendered":"\uc774\uc6a9 \uc57d\uad00"},"content":{"rendered":"<body>\n<div class=\"section-wrap\">\n<div class=\"section-inner\">\n<h1 class=\"wp-block-heading\"><strong>\uc774\uc6a9 \uc57d\uad00<\/strong><\/h1>\n\n\n\n<p><strong>\ubc1c\ud6a8\uc77c:<\/strong> 2026\ub144 2\uc6d4 7\uc77c<\/p>\n\n\n\n<hr class=\"wp-block-separator has-alpha-channel-opacity\">\n\n\n\n<h2 class=\"wp-block-heading\"><strong>1. \uc57d\uad00 \ub3d9\uc758<\/strong><\/h2>\n\n\n\n<p>\ubcf8 \uc6f9\uc0ac\uc774\ud2b8\uc5d0 \uc561\uc138\uc2a4 \ub610\ub294 \uc774\uc6a9\ud558\uac70\ub098 \ubbf8\ud0a4 \uc11c\ud551\uc2a4\ucfe8\uc5d0\uc11c \uc81c\uacf5\ud558\ub294 \uc11c\ube44\uc2a4\uc5d0 \ucc38\uc5ec\ud568\uc73c\ub85c\uc368 \uadc0\ud558\ub294 \ubcf8 \uc57d\uad00\uc744 \uc900\uc218\ud558\ub294 \ub370 \ub3d9\uc758\ud558\uac8c \ub429\ub2c8\ub2e4.<\/p>\n\n\n\n<p>\ub3d9\uc758\ud558\uc9c0 \uc54a\uc73c\uc2dc\uba74 \uc774 \uc6f9\uc0ac\uc774\ud2b8\ub098 \uc11c\ube44\uc2a4\ub97c \uc774\uc6a9\ud558\uc9c0 \ub9c8\uc138\uc694.<\/p>\n\n\n\n<hr class=\"wp-block-separator has-alpha-channel-opacity\">\n\n\n\n<h2 class=\"wp-block-heading\"><strong>2. \uc81c\uacf5\ub418\ub294 \uc11c\ube44\uc2a4<\/strong><\/h2>\n\n\n\n<p>\ubbf8\ud0a4\uc758 \uc11c\ud551 \uc2a4\ucfe8\uc740 \ub2e4\uc74c\uc744 \uc81c\uacf5\ud558\uc9c0\ub9cc \uc774\uc5d0 \uad6d\ud55c\ub418\uc9c0 \uc54a\uc2b5\ub2c8\ub2e4:<\/p>\n\n\n\n<ul class=\"wp-block-list\">\n<li>\uac1c\uc778 \uc11c\ud551 \ub808\uc2a8<\/li>\n\n\n\n<li>\uc138\ubbf8 \ud504\ub77c\uc774\ube57 \uc11c\ud551 \ub808\uc2a8<\/li>\n\n\n\n<li>\uadf8\ub8f9 \uc11c\ud551 \ub808\uc2a8<\/li>\n\n\n\n<li>\uc5b4\ub9b0\uc774 \uc11c\ud551 \ub808\uc2a8<\/li>\n\n\n\n<li>\uac00\uc871 \uc11c\ud551 \ub808\uc2a8<\/li>\n\n\n\n<li>\uace0\uae09 \uc11c\ud551 \ub808\uc2a8<\/li>\n\n\n\n<li>\uc2a4\ud0e0\ub4dc\uc5c5 \ud328\ub4e4 \ub808\uc2a8<\/li>\n\n\n\n<li>\uc11c\ud551\ubcf4\ub4dc \ub300\uc5ec<\/li>\n\n\n\n<li>\uc11c\ud551 \ud22c\uc5b4<\/li>\n<\/ul>\n\n\n\n<p>\ubaa8\ub4e0 \uc11c\ube44\uc2a4\ub294 <strong>\uc57c\uc678 \ud574\uc591 \ud658\uacbd<\/strong> \ub0b4\uc7ac\ub41c \uc704\ud5d8\uc744 \uc218\ubc18\ud569\ub2c8\ub2e4.<\/p>\n\n\n\n<hr class=\"wp-block-separator has-alpha-channel-opacity\">\n\n\n\n<h2 class=\"wp-block-heading\"><strong>3. \uc704\ud5d8 \uac00\uc815<\/strong><\/h2>\n\n\n\n<p>\uadc0\ud558\ub294 \uc774\ub97c \uc778\uc815\ud558\uace0 \ub3d9\uc758\ud569\ub2c8\ub2e4:<\/p>\n\n\n\n<ul class=\"wp-block-list\">\n<li>\uc11c\ud551 \ubc0f \ud574\uc591 \ud65c\ub3d9\uc740 \ubcf8\uc9c8\uc801\uc73c\ub85c \uc704\ud5d8\ud569\ub2c8\ub2e4.<\/li>\n\n\n\n<li>\uac15\ud55c \uc870\ub958, \ud30c\ub3c4, \ud574\uc591 \uc0dd\ubb3c, \ub0a0\uc528 \ubcc0\ud654 \ubc0f \uc2e0\uccb4 \ud65c\ub3d9 \ub4f1\uc758 \uc870\uac74\uc774 \ud3ec\ud568\ub420 \uc218 \uc788\uc2b5\ub2c8\ub2e4.<\/li>\n\n\n\n<li>\ubd80\uc0c1, \uc9c8\ubcd1, \uc7ac\uc0b0\uc0c1\uc758 \uc190\ud574 \ub610\ub294 \uc0ac\ub9dd\uc774 \ubc1c\uc0dd\ud560 \uc218 \uc788\uc2b5\ub2c8\ub2e4.<\/li>\n<\/ul>\n\n\n\n<p>\ucc38\uc5ec\uc5d0 \ub530\ub978 \uc704\ud5d8\uc740 \uc804\uc801\uc73c\ub85c \uadc0\ud558\uc758 \ucc45\uc784\uc785\ub2c8\ub2e4.<\/p>\n\n\n\n<hr class=\"wp-block-separator has-alpha-channel-opacity\">\n\n\n\n<h2 class=\"wp-block-heading\"><strong>4. \ucc45\uc784\uc758 \uc81c\ud55c<\/strong><\/h2>\n\n\n\n<p>\uc5d0 <strong>\ubc95\uc774 \ud5c8\uc6a9\ud558\ub294 \ucd5c\ub300 \ubc94\uc704<\/strong>, \ubbf8\ud0a4\uc758 \uc11c\ud551 \uc2a4\ucfe8\uacfc \ubbf8\uce74 \ud53c\uc5d0\ubc14\uc288\ub294 <strong>\ucc45\uc784\uc9c0\uc9c0 \uc54a\uc74c<\/strong> \ub97c \ud074\ub9ad\ud569\ub2c8\ub2e4:<\/p>\n\n\n\n<ul class=\"wp-block-list\">\n<li>\ubd80\uc0c1<\/li>\n\n\n\n<li>\uc190\uc2e4<\/li>\n\n\n\n<li>\ud53c\ud574<\/li>\n\n\n\n<li>\uc9c0\uc5f0<\/li>\n\n\n\n<li>\ucde8\uc18c<\/li>\n\n\n\n<li>\uac1c\uc778 \uc7ac\uc0b0 \uc190\uc2e4<\/li>\n\n\n\n<li>\uc815\uc11c\uc801 \uace0\ud1b5<\/li>\n<\/ul>\n\n\n\n<p>\uc774\ub294 \uacfc\uc2e4\ub85c \uc778\ud55c \uac83\uc774\ub4e0 \uadf8\ub807\uc9c0 \uc54a\uc740 \uac83\uc774\ub4e0 \uc801\uc6a9\ub429\ub2c8\ub2e4.<\/p>\n\n\n\n<hr class=\"wp-block-separator has-alpha-channel-opacity\">\n\n\n\n<h2 class=\"wp-block-heading\"><strong>5. \uba74\ucc45<\/strong><\/h2>\n\n\n\n<p>\uadc0\ud558\ub294 \uc774\ub85c \uc778\ud574 \ubc1c\uc0dd\ud558\ub294 \ubaa8\ub4e0 \uccad\uad6c, \uc190\ud574 \ub610\ub294 \ube44\uc6a9\uc73c\ub85c\ubd80\ud130 \ubbf8\ud0a4\uc2a4\uc11c\ud551\uc2a4\ucfe8\uacfc \ubbf8\uce74 \ud53c\uc5d0\ubc14\uc288\ub97c \uba74\ucc45\ud558\uace0 \uba74\ucc45\ud558\ub294 \ub370 \ub3d9\uc758\ud569\ub2c8\ub2e4:<\/p>\n\n\n\n<ul class=\"wp-block-list\">\n<li>\uc11c\ube44\uc2a4 \ucc38\uc5ec<\/li>\n\n\n\n<li>\uc774 \uc6f9\uc0ac\uc774\ud2b8 \uc0ac\uc6a9<\/li>\n\n\n\n<li>\ubcf8 \uc57d\uad00 \uc704\ubc18<\/li>\n<\/ul>\n\n\n\n<hr class=\"wp-block-separator has-alpha-channel-opacity\">\n\n\n\n<h2 class=\"wp-block-heading\"><strong>6. \uc608\uc57d \uc694\uccad \ubc0f \uacb0\uc81c<\/strong><\/h2>\n\n\n\n<ul class=\"wp-block-list\">\n<li>\uc608\uc57d \uc694\uccad\uc740 \uc591\uc2dd\uc744 \ud1b5\ud574 \uc81c\ucd9c\ub429\ub2c8\ub2e4.<\/li>\n\n\n\n<li>\uc628\ub77c\uc778 \uacb0\uc81c \uac8c\uc774\ud2b8\uc6e8\uc774\ub97c \uc0ac\uc6a9\ud558\uc9c0 \uc54a\uc2b5\ub2c8\ub2e4.<\/li>\n\n\n\n<li>\uac00\uaca9, \uc608\uc57d \uac00\ub2a5 \uc5ec\ubd80 \ubc0f \ud655\uc778\uc774 \uc9c1\uc811 \ucc98\ub9ac\ub429\ub2c8\ub2e4.<\/li>\n\n\n\n<li>\ub2f9\uc0ac\ub294 \uc7ac\ub7c9\uc5d0 \ub530\ub77c \uc11c\ube44\uc2a4\ub97c \uac70\ubd80\ud560 \uad8c\ub9ac\ub97c \ubcf4\uc720\ud569\ub2c8\ub2e4.<\/li>\n<\/ul>\n\n\n\n<hr class=\"wp-block-separator has-alpha-channel-opacity\">\n\n\n\n<h2 class=\"wp-block-heading\"><strong>7. \ucde8\uc18c \ubc0f \ubcc0\uacbd<\/strong><\/h2>\n\n\n\n<p>\ub0a0\uc528, \ud574\uc591 \uc0c1\ud0dc \ub610\ub294 \uc548\uc804\uc0c1\uc758 \ubb38\uc81c\ub85c \uc778\ud574 \ud544\uc694\ud560 \uc218 \uc788\uc2b5\ub2c8\ub2e4:<\/p>\n\n\n\n<ul class=\"wp-block-list\">\n<li>\uc77c\uc815 \ubcc0\uacbd<\/li>\n\n\n\n<li>\uc218\uc815<\/li>\n\n\n\n<li>\uc11c\ube44\uc2a4 \ucde8\uc18c<\/li>\n<\/ul>\n\n\n\n<p>\uc774\ub7ec\ud55c \uacb0\uc815\uc740 \uc548\uc804\uc744 \uc704\ud574 \ucd5c\uc885\uc801\uc73c\ub85c \ub0b4\ub824\uc9d1\ub2c8\ub2e4.<\/p>\n\n\n\n<hr class=\"wp-block-separator has-alpha-channel-opacity\">\n\n\n\n<h2 class=\"wp-block-heading\"><strong>8. \uc9c0\uc801 \uc7ac\uc0b0\uad8c<\/strong><\/h2>\n\n\n\n<p>\ud14d\uc2a4\ud2b8, \uc774\ubbf8\uc9c0, \ub85c\uace0, \ube0c\ub79c\ub529\uc744 \ud3ec\ud568\ud55c \uc774 \uc0ac\uc774\ud2b8\uc758 \ubaa8\ub4e0 \ucf58\ud150\uce20\ub294 \ub2ec\ub9ac \uba85\uc2dc\ub418\uc9c0 \uc54a\ub294 \ud55c \ubbf8\ud0a4\uc2a4\uc11c\ud551\uc2a4\ucfe8\uc758 \uc790\uc0b0\uc785\ub2c8\ub2e4.<\/p>\n\n\n\n<p>\ubb34\ub2e8 \uc0ac\uc6a9\uc740 \uae08\uc9c0\ub418\uc5b4 \uc788\uc2b5\ub2c8\ub2e4.<\/p>\n\n\n\n<hr class=\"wp-block-separator has-alpha-channel-opacity\">\n\n\n\n<h2 class=\"wp-block-heading\"><strong>9. \uc911\uc7ac<\/strong><\/h2>\n\n\n\n<p>\ubcf8 \uc57d\uad00 \ub610\ub294 \uc11c\ube44\uc2a4\uc640 \uad00\ub828\ud558\uc5ec \ubc1c\uc0dd\ud558\ub294 \ubaa8\ub4e0 \ubd84\uc7c1\uc740 \ub2e4\uc74c\uacfc \uac19\uc774 \ud574\uacb0\ud574\uc57c \ud569\ub2c8\ub2e4. <strong>\uad6c\uc18d\ub825 \uc788\ub294 \uc911\uc7ac<\/strong>, \ubc95\uc6d0 \uc18c\uc1a1\uc774 \uc544\ub2d9\ub2c8\ub2e4.<\/p>\n\n\n\n<p>\uc911\uc7ac\ub294 \ud558\uc640\uc774\uc8fc\uc5d0\uc11c \uc774\ub8e8\uc5b4\uc9d1\ub2c8\ub2e4.<\/p>\n\n\n\n<hr class=\"wp-block-separator has-alpha-channel-opacity\">\n\n\n\n<h2 class=\"wp-block-heading\"><strong>10. \uc900\uac70\ubc95<\/strong><\/h2>\n\n\n\n<p>\ubcf8 \uc57d\uad00\uc740 \ub2e4\uc74c \uad6d\uac00\uc758 \ubc95\ub960\uc5d0 \uc758\ud574 \uaddc\uc728\ub429\ub2c8\ub2e4. <strong>\ud558\uc640\uc774 \uc8fc<\/strong>, \ub97c \uc0ad\uc81c\ud560 \uc218 \uc788\uc2b5\ub2c8\ub2e4.<\/p>\n\n\n\n<hr class=\"wp-block-separator has-alpha-channel-opacity\">\n\n\n\n<h2 class=\"wp-block-heading\"><strong>11. \ubd84\ub9ac \uac00\ub2a5\uc131<\/strong><\/h2>\n\n\n\n<p>\ubcf8 \uc57d\uad00\uc758 \uc77c\ubd80 \uc870\ud56d\uc774 \uc2dc\ud589 \ubd88\uac00\ub2a5\ud55c \uac83\uc73c\ub85c \ud310\uba85\ub418\ub294 \uacbd\uc6b0\uc5d0\ub3c4 \ub098\uba38\uc9c0 \uc870\ud56d\uc740 \uacc4\uc18d \uc720\ud6a8\ud569\ub2c8\ub2e4.<\/p>\n\n\n\n<hr class=\"wp-block-separator has-alpha-channel-opacity\">\n\n\n\n<h2 class=\"wp-block-heading\"><strong>12. \uc57d\uad00 \ubcc0\uacbd<\/strong><\/h2>\n\n\n\n<p>\uc57d\uad00\uc740 \uc5b8\uc81c\ub4e0\uc9c0 \uc5c5\ub370\uc774\ud2b8\ub420 \uc218 \uc788\uc2b5\ub2c8\ub2e4.<\/p>\n\n\n\n<p>\uacc4\uc18d \uc0ac\uc6a9\ud558\uba74 \uc5c5\ub370\uc774\ud2b8\ub41c \uc57d\uad00\uc5d0 \ub3d9\uc758\ud558\ub294 \uac83\uc73c\ub85c \uac04\uc8fc\ub429\ub2c8\ub2e4.<\/p>\n\n\n\n<hr class=\"wp-block-separator has-alpha-channel-opacity\">\n\n\n\n<h2 class=\"wp-block-heading\"><strong>13. \uc5f0\ub77d\ucc98<\/strong><\/h2>\n\n\n\n<p>\ubbf8\uce74 \ud53c\uc5d0\ubc14\uccb4<\/p>\n\n\n\n<p>2412 \ucf54\uc544 \uc560\ube44\ub274<\/p>\n\n\n\n<p>\ud638\ub180\ub8f0\ub8e8, HI 96815-3206<\/p>\n\n\n\n<p>\uc804\ud654: 808-218-5238<\/p>\n<\/div>\n<\/div>\n<\/body>","protected":false},"excerpt":{"rendered":"<p>\uc774\uc6a9 \uc57d\uad00 \ud6a8\ub825 \ubc1c\uc0dd\uc77c: 2026\ub144 2\uc6d4 7\uc77c 1. \uc57d\uad00 \ub3d9\uc758 \uc774 \uc6f9\uc0ac\uc774\ud2b8\uc5d0 \uc811\uc18d\ud558\uac70\ub098 \uc774\uc6a9\ud558\uac70\ub098 \ubbf8\ud0a4 \uc11c\ud504 \uc2a4\ucfe8\uc5d0\uc11c \uc81c\uacf5\ud558\ub294 \ubaa8\ub4e0 \uc11c\ube44\uc2a4\uc5d0 \ucc38\uc5ec\ud568\uc73c\ub85c\uc368 \uadc0\ud558\ub294 \ubcf8 \uc774\uc6a9 \uc57d\uad00\uc5d0 \uad6c\uc18d\ub428\uc5d0 \ub3d9\uc758\ud569\ub2c8\ub2e4. \ub3d9\uc758\ud558\uc9c0 \uc54a\ub294 \uacbd\uc6b0 \uc774 \uc6f9\uc0ac\uc774\ud2b8\ub098 \ub2f9\uc0ac\uc758 \uc11c\ube44\uc2a4\ub97c \uc774\uc6a9\ud558\uc9c0 \ub9c8\uc2ed\uc2dc\uc624. 2. \uc81c\uacf5 \uc11c\ube44\uc2a4 \ubbf8\ud0a4\uc758\u2026 <a title=\"\uc774\uc6a9\uc57d\uad00\" class=\"read-more\" href=\"https:\/\/mickeysurfschool.com\/ko\/terms-conditions\/\" aria-label=\"\uc774\uc6a9\uc57d\uad00\uc5d0 \ub300\ud574 \ub354 \uc790\uc138\ud788 \uc54c\uc544\ubcf4\uc138\uc694\">\uc790\uc138\ud788 \ubcf4\uae30<\/a><\/p>","protected":false},"author":1,"featured_media":6421,"parent":0,"menu_order":0,"comment_status":"closed","ping_status":"closed","template":"","meta":{"_acf_changed":false,"nf_dc_page":"","footnotes":""},"class_list":["post-6577","page","type-page","status-publish","has-post-thumbnail"],"acf":{"hero_image_mobile":6420,"keyword_data":""},"yoast_head":"<title>Waik\u012bk\u012b History, Culture, Surfing &amp; Local Life<\/title>\n<meta name=\"description\" content=\"Explore Waik\u012bk\u012b as a living neighborhood, not just a resort. Learn its history, cultural layers, daily life, and why surfing remains central to Waik\u012bk\u012b\u2019s identity.\" \/>\n<meta name=\"robots\" content=\"noindex, follow\" \/>\n<meta property=\"og:locale\" content=\"ko_KR\" \/>\n<meta property=\"og:type\" content=\"article\" \/>\n<meta property=\"og:title\" content=\"Waik\u012bk\u012b History, Culture, Surfing &amp; Local Life\" \/>\n<meta property=\"og:description\" content=\"Explore Waik\u012bk\u012b as a living neighborhood, not just a resort. Learn its history, cultural layers, daily life, and why surfing remains central to Waik\u012bk\u012b\u2019s identity.\" \/>\n<meta property=\"og:url\" content=\"https:\/\/mickeysurfschool.com\/ko\/\uc640\uc774\ud0a4\ud0a4\/\" \/>\n<meta property=\"og:site_name\" content=\"Mickey&#039;s Surf School\" \/>\n<meta property=\"article:publisher\" content=\"https:\/\/www.facebook.com\/p\/Mickeys-surf-school-100081267286467\/\" \/>\n<meta property=\"article:modified_time\" content=\"2026-02-16T02:27:38+00:00\" \/>\n<meta property=\"og:image\" content=\"https:\/\/mickeysurfschool.com\/wp-content\/uploads\/2026\/02\/waikiki-surfing-d.webp\" \/>\n\t<meta property=\"og:image:width\" content=\"2560\" \/>\n\t<meta property=\"og:image:height\" content=\"1440\" \/>\n\t<meta property=\"og:image:type\" content=\"image\/webp\" \/>\n<meta name=\"twitter:card\" content=\"summary_large_image\" \/>\n<meta name=\"twitter:label1\" content=\"\uc608\uc0c1 \ub418\ub294 \ud310\ub3c5 \uc2dc\uac04\" \/>\n\t<meta name=\"twitter:data1\" content=\"3\ubd84\" \/>\n<script type=\"application\/ld+json\" class=\"yoast-schema-graph\">{\"@context\":\"https:\\\/\\\/schema.org\",\"@graph\":[{\"@type\":\"WebPage\",\"@id\":\"https:\\\/\\\/mickeysurfschool.com\\\/ko\\\/terms-conditions\\\/\",\"url\":\"https:\\\/\\\/mickeysurfschool.com\\\/ko\\\/terms-conditions\\\/\",\"name\":\"Waik\u012bk\u012b History, Culture, Surfing & Local Life\",\"isPartOf\":{\"@id\":\"https:\\\/\\\/mickeysurfschool.com\\\/#website\"},\"primaryImageOfPage\":{\"@id\":\"https:\\\/\\\/mickeysurfschool.com\\\/ko\\\/terms-conditions\\\/#primaryimage\"},\"image\":{\"@id\":\"https:\\\/\\\/mickeysurfschool.com\\\/ko\\\/terms-conditions\\\/#primaryimage\"},\"thumbnailUrl\":\"https:\\\/\\\/mickeysurfschool.com\\\/wp-content\\\/uploads\\\/2026\\\/02\\\/waikiki-surfing-d.webp\",\"datePublished\":\"2026-02-07T17:57:59+00:00\",\"dateModified\":\"2026-02-16T02:27:38+00:00\",\"description\":\"Explore Waik\u012bk\u012b as a living neighborhood, not just a resort. Learn its history, cultural layers, daily life, and why surfing remains central to Waik\u012bk\u012b\u2019s identity.\",\"breadcrumb\":{\"@id\":\"https:\\\/\\\/mickeysurfschool.com\\\/ko\\\/terms-conditions\\\/#breadcrumb\"},\"inLanguage\":\"ko-KR\",\"potentialAction\":[{\"@type\":\"ReadAction\",\"target\":[\"https:\\\/\\\/mickeysurfschool.com\\\/ko\\\/terms-conditions\\\/\"]}]},{\"@type\":\"ImageObject\",\"inLanguage\":\"ko-KR\",\"@id\":\"https:\\\/\\\/mickeysurfschool.com\\\/ko\\\/terms-conditions\\\/#primaryimage\",\"url\":\"https:\\\/\\\/mickeysurfschool.com\\\/wp-content\\\/uploads\\\/2026\\\/02\\\/waikiki-surfing-d.webp\",\"contentUrl\":\"https:\\\/\\\/mickeysurfschool.com\\\/wp-content\\\/uploads\\\/2026\\\/02\\\/waikiki-surfing-d.webp\",\"width\":2560,\"height\":1440},{\"@type\":\"BreadcrumbList\",\"@id\":\"https:\\\/\\\/mickeysurfschool.com\\\/ko\\\/terms-conditions\\\/#breadcrumb\",\"itemListElement\":[{\"@type\":\"ListItem\",\"position\":1,\"name\":\"Home\",\"item\":\"https:\\\/\\\/mickeysurfschool.com\\\/\"},{\"@type\":\"ListItem\",\"position\":2,\"name\":\"Terms &amp; Conditions\",\"item\":\"https:\\\/\\\/mickeysurfschool.com\\\/ko\\\/\"}]},{\"@type\":\"WebSite\",\"@id\":\"https:\\\/\\\/mickeysurfschool.com\\\/#website\",\"url\":\"https:\\\/\\\/mickeysurfschool.com\\\/\",\"name\":\"Mickeys Surf School\",\"description\":\"\",\"publisher\":{\"@id\":\"https:\\\/\\\/mickeysurfschool.com\\\/#organization\"},\"inLanguage\":\"ko-KR\"},{\"@type\":\"Organization\",\"@id\":\"https:\\\/\\\/mickeysurfschool.com\\\/#organization\",\"name\":\"Mickeys Surf School\",\"url\":\"https:\\\/\\\/mickeysurfschool.com\\\/\",\"logo\":{\"@type\":\"ImageObject\",\"inLanguage\":\"ko-KR\",\"@id\":\"https:\\\/\\\/mickeysurfschool.com\\\/#\\\/schema\\\/logo\\\/image\\\/\",\"url\":\"https:\\\/\\\/mickeysurfschool.com\\\/wp-content\\\/uploads\\\/2025\\\/11\\\/mickey_surf_school_logo-black.svg\",\"contentUrl\":\"https:\\\/\\\/mickeysurfschool.com\\\/wp-content\\\/uploads\\\/2025\\\/11\\\/mickey_surf_school_logo-black.svg\",\"width\":77,\"height\":80,\"caption\":\"Mickeys Surf School\"},\"image\":{\"@id\":\"https:\\\/\\\/mickeysurfschool.com\\\/#\\\/schema\\\/logo\\\/image\\\/\"},\"sameAs\":[\"https:\\\/\\\/www.facebook.com\\\/p\\\/Mickeys-surf-school-100081267286467\\\/\",\"https:\\\/\\\/www.instagram.com\\\/mickeysurfschool\\\/?hl=en\",\"https:\\\/\\\/www.tiktok.com\\\/@mickeysurfschool\"]}]}<\/script>","yoast_head_json":{"title":"\uc640\uc774\ud0a4\ud0a4\uc758 \uc5ed\uc0ac, \ubb38\ud654, \uc11c\ud551 \ubc0f \ud604\uc9c0 \uc0dd\ud65c","description":"\ub2e8\uc21c\ud55c \ud734\uc591\uc9c0\uac00 \uc544\ub2cc \uc0b4\uc544\uc788\ub294 \ub3d9\ub124\ub85c\uc11c\uc758 \uc640\uc774\ud0a4\ud0a4\ub97c \ud0d0\ud5d8\ud574 \ubcf4\uc138\uc694. \uc640\uc774\ud0a4\ud0a4\uc758 \uc5ed\uc0ac, \ubb38\ud654\uc801 \uce35\uc704, \uc77c\uc0c1 \uc0dd\ud65c, \uc11c\ud551\uc774 \uc640\uc774\ud0a4\ud0a4\uc758 \uc815\uccb4\uc131\uc758 \uc911\uc2ec\uc774 \ub418\ub294 \uc774\uc720\uc5d0 \ub300\ud574 \uc54c\uc544\ubcf4\uc138\uc694.","robots":{"index":"noindex","follow":"follow"},"og_locale":"ko_KR","og_type":"article","og_title":"Waik\u012bk\u012b History, Culture, Surfing & Local Life","og_description":"Explore Waik\u012bk\u012b as a living neighborhood, not just a resort. Learn its history, cultural layers, daily life, and why surfing remains central to Waik\u012bk\u012b\u2019s identity.","og_url":"https:\/\/mickeysurfschool.com\/ko\/\uc640\uc774\ud0a4\ud0a4\/","og_site_name":"Mickey&#039;s Surf School","article_publisher":"https:\/\/www.facebook.com\/p\/Mickeys-surf-school-100081267286467\/","article_modified_time":"2026-02-16T02:27:38+00:00","og_image":[{"width":2560,"height":1440,"url":"https:\/\/mickeysurfschool.com\/wp-content\/uploads\/2026\/02\/waikiki-surfing-d.webp","type":"image\/webp"}],"twitter_card":"summary_large_image","twitter_misc":{"\uc608\uc0c1 \ub418\ub294 \ud310\ub3c5 \uc2dc\uac04":"3\ubd84"},"schema":{"@context":"https:\/\/schema.org","@graph":[{"@type":"WebPage","@id":"https:\/\/mickeysurfschool.com\/ko\/terms-conditions\/","url":"https:\/\/mickeysurfschool.com\/ko\/terms-conditions\/","name":"\uc640\uc774\ud0a4\ud0a4\uc758 \uc5ed\uc0ac, \ubb38\ud654, \uc11c\ud551 \ubc0f \ud604\uc9c0 \uc0dd\ud65c","isPartOf":{"@id":"https:\/\/mickeysurfschool.com\/#website"},"primaryImageOfPage":{"@id":"https:\/\/mickeysurfschool.com\/ko\/terms-conditions\/#primaryimage"},"image":{"@id":"https:\/\/mickeysurfschool.com\/ko\/terms-conditions\/#primaryimage"},"thumbnailUrl":"https:\/\/mickeysurfschool.com\/wp-content\/uploads\/2026\/02\/waikiki-surfing-d.webp","datePublished":"2026-02-07T17:57:59+00:00","dateModified":"2026-02-16T02:27:38+00:00","description":"\ub2e8\uc21c\ud55c \ud734\uc591\uc9c0\uac00 \uc544\ub2cc \uc0b4\uc544\uc788\ub294 \ub3d9\ub124\ub85c\uc11c\uc758 \uc640\uc774\ud0a4\ud0a4\ub97c \ud0d0\ud5d8\ud574 \ubcf4\uc138\uc694. \uc640\uc774\ud0a4\ud0a4\uc758 \uc5ed\uc0ac, \ubb38\ud654\uc801 \uce35\uc704, \uc77c\uc0c1 \uc0dd\ud65c, \uc11c\ud551\uc774 \uc640\uc774\ud0a4\ud0a4\uc758 \uc815\uccb4\uc131\uc758 \uc911\uc2ec\uc774 \ub418\ub294 \uc774\uc720\uc5d0 \ub300\ud574 \uc54c\uc544\ubcf4\uc138\uc694.","breadcrumb":{"@id":"https:\/\/mickeysurfschool.com\/ko\/terms-conditions\/#breadcrumb"},"inLanguage":"ko-KR","potentialAction":[{"@type":"ReadAction","target":["https:\/\/mickeysurfschool.com\/ko\/terms-conditions\/"]}]},{"@type":"ImageObject","inLanguage":"ko-KR","@id":"https:\/\/mickeysurfschool.com\/ko\/terms-conditions\/#primaryimage","url":"https:\/\/mickeysurfschool.com\/wp-content\/uploads\/2026\/02\/waikiki-surfing-d.webp","contentUrl":"https:\/\/mickeysurfschool.com\/wp-content\/uploads\/2026\/02\/waikiki-surfing-d.webp","width":2560,"height":1440},{"@type":"BreadcrumbList","@id":"https:\/\/mickeysurfschool.com\/ko\/terms-conditions\/#breadcrumb","itemListElement":[{"@type":"ListItem","position":1,"name":"Home","item":"https:\/\/mickeysurfschool.com\/"},{"@type":"ListItem","position":2,"name":"Terms &amp; Conditions","item":"https:\/\/mickeysurfschool.com\/ko\/"}]},{"@type":"WebSite","@id":"https:\/\/mickeysurfschool.com\/#website","url":"https:\/\/mickeysurfschool.com\/","name":"\ubbf8\ud0a4\uc2a4 \uc11c\ud551 \uc2a4\ucfe8","description":"","publisher":{"@id":"https:\/\/mickeysurfschool.com\/#organization"},"inLanguage":"ko-KR"},{"@type":"Organization","@id":"https:\/\/mickeysurfschool.com\/#organization","name":"\ubbf8\ud0a4\uc2a4 \uc11c\ud551 \uc2a4\ucfe8","url":"https:\/\/mickeysurfschool.com\/","logo":{"@type":"ImageObject","inLanguage":"ko-KR","@id":"https:\/\/mickeysurfschool.com\/#\/schema\/logo\/image\/","url":"https:\/\/mickeysurfschool.com\/wp-content\/uploads\/2025\/11\/mickey_surf_school_logo-black.svg","contentUrl":"https:\/\/mickeysurfschool.com\/wp-content\/uploads\/2025\/11\/mickey_surf_school_logo-black.svg","width":77,"height":80,"caption":"Mickeys Surf School"},"image":{"@id":"https:\/\/mickeysurfschool.com\/#\/schema\/logo\/image\/"},"sameAs":["https:\/\/www.facebook.com\/p\/Mickeys-surf-school-100081267286467\/","https:\/\/www.instagram.com\/mickeysurfschool\/?hl=en","https:\/\/www.tiktok.com\/@mickeysurfschool"]}]}},"_links":{"self":[{"href":"https:\/\/mickeysurfschool.com\/ko\/wp-json\/wp\/v2\/pages\/6577","targetHints":{"allow":["GET"]}}],"collection":[{"href":"https:\/\/mickeysurfschool.com\/ko\/wp-json\/wp\/v2\/pages"}],"about":[{"href":"https:\/\/mickeysurfschool.com\/ko\/wp-json\/wp\/v2\/types\/page"}],"author":[{"embeddable":true,"href":"https:\/\/mickeysurfschool.com\/ko\/wp-json\/wp\/v2\/users\/1"}],"replies":[{"embeddable":true,"href":"https:\/\/mickeysurfschool.com\/ko\/wp-json\/wp\/v2\/comments?post=6577"}],"version-history":[{"count":3,"href":"https:\/\/mickeysurfschool.com\/ko\/wp-json\/wp\/v2\/pages\/6577\/revisions"}],"predecessor-version":[{"id":6606,"href":"https:\/\/mickeysurfschool.com\/ko\/wp-json\/wp\/v2\/pages\/6577\/revisions\/6606"}],"wp:featuredmedia":[{"embeddable":true,"href":"https:\/\/mickeysurfschool.com\/ko\/wp-json\/wp\/v2\/media\/6421"}],"wp:attachment":[{"href":"https:\/\/mickeysurfschool.com\/ko\/wp-json\/wp\/v2\/media?parent=6577"}],"curies":[{"name":"wp","href":"https:\/\/api.w.org\/{rel}","templated":true}]}}