{"id":6576,"date":"2026-02-07T17:58:33","date_gmt":"2026-02-07T17:58:33","guid":{"rendered":"https:\/\/mickeysurfschool.com\/?page_id=6576"},"modified":"2026-02-16T02:28:01","modified_gmt":"2026-02-16T02:28:01","slug":"%ea%b0%9c%ec%9d%b8%ec%a0%95%eb%b3%b4-%eb%b3%b4%ed%98%b8%ec%a0%95%ec%b1%85","status":"publish","type":"page","link":"https:\/\/mickeysurfschool.com\/ko\/privacy-policy\/","title":{"rendered":"\uac1c\uc778\uc815\ubcf4 \ubcf4\ud638\uc815\ucc45"},"content":{"rendered":"<body>\n<div class=\"section-wrap\">\n<div class=\"section-inner\">\n<h1 class=\"wp-block-heading\"><strong>\uac1c\uc778\uc815\ubcf4 \ubcf4\ud638\uc815\ucc45<\/strong><\/h1>\n\n\n\n<p><strong>\ubc1c\ud6a8\uc77c:<\/strong> 2026\ub144 2\uc6d4 7\uc77c<\/p>\n\n\n\n<h2 class=\"wp-block-heading\"><strong>1. \uc6b0\ub9ac\ub294 \ub204\uad6c\uc778\uac00<\/strong><\/h2>\n\n\n\n<p>\ubbf8\ud0a4\uc758 \uc11c\ud551 \uc2a4\ucfe8<\/p>\n\n\n\n<p>\uc6b4\uc601 \uc8fc\uccb4: <strong>\ubbf8\uce74 \ud53c\uc5d0\ubc14\uccb4<\/strong><\/p>\n\n\n\n<p>\uc8fc\uc18c: <strong>2412 Koa Ave, \ud638\ub180\ub8f0\ub8e8, HI 96815-3206<\/strong><\/p>\n\n\n\n<p>\uc804\ud654: <strong>808-218-5238<\/strong><\/p>\n\n\n\n<p>\uc6f9\uc0ac\uc774\ud2b8: <strong>https:\/\/mickeysurfschool.com<\/strong><\/p>\n\n\n\n<p>\ubcf8 \uac1c\uc778\uc815\ubcf4 \ucc98\ub9ac\ubc29\uce68\uc740 \ubcf8 \uc6f9\uc0ac\uc774\ud2b8\uc758 \ubaa8\ub4e0 \ubc29\ubb38\uc790, \uc0ac\uc6a9\uc790 \ubc0f \uace0\uac1d\uc5d0\uac8c \uc801\uc6a9\ub429\ub2c8\ub2e4.<\/p>\n\n\n\n<hr class=\"wp-block-separator has-alpha-channel-opacity\">\n\n\n\n<h2 class=\"wp-block-heading\"><strong>2. \ub2f9\uc0ac\uac00 \uc218\uc9d1\ud558\ub294 \uc815\ubcf4<\/strong><\/h2>\n\n\n\n<h3 class=\"wp-block-heading\"><strong>a. \uc0ac\uc6a9\uc790\uac00 \uc790\ubc1c\uc801\uc73c\ub85c \uc81c\uacf5\ud558\ub294 \uc815\ubcf4<\/strong><\/h3>\n\n\n\n<p>\ub2f9\uc0ac\ub294 \uadc0\ud558\uac00 \ub2e4\uc74c\uacfc \uac19\uc740 \uacbd\uc6b0 \uac1c\uc778\uc815\ubcf4\ub97c \uc218\uc9d1\ud560 \uc218 \uc788\uc2b5\ub2c8\ub2e4:<\/p>\n\n\n\n<ul class=\"wp-block-list\">\n<li>\ubb38\uc758 \uc591\uc2dd \uc81c\ucd9c<\/li>\n\n\n\n<li>\uc608\uc57d \uc694\uccad \uc81c\ucd9c<\/li>\n<\/ul>\n\n\n\n<p>\uc774 \uc815\ubcf4\uc5d0\ub294 \ub2e4\uc74c\uc774 \ud3ec\ud568\ub420 \uc218 \uc788\uc2b5\ub2c8\ub2e4:<\/p>\n\n\n\n<ul class=\"wp-block-list\">\n<li>\uc774\ub984<\/li>\n\n\n\n<li>\uc774\uba54\uc77c \uc8fc\uc18c<\/li>\n\n\n\n<li>\uc804\ud654\ubc88\ud638<\/li>\n\n\n\n<li>\uc81c\ucd9c\ud558\uae30\ub85c \uc120\ud0dd\ud55c \uc608\uc57d \uc138\ubd80 \uc815\ubcf4 \ub610\ub294 \uba54\uc2dc\uc9c0<\/li>\n<\/ul>\n\n\n\n<p>\uc6b0\ub9ac\ub294 <strong>not<\/strong> \uacc4\uc815\uc744 \ub9cc\ub4e4\uc5b4\uc57c \ud569\ub2c8\ub2e4.<\/p>\n\n\n\n<hr class=\"wp-block-separator has-alpha-channel-opacity\">\n\n\n\n<h3 class=\"wp-block-heading\"><strong>b. \uc790\ub3d9 \uc218\uc9d1 \uc815\ubcf4<\/strong><\/h3>\n\n\n\n<p>\ub2f9\uc0ac\ub294 \uc81c\ud55c\uc801\uc774\uace0 \uc775\uba85\ud654\ub41c \uc0ac\uc6a9 \ub370\uc774\ud130\ub97c \uc218\uc9d1\ud569\ub2c8\ub2e4. <strong>\ucfe0\ud0a4 \ub3d9\uc758\uac00 \ud5c8\uc6a9\ub41c \ud6c4\uc5d0\ub9cc<\/strong>, \ub97c \ud3ec\ud568\ud569\ub2c8\ub2e4:<\/p>\n\n\n\n<ul class=\"wp-block-list\">\n<li>\uc870\ud68c\ud55c \ud398\uc774\uc9c0<\/li>\n\n\n\n<li>\uc77c\ubc18 \uc704\uce58(\uad6d\uac00 \ub610\ub294 \uc9c0\uc5ed \uc218\uc900)<\/li>\n\n\n\n<li>\ub514\ubc14\uc774\uc2a4 \ubc0f \ube0c\ub77c\uc6b0\uc800 \uc720\ud615<\/li>\n<\/ul>\n\n\n\n<p>\uc774 \ub370\uc774\ud130\ub294 \ub2e4\uc74c\uc744 \uc0ac\uc6a9\ud558\uc5ec \uc218\uc9d1\ub429\ub2c8\ub2e4:<\/p>\n\n\n\n<ul class=\"wp-block-list\">\n<li>Google \uc560\ub110\ub9ac\ud2f1\uc2a4 4<\/li>\n\n\n\n<li>Google \uac80\uc0c9 \ucf58\uc194<\/li>\n<\/ul>\n\n\n\n<p>\uba85\uc2dc\uc801\uc73c\ub85c \ub3d9\uc758\ud560 \ub54c\uae4c\uc9c0 \ubd84\uc11d\uc774 \ub85c\ub4dc\ub418\uc9c0 \uc54a\uc2b5\ub2c8\ub2e4.<\/p>\n\n\n\n<hr class=\"wp-block-separator has-alpha-channel-opacity\">\n\n\n\n<h2 class=\"wp-block-heading\"><strong>3. \ucfe0\ud0a4 \ubc0f \ub3d9\uc758<\/strong><\/h2>\n\n\n\n<p>\ub2f9\uc0ac\ub294 \ucfe0\ud0a4\ub97c \uc0ac\uc6a9\ud569\ub2c8\ub2e4. <strong>\ubd84\uc11d \ubc0f \uae30\ubcf8 \uc0ac\uc774\ud2b8 \uae30\ub2a5\uc5d0\ub9cc \ud574\ub2f9<\/strong>.<\/p>\n\n\n\n<ul class=\"wp-block-list\">\n<li>\uc560\ub110\ub9ac\ud2f1\uc2a4 \ucfe0\ud0a4\uac00 \ub85c\ub4dc\ub429\ub2c8\ub2e4. <strong>\uc218\ub77d \ud6c4\uc5d0\ub9cc<\/strong><\/li>\n\n\n\n<li>\ub3d9\uc758\ub97c \uac70\ubd80\ud558\uba74 \ubd84\uc11d\uc774 \ub85c\ub4dc\ub418\uc9c0 \uc54a\uc2b5\ub2c8\ub2e4.<\/li>\n\n\n\n<li>\ub9c8\ucf00\ud305, \uad11\uace0 \ub610\ub294 \ud504\ub85c\ud30c\uc77c\ub9c1 \ucfe0\ud0a4\uac00 \uc0ac\uc6a9\ub418\uc9c0 \uc54a\uc2b5\ub2c8\ub2e4.<\/li>\n<\/ul>\n\n\n\n<p>\ube0c\ub77c\uc6b0\uc800\uc5d0\uc11c \ucfe0\ud0a4\ub97c \uc0ad\uc81c\ud558\uc5ec \ub3d9\uc758\ub97c \ubcc0\uacbd\ud558\uac70\ub098 \ucca0\ud68c\ud560 \uc218 \uc788\uc2b5\ub2c8\ub2e4.<\/p>\n\n\n\n<hr class=\"wp-block-separator has-alpha-channel-opacity\">\n\n\n\n<h2 class=\"wp-block-heading\"><strong>4. \uc815\ubcf4 \uc0ac\uc6a9 \ubc29\ubc95<\/strong><\/h2>\n\n\n\n<p>\ub2f9\uc0ac\ub294 \uc218\uc9d1\ub41c \uc815\ubcf4\ub97c \ub2e4\uc74c \ubaa9\uc801\uc73c\ub85c\ub9cc \uc0ac\uc6a9\ud569\ub2c8\ub2e4:<\/p>\n\n\n\n<ul class=\"wp-block-list\">\n<li>\ubb38\uc758\uc5d0 \uc751\ub2f5\ud558\uae30<\/li>\n\n\n\n<li>\ub808\uc2a8 \ub610\ub294 \ub300\uc5ec \uc694\uccad \ucc98\ub9ac<\/li>\n\n\n\n<li>\uc6f9\uc0ac\uc774\ud2b8 \uc0ac\uc6a9\uc131 \ubc0f \uc131\ub2a5 \uac1c\uc120<\/li>\n\n\n\n<li>\uc77c\ubc18\uc801\uc778 \ud2b8\ub798\ud53d \ud328\ud134 \uc774\ud574<\/li>\n<\/ul>\n\n\n\n<p>\uc6b0\ub9ac\ub294 <strong>not<\/strong> \uac1c\uc778 \ub370\uc774\ud130\ub97c \ud310\ub9e4, \ub300\uc5ec \ub610\ub294 \uac70\ub798\ud558\uc9c0 \uc54a\uc2b5\ub2c8\ub2e4.<\/p>\n\n\n\n<hr class=\"wp-block-separator has-alpha-channel-opacity\">\n\n\n\n<h2 class=\"wp-block-heading\"><strong>5. \ud574\uc678 \ubc29\ubb38\uc790<\/strong><\/h2>\n\n\n\n<p>\ubbf8\uad6d \uc678 \uc9c0\uc5ed\uc758 \uace0\uac1d\ub3c4 \ud658\uc601\ud569\ub2c8\ub2e4.<\/p>\n\n\n\n<p>\uc720\ub7fd \uc5f0\ud569 \ub610\ub294 \uc601\uad6d\uc5d0 \uac70\uc8fc\ud558\ub294 \uacbd\uc6b0:<\/p>\n\n\n\n<ul class=\"wp-block-list\">\n<li>\ub370\uc774\ud130\ub294 \ub2e4\uc74c\uc744 \uae30\uc900\uc73c\ub85c \ucc98\ub9ac\ub429\ub2c8\ub2e4. <strong>\uba85\uc2dc\uc801 \ub3d9\uc758<\/strong><\/li>\n\n\n\n<li>\ub370\uc774\ud130\uc5d0 \ub300\ud55c \uc561\uc138\uc2a4, \uc218\uc815 \ub610\ub294 \uc0ad\uc81c\ub97c \uc694\uccad\ud560 \uc218 \uc788\uc2b5\ub2c8\ub2e4.<\/li>\n<\/ul>\n\n\n\n<p>\uc704\uc758 \uc5f0\ub77d\ucc98 \uc815\ubcf4\ub97c \uc0ac\uc6a9\ud558\uc5ec \uc694\uccad\ud560 \uc218 \uc788\uc2b5\ub2c8\ub2e4.<\/p>\n\n\n\n<hr class=\"wp-block-separator has-alpha-channel-opacity\">\n\n\n\n<h2 class=\"wp-block-heading\"><strong>6. \ub370\uc774\ud130 \ubcf4\uc874<\/strong><\/h2>\n\n\n\n<p>\ub2f9\uc0ac\ub294 \ud544\uc694\ud55c \uae30\uac04 \ub3d9\uc548\ub9cc \uac1c\uc778\uc815\ubcf4\ub97c \ubcf4\uc720\ud569\ub2c8\ub2e4:<\/p>\n\n\n\n<ul class=\"wp-block-list\">\n<li>\uc218\uc9d1 \ubaa9\uc801\uc758 \uc774\ud589<\/li>\n\n\n\n<li>\ubc95\uc801 \ub610\ub294 \uc6b4\uc601\uc0c1\uc758 \uc694\uad6c \uc0ac\ud56d \ucda9\uc871<\/li>\n<\/ul>\n\n\n\n<p>\uc560\ub110\ub9ac\ud2f1\uc2a4 \ub370\uc774\ud130\ub294 Google \uc560\ub110\ub9ac\ud2f1\uc2a4 \ubcf4\uc874 \uc124\uc815\uc5d0 \ub530\ub77c \ubcf4\uc874\ub429\ub2c8\ub2e4.<\/p>\n\n\n\n<hr class=\"wp-block-separator has-alpha-channel-opacity\">\n\n\n\n<h2 class=\"wp-block-heading\"><strong>7. \ub370\uc774\ud130 \ubcf4\uc548<\/strong><\/h2>\n\n\n\n<p>\ub2f9\uc0ac\ub294 \uac1c\uc778\uc815\ubcf4\ub97c \ubcf4\ud638\ud558\uae30 \uc704\ud574 \ud569\ub9ac\uc801\uc778 \uae30\uc220\uc801 \ubc0f \uc870\uc9c1\uc801 \uc870\uce58\ub97c \uc2dc\ud589\ud569\ub2c8\ub2e4.<\/p>\n\n\n\n<p>\ud558\uc9c0\ub9cc \uc778\ud130\ub137\uc744 \ud1b5\ud55c \uc804\uc1a1 \ubc29\ubc95 \uc911 \uc644\ubcbd\ud55c \ubcf4\uc548\uc744 \ubcf4\uc7a5\ud558\ub294 \ubc29\ubc95\uc740 \uc5c6\uc2b5\ub2c8\ub2e4.<\/p>\n\n\n\n<hr class=\"wp-block-separator has-alpha-channel-opacity\">\n\n\n\n<h2 class=\"wp-block-heading\"><strong>8. \uc5b4\ub9b0\uc774<\/strong><\/h2>\n\n\n\n<p>\ub2e4\uc74c\uc774 \uc788\uc2b5\ub2c8\ub2e4. <strong>\uc5f0\ub839 \uc81c\ud55c \uc5c6\uc74c<\/strong> \ub97c \ud074\ub9ad\ud569\ub2c8\ub2e4.<\/p>\n\n\n\n<p>\ub2f9\uc0ac\ub294 \ubd80\ubaa8 \ub610\ub294 \ubcf4\ud638\uc790\uc758 \ub3d9\uc758 \uc5c6\uc774 \uc544\ub3d9\uc758 \uac1c\uc778 \ub370\uc774\ud130\ub97c \uace0\uc758\ub85c \uc218\uc9d1\ud558\uc9c0 \uc54a\uc2b5\ub2c8\ub2e4.<\/p>\n\n\n\n<hr class=\"wp-block-separator has-alpha-channel-opacity\">\n\n\n\n<h2 class=\"wp-block-heading\"><strong>9. \ud0c0\uc0ac \uc11c\ube44\uc2a4<\/strong><\/h2>\n\n\n\n<p>\ub2f9\uc0ac\ub294 \uc774 \uc0ac\uc774\ud2b8\ub97c \uc6b4\uc601\ud558\ub294 \ub370 \ud544\uc694\ud55c \uacbd\uc6b0\uc5d0\ub9cc \ub2e4\uc74c\uacfc \uac19\uc740 \ud0c0\uc0ac \uc11c\ube44\uc2a4\ub97c \uc0ac\uc6a9\ud569\ub2c8\ub2e4:<\/p>\n\n\n\n<ul class=\"wp-block-list\">\n<li>Google \uc560\ub110\ub9ac\ud2f1\uc2a4<\/li>\n\n\n\n<li>Google \uac80\uc0c9 \ucf58\uc194<\/li>\n\n\n\n<li>\uc6f9 \ud638\uc2a4\ud305 \uc81c\uacf5\uc5c5\uccb4<\/li>\n<\/ul>\n\n\n\n<p>\uc774\ub7ec\ud55c \uc11c\ube44\uc2a4\ub294 \uc790\uccb4 \uac1c\uc778\uc815\ubcf4 \ucc98\ub9ac\ubc29\uce68\uc5d0 \ub530\ub77c \ub370\uc774\ud130\ub97c \ucc98\ub9ac\ud560 \uc218 \uc788\uc2b5\ub2c8\ub2e4.<\/p>\n\n\n\n<hr class=\"wp-block-separator has-alpha-channel-opacity\">\n\n\n\n<h2 class=\"wp-block-heading\"><strong>10. \uadc0\ud558\uc758 \uad8c\ub9ac<\/strong><\/h2>\n\n\n\n<p>\ud68c\uc6d0\ub2d8\uc758 \uc704\uce58\uc5d0 \ub530\ub77c \ub2e4\uc74c\uacfc \uac19\uc740 \uad8c\ub9ac\uac00 \uc788\uc744 \uc218 \uc788\uc2b5\ub2c8\ub2e4:<\/p>\n\n\n\n<ul class=\"wp-block-list\">\n<li>\uac1c\uc778 \ub370\uc774\ud130 \uc561\uc138\uc2a4<\/li>\n\n\n\n<li>\uc218\uc815 \ub610\ub294 \uc0ad\uc81c \uc694\uccad<\/li>\n\n\n\n<li>\ub3d9\uc758 \ucca0\ud68c<\/li>\n<\/ul>\n\n\n\n<p>\uc9c1\uc811 \ubb38\uc758\ud558\uc5ec \uc694\uccad\ud560 \uc218 \uc788\uc2b5\ub2c8\ub2e4.<\/p>\n\n\n\n<hr class=\"wp-block-separator has-alpha-channel-opacity\">\n\n\n\n<h2 class=\"wp-block-heading\"><strong>11. \ubcf8 \uc815\ucc45\uc758 \ubcc0\uacbd \uc0ac\ud56d<\/strong><\/h2>\n\n\n\n<p>\uc774 \uc815\ucc45\uc740 \uc5b8\uc81c\ub4e0\uc9c0 \uc5c5\ub370\uc774\ud2b8\ub420 \uc218 \uc788\uc2b5\ub2c8\ub2e4.<\/p>\n\n\n\n<p>\uc0ac\uc774\ud2b8\ub97c \uacc4\uc18d \uc774\uc6a9\ud558\uba74 \uac1c\uc815\ub41c \uc815\ucc45\uc5d0 \ub3d9\uc758\ud558\ub294 \uac83\uc73c\ub85c \uac04\uc8fc\ub429\ub2c8\ub2e4.<\/p>\n\n\n\n<hr class=\"wp-block-separator has-alpha-channel-opacity\">\n\n\n\n<h2 class=\"wp-block-heading\"><strong>12. \uc5f0\ub77d\ucc98<\/strong><\/h2>\n\n\n\n<p>\uac1c\uc778\uc815\ubcf4 \uad00\ub828 \ubb38\uc758:<\/p>\n\n\n\n<p>\ubbf8\uce74 \ud53c\uc5d0\ubc14\uccb4<\/p>\n\n\n\n<p>2412 \ucf54\uc544 \uc560\ube44\ub274<\/p>\n\n\n\n<p>\ud638\ub180\ub8f0\ub8e8, HI 96815-3206<\/p>\n\n\n\n<p>\uc804\ud654: 808-218-5238<\/p>\n\n\n\n<hr class=\"wp-block-separator has-alpha-channel-opacity\">\n<\/div>\n<\/div>\n<\/body>","protected":false},"excerpt":{"rendered":"<p>\uac1c\uc778\uc815\ubcf4\ucc98\ub9ac\ubc29\uce68 \ud6a8\ub825 \ubc1c\uc0dd\uc77c: 2026\ub144 2\uc6d4 7\uc77c 1. \uc800\ud76c\ub294 \ub204\uad6c\uc778\uac00\uc694? Mickey\u2019s Surf School \uc6b4\uc601\uc790: Micah Piedvache \uc8fc\uc18c: 2412 Koa Ave, Honolulu, HI 96815-3206 \uc804\ud654: 808-218-5238 \uc6f9\uc0ac\uc774\ud2b8: https:\/\/mickeysurfschool.com \ubcf8 \uac1c\uc778\uc815\ubcf4\ucc98\ub9ac\ubc29\uce68\uc740 \uc774 \uc6f9\uc0ac\uc774\ud2b8\uc758 \ubaa8\ub4e0 \ubc29\ubb38\uc790, \uc0ac\uc6a9\uc790 \ubc0f \uace0\uac1d\uc5d0\uac8c \uc801\uc6a9\ub429\ub2c8\ub2e4. 2. \uc800\ud76c\uac00 \uc218\uc9d1\ud558\ub294 \uc815\ubcf4 a. \uc790\ubc1c\uc801\uc73c\ub85c \uc81c\uacf5\ud558\ub294 \uc815\ubcf4 \uc800\ud76c\ub294 \uac1c\uc778 \uc815\ubcf4\ub97c \uc218\uc9d1\ud560 \uc218 \uc788\uc2b5\ub2c8\ub2e4\u2026 <a title=\"\uac1c\uc778\uc815\ubcf4 \ubcf4\ud638\uc815\ucc45\" class=\"read-more\" href=\"https:\/\/mickeysurfschool.com\/ko\/privacy-policy\/\" aria-label=\"\uac1c\uc778\uc815\ubcf4 \ubcf4\ud638\uc815\ucc45\uc5d0 \ub300\ud574 \ub354 \uc790\uc138\ud788 \uc54c\uc544\ubcf4\uc138\uc694\">\uc790\uc138\ud788 \ubcf4\uae30<\/a><\/p>","protected":false},"author":1,"featured_media":6421,"parent":0,"menu_order":0,"comment_status":"closed","ping_status":"closed","template":"","meta":{"_acf_changed":false,"nf_dc_page":"","footnotes":""},"class_list":["post-6576","page","type-page","status-publish","has-post-thumbnail"],"acf":{"hero_image_mobile":6420,"keyword_data":""},"yoast_head":"<title>Waik\u012bk\u012b History, Culture, Surfing &amp; Local Life<\/title>\n<meta name=\"description\" content=\"Explore Waik\u012bk\u012b as a living neighborhood, not just a resort. Learn its history, cultural layers, daily life, and why surfing remains central to Waik\u012bk\u012b\u2019s identity.\" \/>\n<meta name=\"robots\" content=\"noindex, follow\" \/>\n<meta property=\"og:locale\" content=\"ko_KR\" \/>\n<meta property=\"og:type\" content=\"article\" \/>\n<meta property=\"og:title\" content=\"Waik\u012bk\u012b History, Culture, Surfing &amp; Local Life\" \/>\n<meta property=\"og:description\" content=\"Explore Waik\u012bk\u012b as a living neighborhood, not just a resort. Learn its history, cultural layers, daily life, and why surfing remains central to Waik\u012bk\u012b\u2019s identity.\" \/>\n<meta property=\"og:url\" content=\"https:\/\/mickeysurfschool.com\/ko\/\uc640\uc774\ud0a4\ud0a4\/\" \/>\n<meta property=\"og:site_name\" content=\"Mickey&#039;s Surf School\" \/>\n<meta property=\"article:publisher\" content=\"https:\/\/www.facebook.com\/p\/Mickeys-surf-school-100081267286467\/\" \/>\n<meta property=\"article:modified_time\" content=\"2026-02-16T02:28:01+00:00\" \/>\n<meta property=\"og:image\" content=\"https:\/\/mickeysurfschool.com\/wp-content\/uploads\/2026\/02\/waikiki-surfing-d.webp\" \/>\n\t<meta property=\"og:image:width\" content=\"2560\" \/>\n\t<meta property=\"og:image:height\" content=\"1440\" \/>\n\t<meta property=\"og:image:type\" content=\"image\/webp\" \/>\n<meta name=\"twitter:card\" content=\"summary_large_image\" \/>\n<meta name=\"twitter:label1\" content=\"\uc608\uc0c1 \ub418\ub294 \ud310\ub3c5 \uc2dc\uac04\" \/>\n\t<meta name=\"twitter:data1\" content=\"3\ubd84\" \/>\n<script type=\"application\/ld+json\" class=\"yoast-schema-graph\">{\"@context\":\"https:\\\/\\\/schema.org\",\"@graph\":[{\"@type\":\"WebPage\",\"@id\":\"https:\\\/\\\/mickeysurfschool.com\\\/ko\\\/privacy-policy\\\/\",\"url\":\"https:\\\/\\\/mickeysurfschool.com\\\/ko\\\/privacy-policy\\\/\",\"name\":\"Waik\u012bk\u012b History, Culture, Surfing & Local Life\",\"isPartOf\":{\"@id\":\"https:\\\/\\\/mickeysurfschool.com\\\/#website\"},\"primaryImageOfPage\":{\"@id\":\"https:\\\/\\\/mickeysurfschool.com\\\/ko\\\/privacy-policy\\\/#primaryimage\"},\"image\":{\"@id\":\"https:\\\/\\\/mickeysurfschool.com\\\/ko\\\/privacy-policy\\\/#primaryimage\"},\"thumbnailUrl\":\"https:\\\/\\\/mickeysurfschool.com\\\/wp-content\\\/uploads\\\/2026\\\/02\\\/waikiki-surfing-d.webp\",\"datePublished\":\"2026-02-07T17:58:33+00:00\",\"dateModified\":\"2026-02-16T02:28:01+00:00\",\"description\":\"Explore Waik\u012bk\u012b as a living neighborhood, not just a resort. Learn its history, cultural layers, daily life, and why surfing remains central to Waik\u012bk\u012b\u2019s identity.\",\"breadcrumb\":{\"@id\":\"https:\\\/\\\/mickeysurfschool.com\\\/ko\\\/privacy-policy\\\/#breadcrumb\"},\"inLanguage\":\"ko-KR\",\"potentialAction\":[{\"@type\":\"ReadAction\",\"target\":[\"https:\\\/\\\/mickeysurfschool.com\\\/ko\\\/privacy-policy\\\/\"]}]},{\"@type\":\"ImageObject\",\"inLanguage\":\"ko-KR\",\"@id\":\"https:\\\/\\\/mickeysurfschool.com\\\/ko\\\/privacy-policy\\\/#primaryimage\",\"url\":\"https:\\\/\\\/mickeysurfschool.com\\\/wp-content\\\/uploads\\\/2026\\\/02\\\/waikiki-surfing-d.webp\",\"contentUrl\":\"https:\\\/\\\/mickeysurfschool.com\\\/wp-content\\\/uploads\\\/2026\\\/02\\\/waikiki-surfing-d.webp\",\"width\":2560,\"height\":1440},{\"@type\":\"BreadcrumbList\",\"@id\":\"https:\\\/\\\/mickeysurfschool.com\\\/ko\\\/privacy-policy\\\/#breadcrumb\",\"itemListElement\":[{\"@type\":\"ListItem\",\"position\":1,\"name\":\"Home\",\"item\":\"https:\\\/\\\/mickeysurfschool.com\\\/\"},{\"@type\":\"ListItem\",\"position\":2,\"name\":\"Privacy Policy\",\"item\":\"https:\\\/\\\/mickeysurfschool.com\\\/ko\\\/\"}]},{\"@type\":\"WebSite\",\"@id\":\"https:\\\/\\\/mickeysurfschool.com\\\/#website\",\"url\":\"https:\\\/\\\/mickeysurfschool.com\\\/\",\"name\":\"Mickeys Surf School\",\"description\":\"\",\"publisher\":{\"@id\":\"https:\\\/\\\/mickeysurfschool.com\\\/#organization\"},\"inLanguage\":\"ko-KR\"},{\"@type\":\"Organization\",\"@id\":\"https:\\\/\\\/mickeysurfschool.com\\\/#organization\",\"name\":\"Mickeys Surf School\",\"url\":\"https:\\\/\\\/mickeysurfschool.com\\\/\",\"logo\":{\"@type\":\"ImageObject\",\"inLanguage\":\"ko-KR\",\"@id\":\"https:\\\/\\\/mickeysurfschool.com\\\/#\\\/schema\\\/logo\\\/image\\\/\",\"url\":\"https:\\\/\\\/mickeysurfschool.com\\\/wp-content\\\/uploads\\\/2025\\\/11\\\/mickey_surf_school_logo-black.svg\",\"contentUrl\":\"https:\\\/\\\/mickeysurfschool.com\\\/wp-content\\\/uploads\\\/2025\\\/11\\\/mickey_surf_school_logo-black.svg\",\"width\":77,\"height\":80,\"caption\":\"Mickeys Surf School\"},\"image\":{\"@id\":\"https:\\\/\\\/mickeysurfschool.com\\\/#\\\/schema\\\/logo\\\/image\\\/\"},\"sameAs\":[\"https:\\\/\\\/www.facebook.com\\\/p\\\/Mickeys-surf-school-100081267286467\\\/\",\"https:\\\/\\\/www.instagram.com\\\/mickeysurfschool\\\/?hl=en\",\"https:\\\/\\\/www.tiktok.com\\\/@mickeysurfschool\"]}]}<\/script>","yoast_head_json":{"title":"\uc640\uc774\ud0a4\ud0a4\uc758 \uc5ed\uc0ac, \ubb38\ud654, \uc11c\ud551 \ubc0f \ud604\uc9c0 \uc0dd\ud65c","description":"\ub2e8\uc21c\ud55c \ud734\uc591\uc9c0\uac00 \uc544\ub2cc \uc0b4\uc544\uc788\ub294 \ub3d9\ub124\ub85c\uc11c\uc758 \uc640\uc774\ud0a4\ud0a4\ub97c \ud0d0\ud5d8\ud574 \ubcf4\uc138\uc694. \uc640\uc774\ud0a4\ud0a4\uc758 \uc5ed\uc0ac, \ubb38\ud654\uc801 \uce35\uc704, \uc77c\uc0c1 \uc0dd\ud65c, \uc11c\ud551\uc774 \uc640\uc774\ud0a4\ud0a4\uc758 \uc815\uccb4\uc131\uc758 \uc911\uc2ec\uc774 \ub418\ub294 \uc774\uc720\uc5d0 \ub300\ud574 \uc54c\uc544\ubcf4\uc138\uc694.","robots":{"index":"noindex","follow":"follow"},"og_locale":"ko_KR","og_type":"article","og_title":"Waik\u012bk\u012b History, Culture, Surfing & Local Life","og_description":"Explore Waik\u012bk\u012b as a living neighborhood, not just a resort. Learn its history, cultural layers, daily life, and why surfing remains central to Waik\u012bk\u012b\u2019s identity.","og_url":"https:\/\/mickeysurfschool.com\/ko\/\uc640\uc774\ud0a4\ud0a4\/","og_site_name":"Mickey&#039;s Surf School","article_publisher":"https:\/\/www.facebook.com\/p\/Mickeys-surf-school-100081267286467\/","article_modified_time":"2026-02-16T02:28:01+00:00","og_image":[{"width":2560,"height":1440,"url":"https:\/\/mickeysurfschool.com\/wp-content\/uploads\/2026\/02\/waikiki-surfing-d.webp","type":"image\/webp"}],"twitter_card":"summary_large_image","twitter_misc":{"\uc608\uc0c1 \ub418\ub294 \ud310\ub3c5 \uc2dc\uac04":"3\ubd84"},"schema":{"@context":"https:\/\/schema.org","@graph":[{"@type":"WebPage","@id":"https:\/\/mickeysurfschool.com\/ko\/privacy-policy\/","url":"https:\/\/mickeysurfschool.com\/ko\/privacy-policy\/","name":"\uc640\uc774\ud0a4\ud0a4\uc758 \uc5ed\uc0ac, \ubb38\ud654, \uc11c\ud551 \ubc0f \ud604\uc9c0 \uc0dd\ud65c","isPartOf":{"@id":"https:\/\/mickeysurfschool.com\/#website"},"primaryImageOfPage":{"@id":"https:\/\/mickeysurfschool.com\/ko\/privacy-policy\/#primaryimage"},"image":{"@id":"https:\/\/mickeysurfschool.com\/ko\/privacy-policy\/#primaryimage"},"thumbnailUrl":"https:\/\/mickeysurfschool.com\/wp-content\/uploads\/2026\/02\/waikiki-surfing-d.webp","datePublished":"2026-02-07T17:58:33+00:00","dateModified":"2026-02-16T02:28:01+00:00","description":"\ub2e8\uc21c\ud55c \ud734\uc591\uc9c0\uac00 \uc544\ub2cc \uc0b4\uc544\uc788\ub294 \ub3d9\ub124\ub85c\uc11c\uc758 \uc640\uc774\ud0a4\ud0a4\ub97c \ud0d0\ud5d8\ud574 \ubcf4\uc138\uc694. \uc640\uc774\ud0a4\ud0a4\uc758 \uc5ed\uc0ac, \ubb38\ud654\uc801 \uce35\uc704, \uc77c\uc0c1 \uc0dd\ud65c, \uc11c\ud551\uc774 \uc640\uc774\ud0a4\ud0a4\uc758 \uc815\uccb4\uc131\uc758 \uc911\uc2ec\uc774 \ub418\ub294 \uc774\uc720\uc5d0 \ub300\ud574 \uc54c\uc544\ubcf4\uc138\uc694.","breadcrumb":{"@id":"https:\/\/mickeysurfschool.com\/ko\/privacy-policy\/#breadcrumb"},"inLanguage":"ko-KR","potentialAction":[{"@type":"ReadAction","target":["https:\/\/mickeysurfschool.com\/ko\/privacy-policy\/"]}]},{"@type":"ImageObject","inLanguage":"ko-KR","@id":"https:\/\/mickeysurfschool.com\/ko\/privacy-policy\/#primaryimage","url":"https:\/\/mickeysurfschool.com\/wp-content\/uploads\/2026\/02\/waikiki-surfing-d.webp","contentUrl":"https:\/\/mickeysurfschool.com\/wp-content\/uploads\/2026\/02\/waikiki-surfing-d.webp","width":2560,"height":1440},{"@type":"BreadcrumbList","@id":"https:\/\/mickeysurfschool.com\/ko\/privacy-policy\/#breadcrumb","itemListElement":[{"@type":"ListItem","position":1,"name":"Home","item":"https:\/\/mickeysurfschool.com\/"},{"@type":"ListItem","position":2,"name":"Privacy Policy","item":"https:\/\/mickeysurfschool.com\/ko\/"}]},{"@type":"WebSite","@id":"https:\/\/mickeysurfschool.com\/#website","url":"https:\/\/mickeysurfschool.com\/","name":"\ubbf8\ud0a4\uc2a4 \uc11c\ud551 \uc2a4\ucfe8","description":"","publisher":{"@id":"https:\/\/mickeysurfschool.com\/#organization"},"inLanguage":"ko-KR"},{"@type":"Organization","@id":"https:\/\/mickeysurfschool.com\/#organization","name":"\ubbf8\ud0a4\uc2a4 \uc11c\ud551 \uc2a4\ucfe8","url":"https:\/\/mickeysurfschool.com\/","logo":{"@type":"ImageObject","inLanguage":"ko-KR","@id":"https:\/\/mickeysurfschool.com\/#\/schema\/logo\/image\/","url":"https:\/\/mickeysurfschool.com\/wp-content\/uploads\/2025\/11\/mickey_surf_school_logo-black.svg","contentUrl":"https:\/\/mickeysurfschool.com\/wp-content\/uploads\/2025\/11\/mickey_surf_school_logo-black.svg","width":77,"height":80,"caption":"Mickeys Surf School"},"image":{"@id":"https:\/\/mickeysurfschool.com\/#\/schema\/logo\/image\/"},"sameAs":["https:\/\/www.facebook.com\/p\/Mickeys-surf-school-100081267286467\/","https:\/\/www.instagram.com\/mickeysurfschool\/?hl=en","https:\/\/www.tiktok.com\/@mickeysurfschool"]}]}},"_links":{"self":[{"href":"https:\/\/mickeysurfschool.com\/ko\/wp-json\/wp\/v2\/pages\/6576","targetHints":{"allow":["GET"]}}],"collection":[{"href":"https:\/\/mickeysurfschool.com\/ko\/wp-json\/wp\/v2\/pages"}],"about":[{"href":"https:\/\/mickeysurfschool.com\/ko\/wp-json\/wp\/v2\/types\/page"}],"author":[{"embeddable":true,"href":"https:\/\/mickeysurfschool.com\/ko\/wp-json\/wp\/v2\/users\/1"}],"replies":[{"embeddable":true,"href":"https:\/\/mickeysurfschool.com\/ko\/wp-json\/wp\/v2\/comments?post=6576"}],"version-history":[{"count":3,"href":"https:\/\/mickeysurfschool.com\/ko\/wp-json\/wp\/v2\/pages\/6576\/revisions"}],"predecessor-version":[{"id":6605,"href":"https:\/\/mickeysurfschool.com\/ko\/wp-json\/wp\/v2\/pages\/6576\/revisions\/6605"}],"wp:featuredmedia":[{"embeddable":true,"href":"https:\/\/mickeysurfschool.com\/ko\/wp-json\/wp\/v2\/media\/6421"}],"wp:attachment":[{"href":"https:\/\/mickeysurfschool.com\/ko\/wp-json\/wp\/v2\/media?parent=6576"}],"curies":[{"name":"wp","href":"https:\/\/api.w.org\/{rel}","templated":true}]}}