{"id":6577,"date":"2026-02-07T17:57:59","date_gmt":"2026-02-07T17:57:59","guid":{"rendered":"https:\/\/mickeysurfschool.com\/?page_id=6577"},"modified":"2026-02-16T02:27:38","modified_gmt":"2026-02-16T02:27:38","slug":"%e8%ab%b8%e6%9d%a1%e4%bb%b6","status":"publish","type":"page","link":"https:\/\/mickeysurfschool.com\/ja\/terms-conditions\/","title":{"rendered":"\u3054\u5229\u7528\u6761\u4ef6"},"content":{"rendered":"<body>\n<div class=\"section-wrap\">\n<div class=\"section-inner\">\n<h1 class=\"wp-block-heading\"><strong>\u3054\u5229\u7528\u6761\u4ef6<\/strong><\/h1>\n\n\n\n<p><strong>\u767a\u52b9\u65e5<\/strong> 2026\u5e742\u67087\u65e5<\/p>\n\n\n\n<hr class=\"wp-block-separator has-alpha-channel-opacity\">\n\n\n\n<h2 class=\"wp-block-heading\"><strong>1.\u898f\u7d04\u306e\u53d7\u8afe<\/strong><\/h2>\n\n\n\n<p>\u672c\u30a6\u30a7\u30d6\u30b5\u30a4\u30c8\u3078\u306e\u30a2\u30af\u30bb\u30b9\u3082\u3057\u304f\u306f\u5229\u7528\u3001\u307e\u305f\u306fMickey's Surf School\u304c\u63d0\u4f9b\u3059\u308b\u30b5\u30fc\u30d3\u30b9\u3078\u306e\u53c2\u52a0\u306b\u3088\u308a\u3001\u5229\u7528\u8005\u306f\u672c\u5229\u7528\u898f\u7d04\u306b\u62d8\u675f\u3055\u308c\u308b\u3053\u3068\u306b\u540c\u610f\u3057\u305f\u3082\u306e\u3068\u307f\u306a\u3055\u308c\u307e\u3059\u3002.<\/p>\n\n\n\n<p>\u3054\u540c\u610f\u3044\u305f\u3060\u3051\u306a\u3044\u5834\u5408\u306f\u3001\u672c\u30a6\u30a7\u30d6\u30b5\u30a4\u30c8\u307e\u305f\u306f\u5f53\u793e\u306e\u30b5\u30fc\u30d3\u30b9\u3092\u3054\u5229\u7528\u306b\u306a\u3089\u306a\u3044\u3067\u304f\u3060\u3055\u3044\u3002.<\/p>\n\n\n\n<hr class=\"wp-block-separator has-alpha-channel-opacity\">\n\n\n\n<h2 class=\"wp-block-heading\"><strong>2.\u63d0\u4f9b\u30b5\u30fc\u30d3\u30b9<\/strong><\/h2>\n\n\n\n<p>\u30df\u30c3\u30ad\u30fc\u30ba\u30fb\u30b5\u30fc\u30d5\u30fb\u30b9\u30af\u30fc\u30eb\u304c\u63d0\u4f9b\u3059\u308b\u3082\u306e\u306f\u3001\u3053\u308c\u3060\u3051\u306b\u9650\u308a\u307e\u305b\u3093\uff1a<\/p>\n\n\n\n<ul class=\"wp-block-list\">\n<li>\u30d7\u30e9\u30a4\u30d9\u30fc\u30c8\u30fb\u30b5\u30fc\u30d5\u30a3\u30f3\u30fb\u30ec\u30c3\u30b9\u30f3<\/li>\n\n\n\n<li>\u30bb\u30df\u30d7\u30e9\u30a4\u30d9\u30fc\u30c8\u30fb\u30b5\u30fc\u30d5\u30a3\u30f3\u30fb\u30ec\u30c3\u30b9\u30f3<\/li>\n\n\n\n<li>\u30b0\u30eb\u30fc\u30d7\u30fb\u30b5\u30fc\u30d5\u30a3\u30f3\u30fb\u30ec\u30c3\u30b9\u30f3<\/li>\n\n\n\n<li>\u5b50\u4f9b\u30b5\u30fc\u30d5\u30ec\u30c3\u30b9\u30f3<\/li>\n\n\n\n<li>\u30d5\u30a1\u30df\u30ea\u30fc\u30fb\u30b5\u30fc\u30d5\u30a3\u30f3\u30fb\u30ec\u30c3\u30b9\u30f3<\/li>\n\n\n\n<li>\u4e0a\u7d1a\u30b5\u30fc\u30d5\u30ec\u30c3\u30b9\u30f3<\/li>\n\n\n\n<li>\u30b9\u30bf\u30f3\u30c9\u30a2\u30c3\u30d7\u30d1\u30c9\u30eb\u30ec\u30c3\u30b9\u30f3<\/li>\n\n\n\n<li>\u30b5\u30fc\u30d5\u30dc\u30fc\u30c9\u30ec\u30f3\u30bf\u30eb<\/li>\n\n\n\n<li>\u30b5\u30fc\u30d5\u30c4\u30a2\u30fc<\/li>\n<\/ul>\n\n\n\n<p>\u3059\u3079\u3066\u306e\u30b5\u30fc\u30d3\u30b9\u306f <strong>\u5c4b\u5916\u306e\u6d77\u6d0b\u74b0\u5883<\/strong> \u307e\u305f\u3001\u56fa\u6709\u306e\u30ea\u30b9\u30af\u3092\u4f34\u3046\u3002.<\/p>\n\n\n\n<hr class=\"wp-block-separator has-alpha-channel-opacity\">\n\n\n\n<h2 class=\"wp-block-heading\"><strong>3.\u30ea\u30b9\u30af\u306e\u60f3\u5b9a<\/strong><\/h2>\n\n\n\n<p>\u5229\u7528\u8005\u306f\u3001\u4ee5\u4e0b\u306e\u4e8b\u9805\u3092\u8a8d\u8b58\u3057\u3001\u540c\u610f\u3059\u308b\u3082\u306e\u3068\u3057\u307e\u3059\uff1a<\/p>\n\n\n\n<ul class=\"wp-block-list\">\n<li>\u30b5\u30fc\u30d5\u30a3\u30f3\u3068\u6d77\u6d0b\u6d3b\u52d5\u306f\u672c\u8cea\u7684\u306b\u5371\u967a\u3067\u3042\u308b<\/li>\n\n\n\n<li>\u5f37\u3044\u6f6e\u6d41\u3001\u6ce2\u3001\u6d77\u6d0b\u751f\u7269\u3001\u5929\u5019\u306e\u5909\u5316\u3001\u4f53\u529b\u306e\u6d88\u8017\u306a\u3069\u3001\u3055\u307e\u3056\u307e\u306a\u6761\u4ef6\u304c\u542b\u307e\u308c\u308b\u3002<\/li>\n\n\n\n<li>\u50b7\u5bb3\u3001\u75be\u75c5\u3001\u7269\u7684\u640d\u5bb3\u3001\u6b7b\u4ea1\u304c\u767a\u751f\u3059\u308b\u53ef\u80fd\u6027\u304c\u3042\u308b\u3002<\/li>\n<\/ul>\n\n\n\n<p>\u53c2\u52a0\u306f\u3059\u3079\u3066\u81ea\u5df1\u8cac\u4efb\u3067\u304a\u9858\u3044\u3057\u307e\u3059\u3002.<\/p>\n\n\n\n<hr class=\"wp-block-separator has-alpha-channel-opacity\">\n\n\n\n<h2 class=\"wp-block-heading\"><strong>4.\u8cac\u4efb\u306e\u5236\u9650<\/strong><\/h2>\n\n\n\n<p>\u306b\u5bfe\u3057\u3066 <strong>\u6cd5\u5f8b\u3067\u8a8d\u3081\u3089\u308c\u308b\u6700\u5927\u9650\u306e\u7bc4\u56f2<\/strong>, \u30df\u30c3\u30ad\u30fc\u30ba\u30fb\u30b5\u30fc\u30d5\u30fb\u30b9\u30af\u30fc\u30eb\u3001\u30df\u30ab\u30fb\u30d4\u30a8\u30c9\u30f4\u30a1\u30fc\u30c1\u30a7\u3068\u3059\u308b\u3002 <strong>\u8cac\u4efb\u3092\u8ca0\u308f\u306a\u3044<\/strong> \u3069\u3093\u306a\u3082\u306e\u3067\u3082\uff1a<\/p>\n\n\n\n<ul class=\"wp-block-list\">\n<li>\u8ca0\u50b7<\/li>\n\n\n\n<li>\u640d\u5931<\/li>\n\n\n\n<li>\u30c0\u30e1\u30fc\u30b8<\/li>\n\n\n\n<li>\u9045\u5ef6<\/li>\n\n\n\n<li>\u30ad\u30e3\u30f3\u30bb\u30eb<\/li>\n\n\n\n<li>\u500b\u4eba\u8cc7\u7523\u306e\u640d\u5931<\/li>\n\n\n\n<li>\u7cbe\u795e\u7684\u82e6\u75db<\/li>\n<\/ul>\n\n\n\n<p>\u3053\u308c\u306f\u3001\u904e\u5931\u306b\u8d77\u56e0\u3059\u308b\u304b\u5426\u304b\u3092\u554f\u308f\u305a\u9069\u7528\u3055\u308c\u307e\u3059\u3002.<\/p>\n\n\n\n<hr class=\"wp-block-separator has-alpha-channel-opacity\">\n\n\n\n<h2 class=\"wp-block-heading\"><strong>5.\u88dc\u511f<\/strong><\/h2>\n\n\n\n<p>\u5229\u7528\u8005\u306f\u3001Mickey's Surf School\u304a\u3088\u3073Micah Piedvache\u3092\u3001\u4ee5\u4e0b\u306e\u4e8b\u9805\u304b\u3089\u751f\u3058\u308b\u3044\u304b\u306a\u308b\u8acb\u6c42\u3001\u640d\u5bb3\u3001\u307e\u305f\u306f\u8cbb\u7528\u304b\u3089\u3082\u514d\u8cac\u3057\u3001\u640d\u5bb3\u3092\u4e0e\u3048\u306a\u3044\u3053\u3068\u306b\u540c\u610f\u3059\u308b\u3082\u306e\u3068\u3057\u307e\u3059\uff1a<\/p>\n\n\n\n<ul class=\"wp-block-list\">\n<li>\u30b5\u30fc\u30d3\u30b9\u3078\u306e\u53c2\u52a0<\/li>\n\n\n\n<li>\u5f53\u30a6\u30a7\u30d6\u30b5\u30a4\u30c8\u306e\u3054\u5229\u7528\u306b\u3064\u3044\u3066<\/li>\n\n\n\n<li>\u672c\u898f\u7d04\u306b\u9055\u53cd\u3059\u308b\u884c\u70ba<\/li>\n<\/ul>\n\n\n\n<hr class=\"wp-block-separator has-alpha-channel-opacity\">\n\n\n\n<h2 class=\"wp-block-heading\"><strong>6.\u4e88\u7d04\u30ea\u30af\u30a8\u30b9\u30c8\u3068\u652f\u6255\u3044<\/strong><\/h2>\n\n\n\n<ul class=\"wp-block-list\">\n<li>\u4e88\u7d04\u30ea\u30af\u30a8\u30b9\u30c8\u306f\u30d5\u30a9\u30fc\u30e0\u304b\u3089<\/li>\n\n\n\n<li>\u30aa\u30f3\u30e9\u30a4\u30f3\u6c7a\u6e08\u30b2\u30fc\u30c8\u30a6\u30a7\u30a4\u306f\u4f7f\u7528\u3057\u306a\u3044<\/li>\n\n\n\n<li>\u4fa1\u683c\u3001\u7a7a\u5ba4\u72b6\u6cc1\u3001\u78ba\u8a8d\u306f\u76f4\u63a5\u884c\u308f\u308c\u307e\u3059\u3002<\/li>\n\n\n\n<li>\u5f53\u793e\u306e\u5224\u65ad\u306b\u3088\u308a\u3001\u30b5\u30fc\u30d3\u30b9\u3092\u304a\u65ad\u308a\u3059\u308b\u3053\u3068\u304c\u3042\u308a\u307e\u3059\u3002<\/li>\n<\/ul>\n\n\n\n<hr class=\"wp-block-separator has-alpha-channel-opacity\">\n\n\n\n<h2 class=\"wp-block-heading\"><strong>7.\u30ad\u30e3\u30f3\u30bb\u30eb\u3068\u5909\u66f4<\/strong><\/h2>\n\n\n\n<p>\u5929\u5019\u3001\u6d77\u6d0b\u72b6\u6cc1\u3001\u307e\u305f\u306f\u5b89\u5168\u4e0a\u306e\u7406\u7531\u306b\u3088\u308a\u5fc5\u8981\u306a\u5834\u5408\u304c\u3042\u308a\u307e\u3059\uff1a<\/p>\n\n\n\n<ul class=\"wp-block-list\">\n<li>\u30ea\u30b9\u30b1\u30b8\u30e5\u30fc\u30eb<\/li>\n\n\n\n<li>\u4fee\u6b63<\/li>\n\n\n\n<li>\u30b5\u30fc\u30d3\u30b9\u306e\u30ad\u30e3\u30f3\u30bb\u30eb<\/li>\n<\/ul>\n\n\n\n<p>\u3053\u306e\u3088\u3046\u306a\u6c7a\u5b9a\u306f\u6700\u7d42\u7684\u306a\u3082\u306e\u3067\u3042\u308a\u3001\u5b89\u5168\u306e\u305f\u3081\u306b\u884c\u308f\u308c\u308b\u3082\u306e\u3067\u3042\u308b\u3002.<\/p>\n\n\n\n<hr class=\"wp-block-separator has-alpha-channel-opacity\">\n\n\n\n<h2 class=\"wp-block-heading\"><strong>8.\u77e5\u7684\u8ca1\u7523<\/strong><\/h2>\n\n\n\n<p>\u30c6\u30ad\u30b9\u30c8\u3001\u753b\u50cf\u3001\u30ed\u30b4\u3001\u30d6\u30e9\u30f3\u30c9\u3092\u542b\u3080\u5f53\u30b5\u30a4\u30c8\u4e0a\u306e\u3059\u3079\u3066\u306e\u30b3\u30f3\u30c6\u30f3\u30c4\u306f\u3001\u7279\u306b\u660e\u8a18\u3055\u308c\u3066\u3044\u306a\u3044\u9650\u308a\u3001Mickey's Surf School\u306b\u5e30\u5c5e\u3057\u307e\u3059\u3002.<\/p>\n\n\n\n<p>\u7121\u65ad\u4f7f\u7528\u306f\u7981\u6b62\u3055\u308c\u3066\u3044\u308b\u3002.<\/p>\n\n\n\n<hr class=\"wp-block-separator has-alpha-channel-opacity\">\n\n\n\n<h2 class=\"wp-block-heading\"><strong>9.\u4ef2\u88c1<\/strong><\/h2>\n\n\n\n<p>\u672c\u898f\u7d04\u307e\u305f\u306f\u30b5\u30fc\u30d3\u30b9\u306b\u8d77\u56e0\u307e\u305f\u306f\u95a2\u9023\u3059\u308b\u7d1b\u4e89\u306f\u3001\u4ee5\u4e0b\u306e\u65b9\u6cd5\u3067\u89e3\u6c7a\u3055\u308c\u308b\u3082\u306e\u3068\u3057\u307e\u3059\u3002 <strong>\u62d8\u675f\u529b\u306e\u3042\u308b\u4ef2\u88c1<\/strong>, \u6cd5\u5ef7\u8a34\u8a1f\u3067\u306f\u306a\u3044\u3002.<\/p>\n\n\n\n<p>\u4ef2\u88c1\u306f\u30cf\u30ef\u30a4\u5dde\u3067\u884c\u308f\u308c\u308b\u3082\u306e\u3068\u3059\u308b\u3002.<\/p>\n\n\n\n<hr class=\"wp-block-separator has-alpha-channel-opacity\">\n\n\n\n<h2 class=\"wp-block-heading\"><strong>10.\u6e96\u62e0\u6cd5<\/strong><\/h2>\n\n\n\n<p>\u672c\u898f\u7d04\u306f\u3001\u4ee5\u4e0b\u306e\u6cd5\u5f8b\u306b\u6e96\u62e0\u3057\u307e\u3059\u3002 <strong>\u30cf\u30ef\u30a4\u5dde<\/strong>, \u62b5\u89e6\u6cd5\u306e\u539f\u5247\u306b\u95a2\u4fc2\u306a\u304f\u3002.<\/p>\n\n\n\n<hr class=\"wp-block-separator has-alpha-channel-opacity\">\n\n\n\n<h2 class=\"wp-block-heading\"><strong>11.\u5206\u96e2\u53ef\u80fd\u6027<\/strong><\/h2>\n\n\n\n<p>\u672c\u898f\u7d04\u306e\u3044\u305a\u308c\u304b\u306e\u6761\u9805\u304c\u57f7\u884c\u4e0d\u80fd\u3068\u5224\u65ad\u3055\u308c\u305f\u5834\u5408\u3067\u3082\u3001\u6b8b\u308a\u306e\u6761\u9805\u306f\u6709\u52b9\u306b\u5b58\u7d9a\u3057\u307e\u3059\u3002.<\/p>\n\n\n\n<hr class=\"wp-block-separator has-alpha-channel-opacity\">\n\n\n\n<h2 class=\"wp-block-heading\"><strong>12.\u898f\u7d04\u306e\u5909\u66f4<\/strong><\/h2>\n\n\n\n<p>\u898f\u7d04\u306f\u3044\u3064\u3067\u3082\u66f4\u65b0\u3055\u308c\u308b\u53ef\u80fd\u6027\u304c\u3042\u308a\u307e\u3059\u3002.<\/p>\n\n\n\n<p>\u7d99\u7d9a\u7684\u306a\u5229\u7528\u306f\u3001\u66f4\u65b0\u3055\u308c\u305f\u6761\u4ef6\u306b\u540c\u610f\u3057\u305f\u3082\u306e\u3068\u307f\u306a\u3055\u308c\u307e\u3059\u3002.<\/p>\n\n\n\n<hr class=\"wp-block-separator has-alpha-channel-opacity\">\n\n\n\n<h2 class=\"wp-block-heading\"><strong>13.\u9023\u7d61\u5148<\/strong><\/h2>\n\n\n\n<p>\u30de\u30a4\u30ab\u30fb\u30d4\u30a8\u30c9\u30d0\u30c1\u30a7<\/p>\n\n\n\n<p>2412 \u30b3\u30a2\u30fb\u30a2\u30d9\u30cb\u30e5\u30fc<\/p>\n\n\n\n<p>\u30db\u30ce\u30eb\u30eb, HI 96815-3206<\/p>\n\n\n\n<p>\u96fb\u8a71\uff1a808-218-5238<\/p>\n<\/div>\n<\/div>\n<\/body>","protected":false},"excerpt":{"rendered":"<p>\u5229\u7528\u898f\u7d04 \u767a\u52b9\u65e5: 2026\u5e742\u67087\u65e5 1. \u5229\u7528\u898f\u7d04\u3078\u306e\u540c\u610f\n\u672c\u30a6\u30a7\u30d6\u30b5\u30a4\u30c8\u306b\u30a2\u30af\u30bb\u30b9\u307e\u305f\u306f\u5229\u7528\u3057\u3001\u307e\u305f\u306f\u30df\u30c3\u30ad\u30fc\u30ba\u30fb\u30b5\u30fc\u30d5\u30fb\u30b9\u30af\u30fc\u30eb\u306e\u63d0\u4f9b\u3059\u308b\u3044\u304b\u306a\u308b\u30b5\u30fc\u30d3\u30b9\u306b\u53c2\u52a0\u3059\u308b\u3053\u3068\u306b\u3088\u308a\u3001\u304a\u5ba2\u69d8\u306f\u672c\u5229\u7528\u898f\u7d04\u306b\u62d8\u675f\u3055\u308c\u308b\u3053\u3068\u306b\u540c\u610f\u3059\u308b\u3082\u306e\u3068\u3057\u307e\u3059\u3002\u540c\u610f\u3057\u306a\u3044\u5834\u5408\u306f\u3001\u672c\u30a6\u30a7\u30d6\u30b5\u30a4\u30c8\u307e\u305f\u306f\u5f53\u793e\u306e\u30b5\u30fc\u30d3\u30b9\u3092\u5229\u7528\u3057\u306a\u3044\u3067\u304f\u3060\u3055\u3044\u3002\n2. \u63d0\u4f9b\u30b5\u30fc\u30d3\u30b9\n\u30df\u30c3\u30ad\u30fc\u30ba\u2026 <a title=\"\u3054\u5229\u7528\u6761\u4ef6\" class=\"read-more\" href=\"https:\/\/mickeysurfschool.com\/ja\/terms-conditions\/\" aria-label=\"\u5229\u7528\u898f\u7d04\u306b\u3064\u3044\u3066 \u3055\u3089\u306b\u8aad\u3080\">\u3082\u3063\u3068\u8aad\u3080<\/a><\/p>","protected":false},"author":1,"featured_media":6421,"parent":0,"menu_order":0,"comment_status":"closed","ping_status":"closed","template":"","meta":{"_acf_changed":false,"nf_dc_page":"","footnotes":""},"class_list":["post-6577","page","type-page","status-publish","has-post-thumbnail"],"acf":{"hero_image_mobile":6420,"keyword_data":""},"yoast_head":"<title>Waik\u012bk\u012b History, Culture, Surfing &amp; Local Life<\/title>\n<meta name=\"description\" content=\"Explore Waik\u012bk\u012b as a living neighborhood, not just a resort. Learn its history, cultural layers, daily life, and why surfing remains central to Waik\u012bk\u012b\u2019s identity.\" \/>\n<meta name=\"robots\" content=\"noindex, follow\" \/>\n<meta property=\"og:locale\" content=\"ja_JP\" \/>\n<meta property=\"og:type\" content=\"article\" \/>\n<meta property=\"og:title\" content=\"Waik\u012bk\u012b History, Culture, Surfing &amp; Local Life\" \/>\n<meta property=\"og:description\" content=\"Explore Waik\u012bk\u012b as a living neighborhood, not just a resort. Learn its history, cultural layers, daily life, and why surfing remains central to Waik\u012bk\u012b\u2019s identity.\" \/>\n<meta property=\"og:url\" content=\"https:\/\/mickeysurfschool.com\/ja\/\u30ef\u30a4\u30ad\u30ad\/\" \/>\n<meta property=\"og:site_name\" content=\"Mickey&#039;s Surf School\" \/>\n<meta property=\"article:publisher\" content=\"https:\/\/www.facebook.com\/p\/Mickeys-surf-school-100081267286467\/\" \/>\n<meta property=\"article:modified_time\" content=\"2026-02-16T02:27:38+00:00\" \/>\n<meta property=\"og:image\" content=\"https:\/\/mickeysurfschool.com\/wp-content\/uploads\/2026\/02\/waikiki-surfing-d.webp\" \/>\n\t<meta property=\"og:image:width\" content=\"2560\" \/>\n\t<meta property=\"og:image:height\" content=\"1440\" \/>\n\t<meta property=\"og:image:type\" content=\"image\/webp\" \/>\n<meta name=\"twitter:card\" content=\"summary_large_image\" \/>\n<meta name=\"twitter:label1\" content=\"\u63a8\u5b9a\u8aad\u307f\u53d6\u308a\u6642\u9593\" \/>\n\t<meta name=\"twitter:data1\" content=\"3\u5206\" \/>\n<script type=\"application\/ld+json\" class=\"yoast-schema-graph\">{\"@context\":\"https:\\\/\\\/schema.org\",\"@graph\":[{\"@type\":\"WebPage\",\"@id\":\"https:\\\/\\\/mickeysurfschool.com\\\/ja\\\/terms-conditions\\\/\",\"url\":\"https:\\\/\\\/mickeysurfschool.com\\\/ja\\\/terms-conditions\\\/\",\"name\":\"Waik\u012bk\u012b History, Culture, Surfing & Local Life\",\"isPartOf\":{\"@id\":\"https:\\\/\\\/mickeysurfschool.com\\\/#website\"},\"primaryImageOfPage\":{\"@id\":\"https:\\\/\\\/mickeysurfschool.com\\\/ja\\\/terms-conditions\\\/#primaryimage\"},\"image\":{\"@id\":\"https:\\\/\\\/mickeysurfschool.com\\\/ja\\\/terms-conditions\\\/#primaryimage\"},\"thumbnailUrl\":\"https:\\\/\\\/mickeysurfschool.com\\\/wp-content\\\/uploads\\\/2026\\\/02\\\/waikiki-surfing-d.webp\",\"datePublished\":\"2026-02-07T17:57:59+00:00\",\"dateModified\":\"2026-02-16T02:27:38+00:00\",\"description\":\"Explore Waik\u012bk\u012b as a living neighborhood, not just a resort. Learn its history, cultural layers, daily life, and why surfing remains central to Waik\u012bk\u012b\u2019s identity.\",\"breadcrumb\":{\"@id\":\"https:\\\/\\\/mickeysurfschool.com\\\/ja\\\/terms-conditions\\\/#breadcrumb\"},\"inLanguage\":\"ja\",\"potentialAction\":[{\"@type\":\"ReadAction\",\"target\":[\"https:\\\/\\\/mickeysurfschool.com\\\/ja\\\/terms-conditions\\\/\"]}]},{\"@type\":\"ImageObject\",\"inLanguage\":\"ja\",\"@id\":\"https:\\\/\\\/mickeysurfschool.com\\\/ja\\\/terms-conditions\\\/#primaryimage\",\"url\":\"https:\\\/\\\/mickeysurfschool.com\\\/wp-content\\\/uploads\\\/2026\\\/02\\\/waikiki-surfing-d.webp\",\"contentUrl\":\"https:\\\/\\\/mickeysurfschool.com\\\/wp-content\\\/uploads\\\/2026\\\/02\\\/waikiki-surfing-d.webp\",\"width\":2560,\"height\":1440},{\"@type\":\"BreadcrumbList\",\"@id\":\"https:\\\/\\\/mickeysurfschool.com\\\/ja\\\/terms-conditions\\\/#breadcrumb\",\"itemListElement\":[{\"@type\":\"ListItem\",\"position\":1,\"name\":\"Home\",\"item\":\"https:\\\/\\\/mickeysurfschool.com\\\/\"},{\"@type\":\"ListItem\",\"position\":2,\"name\":\"Terms &amp; Conditions\",\"item\":\"https:\\\/\\\/mickeysurfschool.com\\\/ja\\\/\"}]},{\"@type\":\"WebSite\",\"@id\":\"https:\\\/\\\/mickeysurfschool.com\\\/#website\",\"url\":\"https:\\\/\\\/mickeysurfschool.com\\\/\",\"name\":\"Mickeys Surf School\",\"description\":\"\",\"publisher\":{\"@id\":\"https:\\\/\\\/mickeysurfschool.com\\\/#organization\"},\"inLanguage\":\"ja\"},{\"@type\":\"Organization\",\"@id\":\"https:\\\/\\\/mickeysurfschool.com\\\/#organization\",\"name\":\"Mickeys Surf School\",\"url\":\"https:\\\/\\\/mickeysurfschool.com\\\/\",\"logo\":{\"@type\":\"ImageObject\",\"inLanguage\":\"ja\",\"@id\":\"https:\\\/\\\/mickeysurfschool.com\\\/#\\\/schema\\\/logo\\\/image\\\/\",\"url\":\"https:\\\/\\\/mickeysurfschool.com\\\/wp-content\\\/uploads\\\/2025\\\/11\\\/mickey_surf_school_logo-black.svg\",\"contentUrl\":\"https:\\\/\\\/mickeysurfschool.com\\\/wp-content\\\/uploads\\\/2025\\\/11\\\/mickey_surf_school_logo-black.svg\",\"width\":77,\"height\":80,\"caption\":\"Mickeys Surf School\"},\"image\":{\"@id\":\"https:\\\/\\\/mickeysurfschool.com\\\/#\\\/schema\\\/logo\\\/image\\\/\"},\"sameAs\":[\"https:\\\/\\\/www.facebook.com\\\/p\\\/Mickeys-surf-school-100081267286467\\\/\",\"https:\\\/\\\/www.instagram.com\\\/mickeysurfschool\\\/?hl=en\",\"https:\\\/\\\/www.tiktok.com\\\/@mickeysurfschool\"]}]}<\/script>","yoast_head_json":{"title":"\u30ef\u30a4\u30ad\u30ad\u306e\u6b74\u53f2\u3001\u6587\u5316\u3001\u30b5\u30fc\u30d5\u30a3\u30f3\u3001\u30ed\u30fc\u30ab\u30eb\u30e9\u30a4\u30d5","description":"\u5358\u306a\u308b\u30ea\u30be\u30fc\u30c8\u5730\u3067\u306f\u306a\u304f\u3001\u751f\u6d3b\u570f\u3068\u3057\u3066\u306e\u30ef\u30a4\u30ad\u30ad\u3092\u63a2\u7d22\u3002\u30ef\u30a4\u30ad\u30ad\u306e\u6b74\u53f2\u3001\u6587\u5316\u3001\u65e5\u5e38\u751f\u6d3b\u3001\u305d\u3057\u3066\u306a\u305c\u30b5\u30fc\u30d5\u30a3\u30f3\u304c\u30ef\u30a4\u30ad\u30ad\u306e\u30a2\u30a4\u30c7\u30f3\u30c6\u30a3\u30c6\u30a3\u306e\u4e2d\u5fc3\u3067\u3042\u308a\u7d9a\u3051\u308b\u306e\u304b\u3002.","robots":{"index":"noindex","follow":"follow"},"og_locale":"ja_JP","og_type":"article","og_title":"Waik\u012bk\u012b History, Culture, Surfing & Local Life","og_description":"Explore Waik\u012bk\u012b as a living neighborhood, not just a resort. Learn its history, cultural layers, daily life, and why surfing remains central to Waik\u012bk\u012b\u2019s identity.","og_url":"https:\/\/mickeysurfschool.com\/ja\/\u30ef\u30a4\u30ad\u30ad\/","og_site_name":"Mickey&#039;s Surf School","article_publisher":"https:\/\/www.facebook.com\/p\/Mickeys-surf-school-100081267286467\/","article_modified_time":"2026-02-16T02:27:38+00:00","og_image":[{"width":2560,"height":1440,"url":"https:\/\/mickeysurfschool.com\/wp-content\/uploads\/2026\/02\/waikiki-surfing-d.webp","type":"image\/webp"}],"twitter_card":"summary_large_image","twitter_misc":{"\u63a8\u5b9a\u8aad\u307f\u53d6\u308a\u6642\u9593":"3\u5206"},"schema":{"@context":"https:\/\/schema.org","@graph":[{"@type":"WebPage","@id":"https:\/\/mickeysurfschool.com\/ja\/terms-conditions\/","url":"https:\/\/mickeysurfschool.com\/ja\/terms-conditions\/","name":"\u30ef\u30a4\u30ad\u30ad\u306e\u6b74\u53f2\u3001\u6587\u5316\u3001\u30b5\u30fc\u30d5\u30a3\u30f3\u3001\u30ed\u30fc\u30ab\u30eb\u30e9\u30a4\u30d5","isPartOf":{"@id":"https:\/\/mickeysurfschool.com\/#website"},"primaryImageOfPage":{"@id":"https:\/\/mickeysurfschool.com\/ja\/terms-conditions\/#primaryimage"},"image":{"@id":"https:\/\/mickeysurfschool.com\/ja\/terms-conditions\/#primaryimage"},"thumbnailUrl":"https:\/\/mickeysurfschool.com\/wp-content\/uploads\/2026\/02\/waikiki-surfing-d.webp","datePublished":"2026-02-07T17:57:59+00:00","dateModified":"2026-02-16T02:27:38+00:00","description":"\u5358\u306a\u308b\u30ea\u30be\u30fc\u30c8\u5730\u3067\u306f\u306a\u304f\u3001\u751f\u6d3b\u570f\u3068\u3057\u3066\u306e\u30ef\u30a4\u30ad\u30ad\u3092\u63a2\u7d22\u3002\u30ef\u30a4\u30ad\u30ad\u306e\u6b74\u53f2\u3001\u6587\u5316\u3001\u65e5\u5e38\u751f\u6d3b\u3001\u305d\u3057\u3066\u306a\u305c\u30b5\u30fc\u30d5\u30a3\u30f3\u304c\u30ef\u30a4\u30ad\u30ad\u306e\u30a2\u30a4\u30c7\u30f3\u30c6\u30a3\u30c6\u30a3\u306e\u4e2d\u5fc3\u3067\u3042\u308a\u7d9a\u3051\u308b\u306e\u304b\u3002.","breadcrumb":{"@id":"https:\/\/mickeysurfschool.com\/ja\/terms-conditions\/#breadcrumb"},"inLanguage":"ja","potentialAction":[{"@type":"ReadAction","target":["https:\/\/mickeysurfschool.com\/ja\/terms-conditions\/"]}]},{"@type":"ImageObject","inLanguage":"ja","@id":"https:\/\/mickeysurfschool.com\/ja\/terms-conditions\/#primaryimage","url":"https:\/\/mickeysurfschool.com\/wp-content\/uploads\/2026\/02\/waikiki-surfing-d.webp","contentUrl":"https:\/\/mickeysurfschool.com\/wp-content\/uploads\/2026\/02\/waikiki-surfing-d.webp","width":2560,"height":1440},{"@type":"BreadcrumbList","@id":"https:\/\/mickeysurfschool.com\/ja\/terms-conditions\/#breadcrumb","itemListElement":[{"@type":"ListItem","position":1,"name":"Home","item":"https:\/\/mickeysurfschool.com\/"},{"@type":"ListItem","position":2,"name":"Terms &amp; Conditions","item":"https:\/\/mickeysurfschool.com\/ja\/"}]},{"@type":"WebSite","@id":"https:\/\/mickeysurfschool.com\/#website","url":"https:\/\/mickeysurfschool.com\/","name":"\u30df\u30c3\u30ad\u30fc\u30ba\u30fb\u30b5\u30fc\u30d5\u30fb\u30b9\u30af\u30fc\u30eb","description":"","publisher":{"@id":"https:\/\/mickeysurfschool.com\/#organization"},"inLanguage":"ja"},{"@type":"Organization","@id":"https:\/\/mickeysurfschool.com\/#organization","name":"\u30df\u30c3\u30ad\u30fc\u30ba\u30fb\u30b5\u30fc\u30d5\u30fb\u30b9\u30af\u30fc\u30eb","url":"https:\/\/mickeysurfschool.com\/","logo":{"@type":"ImageObject","inLanguage":"ja","@id":"https:\/\/mickeysurfschool.com\/#\/schema\/logo\/image\/","url":"https:\/\/mickeysurfschool.com\/wp-content\/uploads\/2025\/11\/mickey_surf_school_logo-black.svg","contentUrl":"https:\/\/mickeysurfschool.com\/wp-content\/uploads\/2025\/11\/mickey_surf_school_logo-black.svg","width":77,"height":80,"caption":"Mickeys Surf School"},"image":{"@id":"https:\/\/mickeysurfschool.com\/#\/schema\/logo\/image\/"},"sameAs":["https:\/\/www.facebook.com\/p\/Mickeys-surf-school-100081267286467\/","https:\/\/www.instagram.com\/mickeysurfschool\/?hl=en","https:\/\/www.tiktok.com\/@mickeysurfschool"]}]}},"_links":{"self":[{"href":"https:\/\/mickeysurfschool.com\/ja\/wp-json\/wp\/v2\/pages\/6577","targetHints":{"allow":["GET"]}}],"collection":[{"href":"https:\/\/mickeysurfschool.com\/ja\/wp-json\/wp\/v2\/pages"}],"about":[{"href":"https:\/\/mickeysurfschool.com\/ja\/wp-json\/wp\/v2\/types\/page"}],"author":[{"embeddable":true,"href":"https:\/\/mickeysurfschool.com\/ja\/wp-json\/wp\/v2\/users\/1"}],"replies":[{"embeddable":true,"href":"https:\/\/mickeysurfschool.com\/ja\/wp-json\/wp\/v2\/comments?post=6577"}],"version-history":[{"count":3,"href":"https:\/\/mickeysurfschool.com\/ja\/wp-json\/wp\/v2\/pages\/6577\/revisions"}],"predecessor-version":[{"id":6606,"href":"https:\/\/mickeysurfschool.com\/ja\/wp-json\/wp\/v2\/pages\/6577\/revisions\/6606"}],"wp:featuredmedia":[{"embeddable":true,"href":"https:\/\/mickeysurfschool.com\/ja\/wp-json\/wp\/v2\/media\/6421"}],"wp:attachment":[{"href":"https:\/\/mickeysurfschool.com\/ja\/wp-json\/wp\/v2\/media?parent=6577"}],"curies":[{"name":"wp","href":"https:\/\/api.w.org\/{rel}","templated":true}]}}