{"id":6576,"date":"2026-02-07T17:58:33","date_gmt":"2026-02-07T17:58:33","guid":{"rendered":"https:\/\/mickeysurfschool.com\/?page_id=6576"},"modified":"2026-02-16T02:28:01","modified_gmt":"2026-02-16T02:28:01","slug":"%e3%83%97%e3%83%a9%e3%82%a4%e3%83%90%e3%82%b7%e3%83%bc%e3%83%9d%e3%83%aa%e3%82%b7%e3%83%bc","status":"publish","type":"page","link":"https:\/\/mickeysurfschool.com\/ja\/privacy-policy\/","title":{"rendered":"\u30d7\u30e9\u30a4\u30d0\u30b7\u30fc\u30dd\u30ea\u30b7\u30fc"},"content":{"rendered":"<body>\n<div class=\"section-wrap\">\n<div class=\"section-inner\">\n<h1 class=\"wp-block-heading\"><strong>\u30d7\u30e9\u30a4\u30d0\u30b7\u30fc\u30dd\u30ea\u30b7\u30fc<\/strong><\/h1>\n\n\n\n<p><strong>\u767a\u52b9\u65e5<\/strong> 2026\u5e742\u67087\u65e5<\/p>\n\n\n\n<h2 class=\"wp-block-heading\"><strong>1.\u79c1\u305f\u3061\u3068\u306f<\/strong><\/h2>\n\n\n\n<p>\u30df\u30c3\u30ad\u30fc\u30ba\u30fb\u30b5\u30fc\u30d5\u30fb\u30b9\u30af\u30fc\u30eb<\/p>\n\n\n\n<p>\u904b\u55b6\u306f <strong>\u30de\u30a4\u30ab\u30fb\u30d4\u30a8\u30c9\u30d0\u30c1\u30a7<\/strong><\/p>\n\n\n\n<p>\u4f4f\u6240 <strong>2412 \u30b3\u30a2\u30fb\u30a2\u30d9\u30cb\u30e5\u30fc, \u30db\u30ce\u30eb\u30eb, HI 96815-3206<\/strong><\/p>\n\n\n\n<p>\u96fb\u8a71 <strong>808-218-5238<\/strong><\/p>\n\n\n\n<p>\u30a6\u30a7\u30d6\u30b5\u30a4\u30c8 <strong>https:\/\/mickeysurfschool.com<\/strong><\/p>\n\n\n\n<p>\u672c\u30d7\u30e9\u30a4\u30d0\u30b7\u30fc\u30dd\u30ea\u30b7\u30fc\u306f\u3001\u672c\u30a6\u30a7\u30d6\u30b5\u30a4\u30c8\u306e\u3059\u3079\u3066\u306e\u8a2a\u554f\u8005\u3001\u5229\u7528\u8005\u3001\u304a\u3088\u3073\u9867\u5ba2\u306b\u9069\u7528\u3055\u308c\u307e\u3059\u3002.<\/p>\n\n\n\n<hr class=\"wp-block-separator has-alpha-channel-opacity\">\n\n\n\n<h2 class=\"wp-block-heading\"><strong>2.\u5f53\u793e\u304c\u53ce\u96c6\u3059\u308b\u60c5\u5831<\/strong><\/h2>\n\n\n\n<h3 class=\"wp-block-heading\"><strong>a.\u4efb\u610f\u3067\u63d0\u4f9b\u3055\u308c\u305f\u60c5\u5831<\/strong><\/h3>\n\n\n\n<p>\u5f53\u793e\u306f\u3001\u4ee5\u4e0b\u306e\u5834\u5408\u306b\u500b\u4eba\u60c5\u5831\u3092\u53ce\u96c6\u3059\u308b\u3053\u3068\u304c\u3042\u308a\u307e\u3059\uff1a<\/p>\n\n\n\n<ul class=\"wp-block-list\">\n<li>\u30b3\u30f3\u30bf\u30af\u30c8\u30d5\u30a9\u30fc\u30e0\u3092\u9001\u4fe1\u3059\u308b<\/li>\n\n\n\n<li>\u4e88\u7d04\u30ea\u30af\u30a8\u30b9\u30c8\u3092\u9001\u4fe1\u3059\u308b<\/li>\n<\/ul>\n\n\n\n<p>\u3053\u306e\u60c5\u5831\u306b\u306f\u4ee5\u4e0b\u304c\u542b\u307e\u308c\u308b\uff1a<\/p>\n\n\n\n<ul class=\"wp-block-list\">\n<li>\u540d\u79f0<\/li>\n\n\n\n<li>\u30e1\u30fc\u30eb\u30a2\u30c9\u30ec\u30b9<\/li>\n\n\n\n<li>\u96fb\u8a71\u756a\u53f7<\/li>\n\n\n\n<li>\u4e88\u7d04\u306e\u8a73\u7d30\u307e\u305f\u306f\u9001\u4fe1\u3092\u9078\u629e\u3057\u305f\u30e1\u30c3\u30bb\u30fc\u30b8<\/li>\n<\/ul>\n\n\n\n<p>\u6211\u3005\u306f\u305d\u3046\u3059\u308b <strong>\u306a\u3044<\/strong> \u30a2\u30ab\u30a6\u30f3\u30c8\u4f5c\u6210\u304c\u5fc5\u8981\u3067\u3059\u3002.<\/p>\n\n\n\n<hr class=\"wp-block-separator has-alpha-channel-opacity\">\n\n\n\n<h3 class=\"wp-block-heading\"><strong>b.\u81ea\u52d5\u7684\u306b\u53ce\u96c6\u3055\u308c\u308b\u60c5\u5831<\/strong><\/h3>\n\n\n\n<p>\u533f\u540d\u5316\u3055\u308c\u305f\u9650\u5b9a\u7684\u306a\u5229\u7528\u30c7\u30fc\u30bf\u3092\u53ce\u96c6\u3057\u307e\u3059\u3002 <strong>\u30af\u30c3\u30ad\u30fc\u306e\u540c\u610f\u304c\u5f97\u3089\u308c\u305f\u5834\u5408\u306e\u307f<\/strong>, \u3092\u542b\u3080\uff1a<\/p>\n\n\n\n<ul class=\"wp-block-list\">\n<li>\u95b2\u89a7\u30da\u30fc\u30b8<\/li>\n\n\n\n<li>\u4e00\u822c\u7684\u306a\u6240\u5728\u5730\uff08\u56fd\u307e\u305f\u306f\u5730\u57df\u30ec\u30d9\u30eb\uff09<\/li>\n\n\n\n<li>\u30c7\u30d0\u30a4\u30b9\u3068\u30d6\u30e9\u30a6\u30b6\u306e\u7a2e\u985e<\/li>\n<\/ul>\n\n\n\n<p>\u3053\u306e\u30c7\u30fc\u30bf\u306f\u3001\u4ee5\u4e0b\u306e\u65b9\u6cd5\u3067\u53ce\u96c6\u3055\u308c\u308b\uff1a<\/p>\n\n\n\n<ul class=\"wp-block-list\">\n<li>\u30b0\u30fc\u30b0\u30eb\u30a2\u30ca\u30ea\u30c6\u30a3\u30af\u30b94<\/li>\n\n\n\n<li>Google\u30b5\u30fc\u30c1\u30b3\u30f3\u30bd\u30fc\u30eb<\/li>\n<\/ul>\n\n\n\n<p>\u660e\u793a\u7684\u306b\u540c\u610f\u304c\u5f97\u3089\u308c\u308b\u307e\u3067\u3001\u30a2\u30ca\u30ea\u30c6\u30a3\u30af\u30b9\u306f\u30ed\u30fc\u30c9\u3055\u308c\u307e\u305b\u3093\u3002.<\/p>\n\n\n\n<hr class=\"wp-block-separator has-alpha-channel-opacity\">\n\n\n\n<h2 class=\"wp-block-heading\"><strong>3.\u30af\u30c3\u30ad\u30fc\u3068\u540c\u610f<\/strong><\/h2>\n\n\n\n<p>\u30af\u30c3\u30ad\u30fc\u3092\u4f7f\u7528\u3057\u3066\u3044\u307e\u3059 <strong>\u30a2\u30ca\u30ea\u30c6\u30a3\u30af\u30b9\u3068\u57fa\u672c\u7684\u306a\u30b5\u30a4\u30c8\u6a5f\u80fd\u306e\u307f<\/strong>.<\/p>\n\n\n\n<ul class=\"wp-block-list\">\n<li>\u30a2\u30ca\u30ea\u30c6\u30a3\u30af\u30b9\u30fb\u30af\u30c3\u30ad\u30fc\u304c\u30ed\u30fc\u30c9\u3055\u308c\u308b <strong>\u5408\u683c\u5f8c\u306e\u307f<\/strong><\/li>\n\n\n\n<li>\u540c\u610f\u304c\u62d2\u5426\u3055\u308c\u305f\u5834\u5408\u3001\u30a2\u30ca\u30ea\u30c6\u30a3\u30af\u30b9\u306f\u30ed\u30fc\u30c9\u3055\u308c\u306a\u3044<\/li>\n\n\n\n<li>\u30de\u30fc\u30b1\u30c6\u30a3\u30f3\u30b0\u3001\u5e83\u544a\u3001\u30d7\u30ed\u30d5\u30a1\u30a4\u30ea\u30f3\u30b0\u306e\u30af\u30c3\u30ad\u30fc\u306f\u4f7f\u7528\u3057\u307e\u305b\u3093\u3002<\/li>\n<\/ul>\n\n\n\n<p>\u30d6\u30e9\u30a6\u30b6\u306e\u30af\u30c3\u30ad\u30fc\u3092\u30af\u30ea\u30a2\u3059\u308b\u3053\u3068\u3067\u3001\u540c\u610f\u3092\u5909\u66f4\u307e\u305f\u306f\u53d6\u308a\u6d88\u3059\u3053\u3068\u304c\u3067\u304d\u307e\u3059\u3002.<\/p>\n\n\n\n<hr class=\"wp-block-separator has-alpha-channel-opacity\">\n\n\n\n<h2 class=\"wp-block-heading\"><strong>4.\u60c5\u5831\u306e\u4f7f\u7528\u65b9\u6cd5<\/strong><\/h2>\n\n\n\n<p>\u5f53\u793e\u306f\u3001\u53ce\u96c6\u3057\u305f\u60c5\u5831\u3092\u4ee5\u4e0b\u306e\u76ee\u7684\u306e\u307f\u306b\u4f7f\u7528\u3057\u307e\u3059\uff1a<\/p>\n\n\n\n<ul class=\"wp-block-list\">\n<li>\u554f\u3044\u5408\u308f\u305b\u5bfe\u5fdc<\/li>\n\n\n\n<li>\u30ec\u30c3\u30b9\u30f3\u3084\u30ec\u30f3\u30bf\u30eb\u306e\u7533\u3057\u8fbc\u307f\u624b\u7d9a\u304d<\/li>\n\n\n\n<li>\u30a6\u30a7\u30d6\u30b5\u30a4\u30c8\u306e\u4f7f\u3044\u3084\u3059\u3055\u3068\u30d1\u30d5\u30a9\u30fc\u30de\u30f3\u30b9\u306e\u5411\u4e0a<\/li>\n\n\n\n<li>\u4e00\u822c\u7684\u306a\u4ea4\u901a\u30d1\u30bf\u30fc\u30f3\u3092\u7406\u89e3\u3059\u308b<\/li>\n<\/ul>\n\n\n\n<p>\u6211\u3005\u306f\u305d\u3046\u3059\u308b <strong>\u306a\u3044<\/strong> \u500b\u4eba\u30c7\u30fc\u30bf\u3092\u8ca9\u58f2\u3001\u8cb8\u4e0e\u3001\u53d6\u5f15\u3059\u308b\u3002.<\/p>\n\n\n\n<hr class=\"wp-block-separator has-alpha-channel-opacity\">\n\n\n\n<h2 class=\"wp-block-heading\"><strong>5.\u5916\u56fd\u4eba\u89b3\u5149\u5ba2<\/strong><\/h2>\n\n\n\n<p>\u30a2\u30e1\u30ea\u30ab\u56fd\u5916\u304b\u3089\u306e\u304a\u5ba2\u69d8\u3082\u53d7\u3051\u4ed8\u3051\u3066\u304a\u308a\u307e\u3059\u3002.<\/p>\n\n\n\n<p>\u6b27\u5dde\u9023\u5408\u307e\u305f\u306f\u82f1\u56fd\u306b\u304a\u4f4f\u307e\u3044\u306e\u5834\u5408\uff1a<\/p>\n\n\n\n<ul class=\"wp-block-list\">\n<li>\u304a\u5ba2\u69d8\u306e\u30c7\u30fc\u30bf\u306f\u3001\u4ee5\u4e0b\u306b\u57fa\u3065\u3044\u3066\u51e6\u7406\u3055\u308c\u307e\u3059\u3002 <strong>\u660e\u793a\u7684\u540c\u610f<\/strong><\/li>\n\n\n\n<li>\u304a\u5ba2\u69d8\u306f\u3001\u3054\u81ea\u8eab\u306e\u30c7\u30fc\u30bf\u3078\u306e\u30a2\u30af\u30bb\u30b9\u3001\u8a02\u6b63\u3001\u524a\u9664\u3092\u8981\u6c42\u3059\u308b\u3053\u3068\u304c\u3067\u304d\u307e\u3059\u3002<\/li>\n<\/ul>\n\n\n\n<p>\u30ea\u30af\u30a8\u30b9\u30c8\u306f\u4e0a\u8a18\u306e\u9023\u7d61\u5148\u304b\u3089\u884c\u3046\u3053\u3068\u304c\u3067\u304d\u308b\u3002.<\/p>\n\n\n\n<hr class=\"wp-block-separator has-alpha-channel-opacity\">\n\n\n\n<h2 class=\"wp-block-heading\"><strong>6.\u30c7\u30fc\u30bf\u4fdd\u6301<\/strong><\/h2>\n\n\n\n<p>\u5f53\u793e\u306f\u3001\u4ee5\u4e0b\u306e\u76ee\u7684\u306e\u305f\u3081\u306b\u5fc5\u8981\u306a\u5834\u5408\u306b\u9650\u308a\u3001\u500b\u4eba\u60c5\u5831\u3092\u4fdd\u6301\u3057\u307e\u3059\uff1a<\/p>\n\n\n\n<ul class=\"wp-block-list\">\n<li>\u53ce\u96c6\u3055\u308c\u305f\u76ee\u7684\u3092\u679c\u305f\u3059\u3053\u3068<\/li>\n\n\n\n<li>\u6cd5\u7684\u307e\u305f\u306f\u904b\u55b6\u4e0a\u306e\u8981\u4ef6\u3092\u6e80\u305f\u3059<\/li>\n<\/ul>\n\n\n\n<p>\u30a2\u30ca\u30ea\u30c6\u30a3\u30af\u30b9\u30c7\u30fc\u30bf\u306f\u3001Google\u30a2\u30ca\u30ea\u30c6\u30a3\u30af\u30b9\u306e\u4fdd\u6301\u8a2d\u5b9a\u306b\u5f93\u3063\u3066\u4fdd\u6301\u3055\u308c\u307e\u3059\u3002.<\/p>\n\n\n\n<hr class=\"wp-block-separator has-alpha-channel-opacity\">\n\n\n\n<h2 class=\"wp-block-heading\"><strong>7.\u30c7\u30fc\u30bf\u30bb\u30ad\u30e5\u30ea\u30c6\u30a3<\/strong><\/h2>\n\n\n\n<p>\u5f53\u793e\u306f\u3001\u500b\u4eba\u60c5\u5831\u3092\u4fdd\u8b77\u3059\u308b\u305f\u3081\u306b\u3001\u5408\u7406\u7684\u306a\u6280\u8853\u7684\u304a\u3088\u3073\u7d44\u7e54\u7684\u65bd\u7b56\u3092\u5b9f\u65bd\u3057\u307e\u3059\u3002.<\/p>\n\n\n\n<p>\u3057\u304b\u3057\u3001\u30a4\u30f3\u30bf\u30fc\u30cd\u30c3\u30c8\u3092\u4ecb\u3057\u305f\u4f1d\u9001\u306f\u3001\u3069\u306e\u3088\u3046\u306a\u65b9\u6cd5\u3067\u3082\u5b8c\u5168\u306b\u5b89\u5168\u3068\u306f\u8a00\u3044\u5207\u308c\u306a\u3044\u3002.<\/p>\n\n\n\n<hr class=\"wp-block-separator has-alpha-channel-opacity\">\n\n\n\n<h2 class=\"wp-block-heading\"><strong>8.\u5b50\u4f9b\u305f\u3061<\/strong><\/h2>\n\n\n\n<p>\u304c\u3042\u308b\u3002 <strong>\u5e74\u9f62\u5236\u9650\u306a\u3057<\/strong> \u30ec\u30c3\u30b9\u30f3\u306e\u305f\u3081\u306b\u3002.<\/p>\n\n\n\n<p>\u5f53\u793e\u306f\u3001\u89aa\u307e\u305f\u306f\u4fdd\u8b77\u8005\u306e\u95a2\u4e0e\u306a\u3057\u306b\u3001\u6545\u610f\u306b\u5150\u7ae5\u304b\u3089\u500b\u4eba\u30c7\u30fc\u30bf\u3092\u53ce\u96c6\u3059\u308b\u3053\u3068\u306f\u3042\u308a\u307e\u305b\u3093\u3002.<\/p>\n\n\n\n<hr class=\"wp-block-separator has-alpha-channel-opacity\">\n\n\n\n<h2 class=\"wp-block-heading\"><strong>9.\u7b2c\u4e09\u8005\u30b5\u30fc\u30d3\u30b9<\/strong><\/h2>\n\n\n\n<p>\u5f53\u793e\u306f\u3001\u672c\u30b5\u30a4\u30c8\u306e\u904b\u55b6\u306b\u5fc5\u8981\u306a\u5834\u5408\u306b\u9650\u308a\u3001\u7b2c\u4e09\u8005\u30b5\u30fc\u30d3\u30b9\u3092\u5229\u7528\u3057\u307e\u3059\uff1a<\/p>\n\n\n\n<ul class=\"wp-block-list\">\n<li>\u30b0\u30fc\u30b0\u30eb\u30fb\u30a2\u30ca\u30ea\u30c6\u30a3\u30af\u30b9<\/li>\n\n\n\n<li>Google\u30b5\u30fc\u30c1\u30b3\u30f3\u30bd\u30fc\u30eb<\/li>\n\n\n\n<li>\u30a6\u30a7\u30d6\u30db\u30b9\u30c6\u30a3\u30f3\u30b0\u30d7\u30ed\u30d0\u30a4\u30c0\u30fc<\/li>\n<\/ul>\n\n\n\n<p>\u3053\u308c\u3089\u306e\u30b5\u30fc\u30d3\u30b9\u306f\u3001\u305d\u308c\u305e\u308c\u306e\u30d7\u30e9\u30a4\u30d0\u30b7\u30fc\u30dd\u30ea\u30b7\u30fc\u306b\u5f93\u3063\u3066\u30c7\u30fc\u30bf\u3092\u51e6\u7406\u3059\u308b\u5834\u5408\u304c\u3042\u308a\u307e\u3059\u3002.<\/p>\n\n\n\n<hr class=\"wp-block-separator has-alpha-channel-opacity\">\n\n\n\n<h2 class=\"wp-block-heading\"><strong>10.\u3042\u306a\u305f\u306e\u6a29\u5229<\/strong><\/h2>\n\n\n\n<p>\u304a\u4f4f\u307e\u3044\u306e\u5730\u57df\u306b\u3088\u3063\u3066\u306f\u3001\u4ee5\u4e0b\u306e\u6a29\u5229\u304c\u3042\u308a\u307e\u3059\uff1a<\/p>\n\n\n\n<ul class=\"wp-block-list\">\n<li>\u500b\u4eba\u30c7\u30fc\u30bf\u3078\u306e\u30a2\u30af\u30bb\u30b9<\/li>\n\n\n\n<li>\u8a02\u6b63\u307e\u305f\u306f\u524a\u9664\u306e\u8981\u6c42<\/li>\n\n\n\n<li>\u540c\u610f\u306e\u64a4\u56de<\/li>\n<\/ul>\n\n\n\n<p>\u30ea\u30af\u30a8\u30b9\u30c8\u306f\u76f4\u63a5\u304a\u554f\u3044\u5408\u308f\u305b\u304f\u3060\u3055\u3044\u3002.<\/p>\n\n\n\n<hr class=\"wp-block-separator has-alpha-channel-opacity\">\n\n\n\n<h2 class=\"wp-block-heading\"><strong>11.\u672c\u30dd\u30ea\u30b7\u30fc\u306e\u5909\u66f4<\/strong><\/h2>\n\n\n\n<p>\u672c\u65b9\u91dd\u306f\u3044\u3064\u3067\u3082\u66f4\u65b0\u3055\u308c\u308b\u53ef\u80fd\u6027\u304c\u3042\u308a\u307e\u3059\u3002.<\/p>\n\n\n\n<p>\u672c\u30b5\u30a4\u30c8\u306e\u7d99\u7d9a\u7684\u306a\u5229\u7528\u306f\u3001\u6539\u8a02\u3055\u308c\u305f\u30dd\u30ea\u30b7\u30fc\u306b\u540c\u610f\u3057\u305f\u3082\u306e\u3068\u307f\u306a\u3055\u308c\u307e\u3059\u3002.<\/p>\n\n\n\n<hr class=\"wp-block-separator has-alpha-channel-opacity\">\n\n\n\n<h2 class=\"wp-block-heading\"><strong>12.\u9023\u7d61\u5148<\/strong><\/h2>\n\n\n\n<p>\u30d7\u30e9\u30a4\u30d0\u30b7\u30fc\u306b\u95a2\u3059\u308b\u304a\u554f\u3044\u5408\u308f\u305b<\/p>\n\n\n\n<p>\u30de\u30a4\u30ab\u30fb\u30d4\u30a8\u30c9\u30d0\u30c1\u30a7<\/p>\n\n\n\n<p>2412 \u30b3\u30a2\u30fb\u30a2\u30d9\u30cb\u30e5\u30fc<\/p>\n\n\n\n<p>\u30db\u30ce\u30eb\u30eb, HI 96815-3206<\/p>\n\n\n\n<p>\u96fb\u8a71\uff1a808-218-5238<\/p>\n\n\n\n<hr class=\"wp-block-separator has-alpha-channel-opacity\">\n<\/div>\n<\/div>\n<\/body>","protected":false},"excerpt":{"rendered":"<p>\u30d7\u30e9\u30a4\u30d0\u30b7\u30fc\u30dd\u30ea\u30b7\u30fc \u65bd\u884c\u65e5\uff1a2026\u5e742\u67087\u65e5 1. \u4f1a\u793e\u6982\u8981 Mickey\u2019s Surf School \u904b\u55b6\u8005\uff1aMicah Piedvache \u4f4f\u6240\uff1a2412 Koa Ave, Honolulu, HI 96815-3206 \u96fb\u8a71\u756a\u53f7\uff1a808-218-5238 \u30a6\u30a7\u30d6\u30b5\u30a4\u30c8\uff1ahttps:\/\/mickeysurfschool.com \u3053\u306e\u30d7\u30e9\u30a4\u30d0\u30b7\u30fc\u30dd\u30ea\u30b7\u30fc\u306f\u3001\u672c\u30a6\u30a7\u30d6\u30b5\u30a4\u30c8\u3078\u306e\u3059\u3079\u3066\u306e\u8a2a\u554f\u8005\u3001\u30e6\u30fc\u30b6\u30fc\u3001\u304a\u3088\u3073\u304a\u5ba2\u69d8\u306b\u9069\u7528\u3055\u308c\u307e\u3059\u3002 2. \u53ce\u96c6\u3059\u308b\u60c5\u5831 a. \u4efb\u610f\u3067\u63d0\u4f9b\u3055\u308c\u305f\u60c5\u5831 \u5f53\u793e\u306f\u3001\u500b\u4eba\u60c5\u5831\u3092\u53ce\u96c6\u3059\u308b\u5834\u5408\u304c\u3042\u308a\u307e\u3059\u2026 <a title=\"\u30d7\u30e9\u30a4\u30d0\u30b7\u30fc\u30dd\u30ea\u30b7\u30fc\" class=\"read-more\" href=\"https:\/\/mickeysurfschool.com\/ja\/privacy-policy\/\" aria-label=\"\u30d7\u30e9\u30a4\u30d0\u30b7\u30fc\u30dd\u30ea\u30b7\u30fc\u306b\u3064\u3044\u3066\u3055\u3089\u306b\u8aad\u3080\">\u3082\u3063\u3068\u8aad\u3080<\/a><\/p>","protected":false},"author":1,"featured_media":6421,"parent":0,"menu_order":0,"comment_status":"closed","ping_status":"closed","template":"","meta":{"_acf_changed":false,"nf_dc_page":"","footnotes":""},"class_list":["post-6576","page","type-page","status-publish","has-post-thumbnail"],"acf":{"hero_image_mobile":6420,"keyword_data":""},"yoast_head":"<title>Waik\u012bk\u012b History, Culture, Surfing &amp; Local Life<\/title>\n<meta name=\"description\" content=\"Explore Waik\u012bk\u012b as a living neighborhood, not just a resort. Learn its history, cultural layers, daily life, and why surfing remains central to Waik\u012bk\u012b\u2019s identity.\" \/>\n<meta name=\"robots\" content=\"noindex, follow\" \/>\n<meta property=\"og:locale\" content=\"ja_JP\" \/>\n<meta property=\"og:type\" content=\"article\" \/>\n<meta property=\"og:title\" content=\"Waik\u012bk\u012b History, Culture, Surfing &amp; Local Life\" \/>\n<meta property=\"og:description\" content=\"Explore Waik\u012bk\u012b as a living neighborhood, not just a resort. Learn its history, cultural layers, daily life, and why surfing remains central to Waik\u012bk\u012b\u2019s identity.\" \/>\n<meta property=\"og:url\" content=\"https:\/\/mickeysurfschool.com\/ja\/\u30ef\u30a4\u30ad\u30ad\/\" \/>\n<meta property=\"og:site_name\" content=\"Mickey&#039;s Surf School\" \/>\n<meta property=\"article:publisher\" content=\"https:\/\/www.facebook.com\/p\/Mickeys-surf-school-100081267286467\/\" \/>\n<meta property=\"article:modified_time\" content=\"2026-02-16T02:28:01+00:00\" \/>\n<meta property=\"og:image\" content=\"https:\/\/mickeysurfschool.com\/wp-content\/uploads\/2026\/02\/waikiki-surfing-d.webp\" \/>\n\t<meta property=\"og:image:width\" content=\"2560\" \/>\n\t<meta property=\"og:image:height\" content=\"1440\" \/>\n\t<meta property=\"og:image:type\" content=\"image\/webp\" \/>\n<meta name=\"twitter:card\" content=\"summary_large_image\" \/>\n<meta name=\"twitter:label1\" content=\"\u63a8\u5b9a\u8aad\u307f\u53d6\u308a\u6642\u9593\" \/>\n\t<meta name=\"twitter:data1\" content=\"3\u5206\" \/>\n<script type=\"application\/ld+json\" class=\"yoast-schema-graph\">{\"@context\":\"https:\\\/\\\/schema.org\",\"@graph\":[{\"@type\":\"WebPage\",\"@id\":\"https:\\\/\\\/mickeysurfschool.com\\\/ja\\\/privacy-policy\\\/\",\"url\":\"https:\\\/\\\/mickeysurfschool.com\\\/ja\\\/privacy-policy\\\/\",\"name\":\"Waik\u012bk\u012b History, Culture, Surfing & Local Life\",\"isPartOf\":{\"@id\":\"https:\\\/\\\/mickeysurfschool.com\\\/#website\"},\"primaryImageOfPage\":{\"@id\":\"https:\\\/\\\/mickeysurfschool.com\\\/ja\\\/privacy-policy\\\/#primaryimage\"},\"image\":{\"@id\":\"https:\\\/\\\/mickeysurfschool.com\\\/ja\\\/privacy-policy\\\/#primaryimage\"},\"thumbnailUrl\":\"https:\\\/\\\/mickeysurfschool.com\\\/wp-content\\\/uploads\\\/2026\\\/02\\\/waikiki-surfing-d.webp\",\"datePublished\":\"2026-02-07T17:58:33+00:00\",\"dateModified\":\"2026-02-16T02:28:01+00:00\",\"description\":\"Explore Waik\u012bk\u012b as a living neighborhood, not just a resort. Learn its history, cultural layers, daily life, and why surfing remains central to Waik\u012bk\u012b\u2019s identity.\",\"breadcrumb\":{\"@id\":\"https:\\\/\\\/mickeysurfschool.com\\\/ja\\\/privacy-policy\\\/#breadcrumb\"},\"inLanguage\":\"ja\",\"potentialAction\":[{\"@type\":\"ReadAction\",\"target\":[\"https:\\\/\\\/mickeysurfschool.com\\\/ja\\\/privacy-policy\\\/\"]}]},{\"@type\":\"ImageObject\",\"inLanguage\":\"ja\",\"@id\":\"https:\\\/\\\/mickeysurfschool.com\\\/ja\\\/privacy-policy\\\/#primaryimage\",\"url\":\"https:\\\/\\\/mickeysurfschool.com\\\/wp-content\\\/uploads\\\/2026\\\/02\\\/waikiki-surfing-d.webp\",\"contentUrl\":\"https:\\\/\\\/mickeysurfschool.com\\\/wp-content\\\/uploads\\\/2026\\\/02\\\/waikiki-surfing-d.webp\",\"width\":2560,\"height\":1440},{\"@type\":\"BreadcrumbList\",\"@id\":\"https:\\\/\\\/mickeysurfschool.com\\\/ja\\\/privacy-policy\\\/#breadcrumb\",\"itemListElement\":[{\"@type\":\"ListItem\",\"position\":1,\"name\":\"Home\",\"item\":\"https:\\\/\\\/mickeysurfschool.com\\\/\"},{\"@type\":\"ListItem\",\"position\":2,\"name\":\"Privacy Policy\",\"item\":\"https:\\\/\\\/mickeysurfschool.com\\\/ja\\\/\"}]},{\"@type\":\"WebSite\",\"@id\":\"https:\\\/\\\/mickeysurfschool.com\\\/#website\",\"url\":\"https:\\\/\\\/mickeysurfschool.com\\\/\",\"name\":\"Mickeys Surf School\",\"description\":\"\",\"publisher\":{\"@id\":\"https:\\\/\\\/mickeysurfschool.com\\\/#organization\"},\"inLanguage\":\"ja\"},{\"@type\":\"Organization\",\"@id\":\"https:\\\/\\\/mickeysurfschool.com\\\/#organization\",\"name\":\"Mickeys Surf School\",\"url\":\"https:\\\/\\\/mickeysurfschool.com\\\/\",\"logo\":{\"@type\":\"ImageObject\",\"inLanguage\":\"ja\",\"@id\":\"https:\\\/\\\/mickeysurfschool.com\\\/#\\\/schema\\\/logo\\\/image\\\/\",\"url\":\"https:\\\/\\\/mickeysurfschool.com\\\/wp-content\\\/uploads\\\/2025\\\/11\\\/mickey_surf_school_logo-black.svg\",\"contentUrl\":\"https:\\\/\\\/mickeysurfschool.com\\\/wp-content\\\/uploads\\\/2025\\\/11\\\/mickey_surf_school_logo-black.svg\",\"width\":77,\"height\":80,\"caption\":\"Mickeys Surf School\"},\"image\":{\"@id\":\"https:\\\/\\\/mickeysurfschool.com\\\/#\\\/schema\\\/logo\\\/image\\\/\"},\"sameAs\":[\"https:\\\/\\\/www.facebook.com\\\/p\\\/Mickeys-surf-school-100081267286467\\\/\",\"https:\\\/\\\/www.instagram.com\\\/mickeysurfschool\\\/?hl=en\",\"https:\\\/\\\/www.tiktok.com\\\/@mickeysurfschool\"]}]}<\/script>","yoast_head_json":{"title":"\u30ef\u30a4\u30ad\u30ad\u306e\u6b74\u53f2\u3001\u6587\u5316\u3001\u30b5\u30fc\u30d5\u30a3\u30f3\u3001\u30ed\u30fc\u30ab\u30eb\u30e9\u30a4\u30d5","description":"\u5358\u306a\u308b\u30ea\u30be\u30fc\u30c8\u5730\u3067\u306f\u306a\u304f\u3001\u751f\u6d3b\u570f\u3068\u3057\u3066\u306e\u30ef\u30a4\u30ad\u30ad\u3092\u63a2\u7d22\u3002\u30ef\u30a4\u30ad\u30ad\u306e\u6b74\u53f2\u3001\u6587\u5316\u3001\u65e5\u5e38\u751f\u6d3b\u3001\u305d\u3057\u3066\u306a\u305c\u30b5\u30fc\u30d5\u30a3\u30f3\u304c\u30ef\u30a4\u30ad\u30ad\u306e\u30a2\u30a4\u30c7\u30f3\u30c6\u30a3\u30c6\u30a3\u306e\u4e2d\u5fc3\u3067\u3042\u308a\u7d9a\u3051\u308b\u306e\u304b\u3002.","robots":{"index":"noindex","follow":"follow"},"og_locale":"ja_JP","og_type":"article","og_title":"Waik\u012bk\u012b History, Culture, Surfing & Local Life","og_description":"Explore Waik\u012bk\u012b as a living neighborhood, not just a resort. Learn its history, cultural layers, daily life, and why surfing remains central to Waik\u012bk\u012b\u2019s identity.","og_url":"https:\/\/mickeysurfschool.com\/ja\/\u30ef\u30a4\u30ad\u30ad\/","og_site_name":"Mickey&#039;s Surf School","article_publisher":"https:\/\/www.facebook.com\/p\/Mickeys-surf-school-100081267286467\/","article_modified_time":"2026-02-16T02:28:01+00:00","og_image":[{"width":2560,"height":1440,"url":"https:\/\/mickeysurfschool.com\/wp-content\/uploads\/2026\/02\/waikiki-surfing-d.webp","type":"image\/webp"}],"twitter_card":"summary_large_image","twitter_misc":{"\u63a8\u5b9a\u8aad\u307f\u53d6\u308a\u6642\u9593":"3\u5206"},"schema":{"@context":"https:\/\/schema.org","@graph":[{"@type":"WebPage","@id":"https:\/\/mickeysurfschool.com\/ja\/privacy-policy\/","url":"https:\/\/mickeysurfschool.com\/ja\/privacy-policy\/","name":"\u30ef\u30a4\u30ad\u30ad\u306e\u6b74\u53f2\u3001\u6587\u5316\u3001\u30b5\u30fc\u30d5\u30a3\u30f3\u3001\u30ed\u30fc\u30ab\u30eb\u30e9\u30a4\u30d5","isPartOf":{"@id":"https:\/\/mickeysurfschool.com\/#website"},"primaryImageOfPage":{"@id":"https:\/\/mickeysurfschool.com\/ja\/privacy-policy\/#primaryimage"},"image":{"@id":"https:\/\/mickeysurfschool.com\/ja\/privacy-policy\/#primaryimage"},"thumbnailUrl":"https:\/\/mickeysurfschool.com\/wp-content\/uploads\/2026\/02\/waikiki-surfing-d.webp","datePublished":"2026-02-07T17:58:33+00:00","dateModified":"2026-02-16T02:28:01+00:00","description":"\u5358\u306a\u308b\u30ea\u30be\u30fc\u30c8\u5730\u3067\u306f\u306a\u304f\u3001\u751f\u6d3b\u570f\u3068\u3057\u3066\u306e\u30ef\u30a4\u30ad\u30ad\u3092\u63a2\u7d22\u3002\u30ef\u30a4\u30ad\u30ad\u306e\u6b74\u53f2\u3001\u6587\u5316\u3001\u65e5\u5e38\u751f\u6d3b\u3001\u305d\u3057\u3066\u306a\u305c\u30b5\u30fc\u30d5\u30a3\u30f3\u304c\u30ef\u30a4\u30ad\u30ad\u306e\u30a2\u30a4\u30c7\u30f3\u30c6\u30a3\u30c6\u30a3\u306e\u4e2d\u5fc3\u3067\u3042\u308a\u7d9a\u3051\u308b\u306e\u304b\u3002.","breadcrumb":{"@id":"https:\/\/mickeysurfschool.com\/ja\/privacy-policy\/#breadcrumb"},"inLanguage":"ja","potentialAction":[{"@type":"ReadAction","target":["https:\/\/mickeysurfschool.com\/ja\/privacy-policy\/"]}]},{"@type":"ImageObject","inLanguage":"ja","@id":"https:\/\/mickeysurfschool.com\/ja\/privacy-policy\/#primaryimage","url":"https:\/\/mickeysurfschool.com\/wp-content\/uploads\/2026\/02\/waikiki-surfing-d.webp","contentUrl":"https:\/\/mickeysurfschool.com\/wp-content\/uploads\/2026\/02\/waikiki-surfing-d.webp","width":2560,"height":1440},{"@type":"BreadcrumbList","@id":"https:\/\/mickeysurfschool.com\/ja\/privacy-policy\/#breadcrumb","itemListElement":[{"@type":"ListItem","position":1,"name":"Home","item":"https:\/\/mickeysurfschool.com\/"},{"@type":"ListItem","position":2,"name":"Privacy Policy","item":"https:\/\/mickeysurfschool.com\/ja\/"}]},{"@type":"WebSite","@id":"https:\/\/mickeysurfschool.com\/#website","url":"https:\/\/mickeysurfschool.com\/","name":"\u30df\u30c3\u30ad\u30fc\u30ba\u30fb\u30b5\u30fc\u30d5\u30fb\u30b9\u30af\u30fc\u30eb","description":"","publisher":{"@id":"https:\/\/mickeysurfschool.com\/#organization"},"inLanguage":"ja"},{"@type":"Organization","@id":"https:\/\/mickeysurfschool.com\/#organization","name":"\u30df\u30c3\u30ad\u30fc\u30ba\u30fb\u30b5\u30fc\u30d5\u30fb\u30b9\u30af\u30fc\u30eb","url":"https:\/\/mickeysurfschool.com\/","logo":{"@type":"ImageObject","inLanguage":"ja","@id":"https:\/\/mickeysurfschool.com\/#\/schema\/logo\/image\/","url":"https:\/\/mickeysurfschool.com\/wp-content\/uploads\/2025\/11\/mickey_surf_school_logo-black.svg","contentUrl":"https:\/\/mickeysurfschool.com\/wp-content\/uploads\/2025\/11\/mickey_surf_school_logo-black.svg","width":77,"height":80,"caption":"Mickeys Surf School"},"image":{"@id":"https:\/\/mickeysurfschool.com\/#\/schema\/logo\/image\/"},"sameAs":["https:\/\/www.facebook.com\/p\/Mickeys-surf-school-100081267286467\/","https:\/\/www.instagram.com\/mickeysurfschool\/?hl=en","https:\/\/www.tiktok.com\/@mickeysurfschool"]}]}},"_links":{"self":[{"href":"https:\/\/mickeysurfschool.com\/ja\/wp-json\/wp\/v2\/pages\/6576","targetHints":{"allow":["GET"]}}],"collection":[{"href":"https:\/\/mickeysurfschool.com\/ja\/wp-json\/wp\/v2\/pages"}],"about":[{"href":"https:\/\/mickeysurfschool.com\/ja\/wp-json\/wp\/v2\/types\/page"}],"author":[{"embeddable":true,"href":"https:\/\/mickeysurfschool.com\/ja\/wp-json\/wp\/v2\/users\/1"}],"replies":[{"embeddable":true,"href":"https:\/\/mickeysurfschool.com\/ja\/wp-json\/wp\/v2\/comments?post=6576"}],"version-history":[{"count":3,"href":"https:\/\/mickeysurfschool.com\/ja\/wp-json\/wp\/v2\/pages\/6576\/revisions"}],"predecessor-version":[{"id":6605,"href":"https:\/\/mickeysurfschool.com\/ja\/wp-json\/wp\/v2\/pages\/6576\/revisions\/6605"}],"wp:featuredmedia":[{"embeddable":true,"href":"https:\/\/mickeysurfschool.com\/ja\/wp-json\/wp\/v2\/media\/6421"}],"wp:attachment":[{"href":"https:\/\/mickeysurfschool.com\/ja\/wp-json\/wp\/v2\/media?parent=6576"}],"curies":[{"name":"wp","href":"https:\/\/api.w.org\/{rel}","templated":true}]}}